{"id":11446,"date":"2024-11-28T15:09:32","date_gmt":"2024-11-28T15:09:32","guid":{"rendered":"https:\/\/mo-mo.gr\/product\/%ce%b2%ce%b5%ce%bd%cf%84%ce%ac%ce%bb%ce%b9%ce%b1-shiro-kaze-sensu\/"},"modified":"2025-12-09T15:38:04","modified_gmt":"2025-12-09T13:38:04","slug":"%ce%b2%ce%b5%ce%bd%cf%84%ce%ac%ce%bb%ce%b9%ce%b1-shiro-kaze-sensu","status":"publish","type":"product","link":"https:\/\/mo-mo.gr\/es\/\u03c0\u03c1\u03bf\u03ca\u03cc\u03bd\u03c4\u03b1\/%ce%b2%ce%b5%ce%bd%cf%84%ce%ac%ce%bb%ce%b9%ce%b1-shiro-kaze-sensu\/","title":{"rendered":"Fan Shiro Kaze Sensu"},"content":{"rendered":"<p>&nbsp;<\/p>\n<p>El **Shiro Kaze** es un excepcional abanico japon\u00e9s que combina sencillez y elegancia. Fabricado en madera natural y papel blanco de alta calidad, desprende una est\u00e9tica atemporal que refleja la pureza y la tranquilidad de la tradici\u00f3n japonesa.<\/p>\n<p>Los detalles de su construcci\u00f3n muestran la artesan\u00eda japonesa, mientras que su superficie blanca evoca la suave luz de la luna. Shiro Kaze es ligero, pr\u00e1ctico e ideal para el uso diario o como elemento decorativo que a\u00f1ade un toque de elegancia japonesa a tu espacio.<\/p>\n<p>Una elecci\u00f3n que combina funcionalidad y tradici\u00f3n, el Shiro Kaze es el complemento perfecto para los amantes de la cultura japonesa o un regalo especial para ocasiones especiales.<\/p>","protected":false},"excerpt":{"rendered":"<p>&nbsp; \u0397 **Shiro Kaze** \u03b5\u03af\u03bd\u03b1\u03b9 \u03bc\u03b9\u03b1 \u03b5\u03be\u03b1\u03b9\u03c1\u03b5\u03c4\u03b9\u03ba\u03ae \u03b9\u03b1\u03c0\u03c9\u03bd\u03b9\u03ba\u03ae \u03b2\u03b5\u03bd\u03c4\u03ac\u03bb\u03b9\u03b1 \u03c0\u03bf\u03c5 \u03c3\u03c5\u03bd\u03b4\u03c5\u03ac\u03b6\u03b5\u03b9 \u03c4\u03b7\u03bd \u03b1\u03c0\u03bb\u03cc\u03c4\u03b7\u03c4\u03b1 \u03ba\u03b1\u03b9 \u03c4\u03b7\u03bd \u03ba\u03bf\u03bc\u03c8\u03cc\u03c4\u03b7\u03c4\u03b1. \u039a\u03b1\u03c4\u03b1\u03c3\u03ba\u03b5\u03c5\u03b1\u03c3\u03bc\u03ad\u03bd\u03b7 \u03b1\u03c0\u03cc \u03c6\u03c5\u03c3\u03b9\u03ba\u03cc \u03be\u03cd\u03bb\u03bf \u03ba\u03b1\u03b9 \u03c5\u03c8\u03b7\u03bb\u03ae\u03c2 \u03c0\u03bf\u03b9\u03cc\u03c4\u03b7\u03c4\u03b1\u03c2 \u03bb\u03b5\u03c5\u03ba\u03cc \u03c7\u03b1\u03c1\u03c4\u03af, \u03b1\u03c0\u03bf\u03c0\u03bd\u03ad\u03b5\u03b9 \u03bc\u03b9\u03b1 \u03b4\u03b9\u03b1\u03c7\u03c1\u03bf\u03bd\u03b9\u03ba\u03ae \u03b1\u03b9\u03c3\u03b8\u03b7\u03c4\u03b9\u03ba\u03ae \u03c0\u03bf\u03c5 \u03b1\u03bd\u03c4\u03b9\u03ba\u03b1\u03c4\u03bf\u03c0\u03c4\u03c1\u03af\u03b6\u03b5\u03b9 \u03c4\u03b7\u03bd \u03b1\u03b3\u03bd\u03cc\u03c4\u03b7\u03c4\u03b1 \u03ba\u03b1\u03b9 \u03c4\u03b7\u03bd \u03b7\u03c1\u03b5\u03bc\u03af\u03b1 \u03c4\u03b7\u03c2 \u03b9\u03b1\u03c0\u03c9\u03bd\u03b9\u03ba\u03ae\u03c2 \u03c0\u03b1\u03c1\u03ac\u03b4\u03bf\u03c3\u03b7\u03c2. \u039f\u03b9 \u03bb\u03b5\u03c0\u03c4\u03bf\u03bc\u03ad\u03c1\u03b5\u03b9\u03b5\u03c2 \u03c4\u03b7\u03c2 \u03ba\u03b1\u03c4\u03b1\u03c3\u03ba\u03b5\u03c5\u03ae\u03c2 \u03c4\u03b7\u03c2 \u03b1\u03bd\u03b1\u03b4\u03b5\u03b9\u03ba\u03bd\u03cd\u03bf\u03c5\u03bd \u03c4\u03b7 \u03b4\u03b5\u03be\u03b9\u03bf\u03c4\u03b5\u03c7\u03bd\u03af\u03b1 \u03c4\u03b7\u03c2 \u03b9\u03b1\u03c0\u03c9\u03bd\u03b9\u03ba\u03ae\u03c2 \u03c7\u03b5\u03b9\u03c1\u03bf\u03c4\u03b5\u03c7\u03bd\u03af\u03b1\u03c2, \u03b5\u03bd\u03ce \u03b7 \u03bb\u03b5\u03c5\u03ba\u03ae \u03c4\u03b7\u03c2 \u03b5\u03c0\u03b9\u03c6\u03ac\u03bd\u03b5\u03b9\u03b1 [&hellip;]<\/p>\n","protected":false},"featured_media":12586,"comment_status":"open","ping_status":"closed","template":"","meta":{"_gspb_post_css":""},"product_brand":[],"product_cat":[74,71],"product_tag":[],"class_list":{"0":"post-11446","1":"product","2":"type-product","3":"status-publish","4":"has-post-thumbnail","6":"product_cat-new","7":"product_cat-71","9":"first","10":"outofstock","11":"taxable","12":"shipping-taxable","13":"purchasable","14":"product-type-simple"},"_links":{"self":[{"href":"https:\/\/mo-mo.gr\/es\/wp-json\/wp\/v2\/product\/11446","targetHints":{"allow":["GET"]}}],"collection":[{"href":"https:\/\/mo-mo.gr\/es\/wp-json\/wp\/v2\/product"}],"about":[{"href":"https:\/\/mo-mo.gr\/es\/wp-json\/wp\/v2\/types\/product"}],"replies":[{"embeddable":true,"href":"https:\/\/mo-mo.gr\/es\/wp-json\/wp\/v2\/comments?post=11446"}],"wp:featuredmedia":[{"embeddable":true,"href":"https:\/\/mo-mo.gr\/es\/wp-json\/wp\/v2\/media\/12586"}],"wp:attachment":[{"href":"https:\/\/mo-mo.gr\/es\/wp-json\/wp\/v2\/media?parent=11446"}],"wp:term":[{"taxonomy":"product_brand","embeddable":true,"href":"https:\/\/mo-mo.gr\/es\/wp-json\/wp\/v2\/product_brand?post=11446"},{"taxonomy":"product_cat","embeddable":true,"href":"https:\/\/mo-mo.gr\/es\/wp-json\/wp\/v2\/product_cat?post=11446"},{"taxonomy":"product_tag","embeddable":true,"href":"https:\/\/mo-mo.gr\/es\/wp-json\/wp\/v2\/product_tag?post=11446"}],"curies":[{"name":"wp","href":"https:\/\/api.w.org\/{rel}","templated":true}]}}