{"id":11431,"date":"2024-11-27T16:29:44","date_gmt":"2024-11-27T16:29:44","guid":{"rendered":"https:\/\/mo-mo.gr\/product\/kinchaku-knot-bag-akita-no-kurenai\/"},"modified":"2025-12-11T15:23:30","modified_gmt":"2025-12-11T13:23:30","slug":"bolsa-de-nudos-kinchaku-akita-no-kurenai","status":"publish","type":"product","link":"https:\/\/mo-mo.gr\/es\/\u03c0\u03c1\u03bf\u03ca\u03cc\u03bd\u03c4\u03b1\/kinchaku-knot-bag-akita-no-kurenai\/","title":{"rendered":"Bolsa de nudos Kinchaku Akita no Kurenai"},"content":{"rendered":"","protected":false},"excerpt":{"rendered":"<p>Bolsa de nudos Kinchaku Akita no Kurenai<\/p>\n<p>Este exclusivo bolso hecho a mano **Kinchaku Knot Bag** se inspira en la tradici\u00f3n y la elegancia del dise\u00f1o japon\u00e9s.<\/p>\n<p>- **Color**: base beige con atrevidas formas geom\u00e9tricas rojas que a\u00f1aden un toque atrevido. El dise\u00f1o est\u00e1 decorado con figuras del ic\u00f3nico perro japon\u00e9s **Akita**, combinando herencia cultural y est\u00e9tica moderna.<br \/>\n- **Dimensiones**: Altura 21 cm, Anchura 11 cm, Longitud 8 cm - tama\u00f1o ideal para guardar tus objetos esenciales diarios.<br \/>\n- **Material**: Fabricado con tejidos de alta calidad, garantiza durabilidad y elegancia, mientras que el color azul del nudo ofrece un bonito contraste con la base beige.<br \/>\n- **Estilo**: vers\u00e1til y pr\u00e1ctico, es perfecto tanto para salidas informales como para ocasiones especiales, aportando un sentido de tradici\u00f3n japonesa a tu look moderno.<\/p>\n<p>El **\"Akita no Kurenai \"** no es s\u00f3lo un bolso; es una declaraci\u00f3n de estilo que combina el amor por la cultura japonesa con la utilidad de la moda moderna.<\/p>","protected":false},"featured_media":12574,"comment_status":"open","ping_status":"closed","template":"","meta":{"_gspb_post_css":""},"product_brand":[],"product_cat":[75,74],"product_tag":[],"class_list":{"0":"post-11431","1":"product","2":"type-product","3":"status-publish","4":"has-post-thumbnail","6":"product_cat-kinchaku-knot-bags","7":"product_cat-new","9":"first","10":"outofstock","11":"taxable","12":"shipping-taxable","13":"purchasable","14":"product-type-simple"},"_links":{"self":[{"href":"https:\/\/mo-mo.gr\/es\/wp-json\/wp\/v2\/product\/11431","targetHints":{"allow":["GET"]}}],"collection":[{"href":"https:\/\/mo-mo.gr\/es\/wp-json\/wp\/v2\/product"}],"about":[{"href":"https:\/\/mo-mo.gr\/es\/wp-json\/wp\/v2\/types\/product"}],"replies":[{"embeddable":true,"href":"https:\/\/mo-mo.gr\/es\/wp-json\/wp\/v2\/comments?post=11431"}],"wp:featuredmedia":[{"embeddable":true,"href":"https:\/\/mo-mo.gr\/es\/wp-json\/wp\/v2\/media\/12574"}],"wp:attachment":[{"href":"https:\/\/mo-mo.gr\/es\/wp-json\/wp\/v2\/media?parent=11431"}],"wp:term":[{"taxonomy":"product_brand","embeddable":true,"href":"https:\/\/mo-mo.gr\/es\/wp-json\/wp\/v2\/product_brand?post=11431"},{"taxonomy":"product_cat","embeddable":true,"href":"https:\/\/mo-mo.gr\/es\/wp-json\/wp\/v2\/product_cat?post=11431"},{"taxonomy":"product_tag","embeddable":true,"href":"https:\/\/mo-mo.gr\/es\/wp-json\/wp\/v2\/product_tag?post=11431"}],"curies":[{"name":"wp","href":"https:\/\/api.w.org\/{rel}","templated":true}]}}