{"id":11427,"date":"2024-11-27T16:08:19","date_gmt":"2024-11-27T16:08:19","guid":{"rendered":"https:\/\/mo-mo.gr\/product\/kinchaku-knot-bag-niji-no-hana\/"},"modified":"2025-12-11T15:23:38","modified_gmt":"2025-12-11T13:23:38","slug":"bolsa-de-nudos-kinchaku-niji-no-hana","status":"publish","type":"product","link":"https:\/\/mo-mo.gr\/es\/\u03c0\u03c1\u03bf\u03ca\u03cc\u03bd\u03c4\u03b1\/kinchaku-knot-bag-niji-no-hana\/","title":{"rendered":"Bolsa de nudos Kinchaku Niji no Hana"},"content":{"rendered":"","protected":false},"excerpt":{"rendered":"<p>Descubra la magia de la tradici\u00f3n japonesa con el bolso hecho a mano Niji no Hana. Elaborado con atenci\u00f3n al detalle, este exclusivo bolso Kinchaku Knot impresiona por la vitalidad de las coloridas flores que adornan su fondo azul intenso.<\/p>\n<p><strong>Caracter\u00edsticas<\/strong>:<br \/>\n- Dimensiones:** Altura 21 cm, Anchura 11 cm, Longitud 8 cm<br \/>\n- **Material:** Tejido de alta calidad, suave al tacto y duradero en su uso.<br \/>\n- **Dibujo:** Inspirado en las flores del arco iris (Niji no Hana), aporta una sensaci\u00f3n de frescura y elegancia.<br \/>\n- Practicidad:** F\u00e1cil de anudar, ideal para el d\u00eda a d\u00eda o para ocasiones especiales.<\/p>\n<p>Niji no Hana no es s\u00f3lo un bolso, sino una obra de arte que expresa la armon\u00eda de la naturaleza y la tradici\u00f3n. Comb\u00ednalo con un look informal o formal e \u00a1impresiona!<\/p>","protected":false},"featured_media":12571,"comment_status":"open","ping_status":"closed","template":"","meta":{"_gspb_post_css":""},"product_brand":[],"product_cat":[75,74],"product_tag":[],"class_list":{"0":"post-11427","1":"product","2":"type-product","3":"status-publish","4":"has-post-thumbnail","6":"product_cat-kinchaku-knot-bags","7":"product_cat-new","9":"first","10":"outofstock","11":"taxable","12":"shipping-taxable","13":"purchasable","14":"product-type-simple"},"_links":{"self":[{"href":"https:\/\/mo-mo.gr\/es\/wp-json\/wp\/v2\/product\/11427","targetHints":{"allow":["GET"]}}],"collection":[{"href":"https:\/\/mo-mo.gr\/es\/wp-json\/wp\/v2\/product"}],"about":[{"href":"https:\/\/mo-mo.gr\/es\/wp-json\/wp\/v2\/types\/product"}],"replies":[{"embeddable":true,"href":"https:\/\/mo-mo.gr\/es\/wp-json\/wp\/v2\/comments?post=11427"}],"wp:featuredmedia":[{"embeddable":true,"href":"https:\/\/mo-mo.gr\/es\/wp-json\/wp\/v2\/media\/12571"}],"wp:attachment":[{"href":"https:\/\/mo-mo.gr\/es\/wp-json\/wp\/v2\/media?parent=11427"}],"wp:term":[{"taxonomy":"product_brand","embeddable":true,"href":"https:\/\/mo-mo.gr\/es\/wp-json\/wp\/v2\/product_brand?post=11427"},{"taxonomy":"product_cat","embeddable":true,"href":"https:\/\/mo-mo.gr\/es\/wp-json\/wp\/v2\/product_cat?post=11427"},{"taxonomy":"product_tag","embeddable":true,"href":"https:\/\/mo-mo.gr\/es\/wp-json\/wp\/v2\/product_tag?post=11427"}],"curies":[{"name":"wp","href":"https:\/\/api.w.org\/{rel}","templated":true}]}}