{"id":11410,"date":"2024-11-26T19:12:00","date_gmt":"2024-11-26T19:12:00","guid":{"rendered":"https:\/\/mo-mo.gr\/product\/cocoon-overcoat-hikari\/"},"modified":"2026-04-09T16:53:01","modified_gmt":"2026-04-09T13:53:01","slug":"abrigo-cocoon-hikari-2","status":"publish","type":"product","link":"https:\/\/mo-mo.gr\/es\/\u03c0\u03c1\u03bf\u03ca\u03cc\u03bd\u03c4\u03b1\/cocoon-overcoat-hikari\/","title":{"rendered":"Abrigo Cocoon Hikari"},"content":{"rendered":"","protected":false},"excerpt":{"rendered":"<p>El Abrigo Capullo Hikari es una impresionante pieza hecha a mano de tela de algod\u00f3n de trama gruesa que combina una base negra con delicados tonos rosas y blancos. El dise\u00f1o recuerda al minimalismo japon\u00e9s, mientras que la suave textura del algod\u00f3n ofrece calidez y un estilo atemporal, con la calidad exhibida en cada detalle.<\/p>\n<p>Con mangas afiladas, grandes y ce\u00f1idas al cuerpo, este abrigo capullo da sensaci\u00f3n de movimiento y gracia al tiempo que ofrece total libertad y comodidad. El suave forro de viscosa p\u00farpura a\u00f1ade un interior sorpresa y una sensaci\u00f3n de lujo al tacto.<\/p>\n<p>El abrigo Hikari Cocoon Coat est\u00e1 disponible en dos tallas extragrandes, adaptadas a las necesidades de todo tipo de cuerpos, y ofrece un confort y una sofisticaci\u00f3n incomparables, perfecto para un look atrevido con un tacto suave de inspiraci\u00f3n japonesa.<\/p>","protected":false},"featured_media":12558,"comment_status":"open","ping_status":"closed","template":"","meta":{"_gspb_post_css":""},"product_brand":[],"product_cat":[114,66],"product_tag":[56],"class_list":{"0":"post-11410","1":"product","2":"type-product","3":"status-publish","4":"has-post-thumbnail","6":"product_cat-haori","7":"product_cat-66","8":"product_tag-womans-kimonos","9":"pa_-large-xlarge","10":"pa_-small-medium","11":"pa_-97","12":"pa_-85","13":"pa_-99","15":"first","16":"outofstock","17":"taxable","18":"shipping-taxable","19":"purchasable","20":"product-type-variable"},"_links":{"self":[{"href":"https:\/\/mo-mo.gr\/es\/wp-json\/wp\/v2\/product\/11410","targetHints":{"allow":["GET"]}}],"collection":[{"href":"https:\/\/mo-mo.gr\/es\/wp-json\/wp\/v2\/product"}],"about":[{"href":"https:\/\/mo-mo.gr\/es\/wp-json\/wp\/v2\/types\/product"}],"replies":[{"embeddable":true,"href":"https:\/\/mo-mo.gr\/es\/wp-json\/wp\/v2\/comments?post=11410"}],"wp:featuredmedia":[{"embeddable":true,"href":"https:\/\/mo-mo.gr\/es\/wp-json\/wp\/v2\/media\/12558"}],"wp:attachment":[{"href":"https:\/\/mo-mo.gr\/es\/wp-json\/wp\/v2\/media?parent=11410"}],"wp:term":[{"taxonomy":"product_brand","embeddable":true,"href":"https:\/\/mo-mo.gr\/es\/wp-json\/wp\/v2\/product_brand?post=11410"},{"taxonomy":"product_cat","embeddable":true,"href":"https:\/\/mo-mo.gr\/es\/wp-json\/wp\/v2\/product_cat?post=11410"},{"taxonomy":"product_tag","embeddable":true,"href":"https:\/\/mo-mo.gr\/es\/wp-json\/wp\/v2\/product_tag?post=11410"}],"curies":[{"name":"wp","href":"https:\/\/api.w.org\/{rel}","templated":true}]}}