{"id":11405,"date":"2024-11-26T17:53:08","date_gmt":"2024-11-26T17:53:08","guid":{"rendered":"https:\/\/mo-mo.gr\/product\/dento-bag-flying-cranes\/"},"modified":"2025-03-05T11:27:15","modified_gmt":"2025-03-05T09:27:15","slug":"bolsa-dento-gruas-voladoras","status":"publish","type":"product","link":"https:\/\/mo-mo.gr\/es\/\u03c0\u03c1\u03bf\u03ca\u03cc\u03bd\u03c4\u03b1\/dento-bag-flying-cranes\/","title":{"rendered":"Bolsa Dento Gr\u00faas voladoras"},"content":{"rendered":"","protected":false},"excerpt":{"rendered":"<p>Bolsa Dento Gr\u00faas voladoras<\/p>\n<p>Este bolso japon\u00e9s hecho a mano con tejidos de algod\u00f3n de Kioto combina elegancia y tradici\u00f3n en una creaci\u00f3n \u00fanica. Sobre un fondo negro, las grullas blancas, s\u00edmbolos de longevidad y prosperidad, est\u00e1n enmarcadas por motivos tradicionales japoneses en colores vivos y c\u00e1lidos y estampados dorados que a\u00f1aden lujo y glamour a su aspecto. Con unas medidas de 21 cm de alto y 26 cm de ancho, este bolso es ideal para sus necesidades cotidianas, mientras que la altura del asa de 17 cm garantiza un transporte c\u00f3modo.<\/p>\n<p>El interior est\u00e1 forrado con guata reforzada, lo que garantiza que la bolsa mantenga su forma al tiempo que ofrece una sensaci\u00f3n suave y aterciopelada al tacto. El cierre de cremallera protege con seguridad sus efectos personales, a\u00f1adiendo funcionalidad y elegancia. Este bolso es la combinaci\u00f3n perfecta de dise\u00f1o tradicional japon\u00e9s y practicidad moderna.<\/p>","protected":false},"featured_media":12554,"comment_status":"open","ping_status":"closed","template":"","meta":{"_gspb_post_css":""},"product_brand":[],"product_cat":[74,65],"product_tag":[],"class_list":{"0":"post-11405","1":"product","2":"type-product","3":"status-publish","4":"has-post-thumbnail","6":"product_cat-new","7":"product_cat-65","9":"first","10":"instock","11":"taxable","12":"shipping-taxable","13":"purchasable","14":"product-type-simple"},"_links":{"self":[{"href":"https:\/\/mo-mo.gr\/es\/wp-json\/wp\/v2\/product\/11405","targetHints":{"allow":["GET"]}}],"collection":[{"href":"https:\/\/mo-mo.gr\/es\/wp-json\/wp\/v2\/product"}],"about":[{"href":"https:\/\/mo-mo.gr\/es\/wp-json\/wp\/v2\/types\/product"}],"replies":[{"embeddable":true,"href":"https:\/\/mo-mo.gr\/es\/wp-json\/wp\/v2\/comments?post=11405"}],"wp:featuredmedia":[{"embeddable":true,"href":"https:\/\/mo-mo.gr\/es\/wp-json\/wp\/v2\/media\/12554"}],"wp:attachment":[{"href":"https:\/\/mo-mo.gr\/es\/wp-json\/wp\/v2\/media?parent=11405"}],"wp:term":[{"taxonomy":"product_brand","embeddable":true,"href":"https:\/\/mo-mo.gr\/es\/wp-json\/wp\/v2\/product_brand?post=11405"},{"taxonomy":"product_cat","embeddable":true,"href":"https:\/\/mo-mo.gr\/es\/wp-json\/wp\/v2\/product_cat?post=11405"},{"taxonomy":"product_tag","embeddable":true,"href":"https:\/\/mo-mo.gr\/es\/wp-json\/wp\/v2\/product_tag?post=11405"}],"curies":[{"name":"wp","href":"https:\/\/api.w.org\/{rel}","templated":true}]}}