{"id":11382,"date":"2024-11-25T18:49:27","date_gmt":"2024-11-25T18:49:27","guid":{"rendered":"https:\/\/mo-mo.gr\/product\/olive-harmony-wool-kimono\/"},"modified":"2026-01-29T15:07:48","modified_gmt":"2026-01-29T13:07:48","slug":"kimono-de-lana-olive-harmony","status":"publish","type":"product","link":"https:\/\/mo-mo.gr\/es\/\u03c0\u03c1\u03bf\u03ca\u03cc\u03bd\u03c4\u03b1\/olive-harmony-wool-kimono\/","title":{"rendered":"Kimono de lana Olive Harmony"},"content":{"rendered":"","protected":false},"excerpt":{"rendered":"<p>El Kimono de lana Olive Harmony es una pieza impresionante que combina la elegancia tradicional japonesa con la calidez de la lana natural. Elaborado a mano con gran atenci\u00f3n al detalle, este kimono est\u00e1 confeccionado con lana 100%, que ofrece calidez y suavidad al tacto. Su tono intenso y aceitoso combina a la perfecci\u00f3n con las l\u00edneas sencillas pero refinadas, lo que confiere a la prenda una sensaci\u00f3n de autenticidad atemporal.<\/p>\n<p>Una de las caracter\u00edsticas m\u00e1s impresionantes del Kimono de lana Olive Harmony son sus amplias mangas, que realzan la est\u00e9tica tradicional de un kimono haori y ofrecen comodidad y libertad de movimiento. Sus amplias mangas, inspiradas en el estilo japon\u00e9s, combinan practicidad y elegancia, al tiempo que a\u00f1aden una sensaci\u00f3n de autoridad y autenticidad a quien lo lleva.<\/p>\n<p>La adici\u00f3n de un lazo incorporado con bandas anchas en la parte delantera crea un elemento de dise\u00f1o \u00fanico que destaca. Estas cintas no s\u00f3lo garantizan la estabilidad y el ajuste, sino que tambi\u00e9n forman un estampado geom\u00e9trico en la parte delantera, a\u00f1adiendo un toque moderno al estilo tradicional. El Kimono de lana Olive Harmony es la elecci\u00f3n perfecta para quienes buscan una forma sofisticada y atemporal de incorporar la cultura japonesa a su look.<\/p>","protected":false},"featured_media":12540,"comment_status":"open","ping_status":"closed","template":"","meta":{"_gspb_post_css":""},"product_brand":[],"product_cat":[114,115,66],"product_tag":[56],"class_list":{"0":"post-11382","1":"product","2":"type-product","3":"status-publish","4":"has-post-thumbnail","6":"product_cat-haori","7":"product_cat-yukata","8":"product_cat-66","9":"product_tag-womans-kimonos","10":"pa_-large","11":"pa_-large-xlarge","12":"pa_-medium","13":"pa_-small","14":"pa_-xtra-large","15":"pa_-xxl","16":"pa_-94","18":"first","19":"instock","20":"taxable","21":"shipping-taxable","22":"purchasable","23":"product-type-variable"},"_links":{"self":[{"href":"https:\/\/mo-mo.gr\/es\/wp-json\/wp\/v2\/product\/11382","targetHints":{"allow":["GET"]}}],"collection":[{"href":"https:\/\/mo-mo.gr\/es\/wp-json\/wp\/v2\/product"}],"about":[{"href":"https:\/\/mo-mo.gr\/es\/wp-json\/wp\/v2\/types\/product"}],"replies":[{"embeddable":true,"href":"https:\/\/mo-mo.gr\/es\/wp-json\/wp\/v2\/comments?post=11382"}],"wp:featuredmedia":[{"embeddable":true,"href":"https:\/\/mo-mo.gr\/es\/wp-json\/wp\/v2\/media\/12540"}],"wp:attachment":[{"href":"https:\/\/mo-mo.gr\/es\/wp-json\/wp\/v2\/media?parent=11382"}],"wp:term":[{"taxonomy":"product_brand","embeddable":true,"href":"https:\/\/mo-mo.gr\/es\/wp-json\/wp\/v2\/product_brand?post=11382"},{"taxonomy":"product_cat","embeddable":true,"href":"https:\/\/mo-mo.gr\/es\/wp-json\/wp\/v2\/product_cat?post=11382"},{"taxonomy":"product_tag","embeddable":true,"href":"https:\/\/mo-mo.gr\/es\/wp-json\/wp\/v2\/product_tag?post=11382"}],"curies":[{"name":"wp","href":"https:\/\/api.w.org\/{rel}","templated":true}]}}