{"id":11370,"date":"2024-11-20T12:56:25","date_gmt":"2024-11-20T12:56:25","guid":{"rendered":"https:\/\/mo-mo.gr\/product\/kimono-haori-wool-murasaki-no-yume\/"},"modified":"2026-01-29T15:10:46","modified_gmt":"2026-01-29T13:10:46","slug":"kimono-haori-lana-murasaki-no-yume","status":"publish","type":"product","link":"https:\/\/mo-mo.gr\/es\/\u03c0\u03c1\u03bf\u03ca\u03cc\u03bd\u03c4\u03b1\/kimono-haori-wool-murasaki-no-yume\/","title":{"rendered":"Kimono Haori Lana Murasaki no Yume"},"content":{"rendered":"","protected":false},"excerpt":{"rendered":"<p>Presume de estilo con este sofisticado kimono haori, confeccionado con una lujosa mezcla de lana 60% y algod\u00f3n 40%. En un profundo tono p\u00farpura ciruela, con toques de carmes\u00ed que crean una combinaci\u00f3n sutil pero llamativa, esta prenda irradia calidez y elegancia. El dise\u00f1o cl\u00e1sico con su silueta de kimono tradicional y lazada lateral ofrece versatilidad y comodidad, por lo que es ideal para llevar a capas durante el invierno.<\/p>\n<p>El tejido de lana y algod\u00f3n garantiza una excelente protecci\u00f3n t\u00e9rmica al tiempo que mantiene una sensaci\u00f3n de ligereza para un ajuste c\u00f3modo. La longitud y las costuras est\u00e1n dise\u00f1adas para adaptarse tanto a ocasiones informales como formales. Las l\u00edneas limpias del dise\u00f1o y la riqueza del color lo convierten en una opci\u00f3n atemporal para los amantes de la est\u00e9tica minimalista.<\/p>\n<p>Este haori es un homenaje a la tradici\u00f3n japonesa, al tiempo que encarna la necesidad moderna de comodidad y practicidad. Ll\u00e9valo sobre vestidos, jers\u00e9is o incluso conjuntos informales y a\u00f1ade una dosis de lujo a tu d\u00eda a d\u00eda.<\/p>","protected":false},"featured_media":12535,"comment_status":"open","ping_status":"closed","template":"","meta":{"_gspb_post_css":""},"product_brand":[],"product_cat":[114,66],"product_tag":[25,56],"class_list":{"0":"post-11370","1":"product","2":"type-product","3":"status-publish","4":"has-post-thumbnail","6":"product_cat-haori","7":"product_cat-66","8":"product_tag-haori","9":"product_tag-womans-kimonos","10":"pa_-large","11":"pa_-medium","12":"pa_-small","13":"pa_-xtra-large","14":"pa_-xxl","15":"pa_-100","17":"first","18":"instock","19":"taxable","20":"shipping-taxable","21":"purchasable","22":"product-type-variable"},"_links":{"self":[{"href":"https:\/\/mo-mo.gr\/es\/wp-json\/wp\/v2\/product\/11370","targetHints":{"allow":["GET"]}}],"collection":[{"href":"https:\/\/mo-mo.gr\/es\/wp-json\/wp\/v2\/product"}],"about":[{"href":"https:\/\/mo-mo.gr\/es\/wp-json\/wp\/v2\/types\/product"}],"replies":[{"embeddable":true,"href":"https:\/\/mo-mo.gr\/es\/wp-json\/wp\/v2\/comments?post=11370"}],"wp:featuredmedia":[{"embeddable":true,"href":"https:\/\/mo-mo.gr\/es\/wp-json\/wp\/v2\/media\/12535"}],"wp:attachment":[{"href":"https:\/\/mo-mo.gr\/es\/wp-json\/wp\/v2\/media?parent=11370"}],"wp:term":[{"taxonomy":"product_brand","embeddable":true,"href":"https:\/\/mo-mo.gr\/es\/wp-json\/wp\/v2\/product_brand?post=11370"},{"taxonomy":"product_cat","embeddable":true,"href":"https:\/\/mo-mo.gr\/es\/wp-json\/wp\/v2\/product_cat?post=11370"},{"taxonomy":"product_tag","embeddable":true,"href":"https:\/\/mo-mo.gr\/es\/wp-json\/wp\/v2\/product_tag?post=11370"}],"curies":[{"name":"wp","href":"https:\/\/api.w.org\/{rel}","templated":true}]}}