{"id":11353,"date":"2024-11-11T18:28:33","date_gmt":"2024-11-11T18:28:33","guid":{"rendered":"https:\/\/mo-mo.gr\/product\/tsuru-no-ongaeshi\/"},"modified":"2025-02-04T17:30:39","modified_gmt":"2025-02-04T15:30:39","slug":"tsuru-no-ongaeshi","status":"publish","type":"product","link":"https:\/\/mo-mo.gr\/es\/\u03c0\u03c1\u03bf\u03ca\u03cc\u03bd\u03c4\u03b1\/tsuru-no-ongaeshi\/","title":{"rendered":"Tsuru no Ongaeshi"},"content":{"rendered":"","protected":false},"excerpt":{"rendered":"<p>Tsuru no Ongaeshi<\/p>\n<p>Un elegante ata\u00fad de 30\u00d715 cm, confeccionado con aut\u00e9nticas telas japonesas que destilan el sentido de lo tradicional y el glamour de Jap\u00f3n. En la parte delantera, el brillante color rojo de la tela abraza lujosos estampados dorados y dos grullas, s\u00edmbolos de longevidad y buena suerte en la tradici\u00f3n japonesa, que a\u00f1aden una sensaci\u00f3n de elegancia \u00fanica.<\/p>\n<p>La funda tiene un pr\u00e1ctico cierre de cremallera que garantiza la seguridad de sus objetos. En el interior, un bolsillo ofrece una f\u00e1cil organizaci\u00f3n para peque\u00f1os objetos esenciales, mientras que el tejido de calidad garantiza una larga durabilidad.<\/p>\n<p>Este estuche es perfecto para a\u00f1adir una dosis de sofisticaci\u00f3n japonesa a su vida cotidiana, tanto si lo utiliza para cosm\u00e9ticos como para peque\u00f1os objetos personales.<\/p>","protected":false},"featured_media":12524,"comment_status":"open","ping_status":"closed","template":"","meta":{"_gspb_post_css":""},"product_brand":[],"product_cat":[130,74,123],"product_tag":[],"class_list":{"0":"post-11353","1":"product","2":"type-product","3":"status-publish","4":"has-post-thumbnail","6":"product_cat-komono-","7":"product_cat-new","8":"product_cat-123","10":"first","11":"instock","12":"taxable","13":"shipping-taxable","14":"purchasable","15":"product-type-simple"},"_links":{"self":[{"href":"https:\/\/mo-mo.gr\/es\/wp-json\/wp\/v2\/product\/11353","targetHints":{"allow":["GET"]}}],"collection":[{"href":"https:\/\/mo-mo.gr\/es\/wp-json\/wp\/v2\/product"}],"about":[{"href":"https:\/\/mo-mo.gr\/es\/wp-json\/wp\/v2\/types\/product"}],"replies":[{"embeddable":true,"href":"https:\/\/mo-mo.gr\/es\/wp-json\/wp\/v2\/comments?post=11353"}],"wp:featuredmedia":[{"embeddable":true,"href":"https:\/\/mo-mo.gr\/es\/wp-json\/wp\/v2\/media\/12524"}],"wp:attachment":[{"href":"https:\/\/mo-mo.gr\/es\/wp-json\/wp\/v2\/media?parent=11353"}],"wp:term":[{"taxonomy":"product_brand","embeddable":true,"href":"https:\/\/mo-mo.gr\/es\/wp-json\/wp\/v2\/product_brand?post=11353"},{"taxonomy":"product_cat","embeddable":true,"href":"https:\/\/mo-mo.gr\/es\/wp-json\/wp\/v2\/product_cat?post=11353"},{"taxonomy":"product_tag","embeddable":true,"href":"https:\/\/mo-mo.gr\/es\/wp-json\/wp\/v2\/product_tag?post=11353"}],"curies":[{"name":"wp","href":"https:\/\/api.w.org\/{rel}","templated":true}]}}