{"id":11340,"date":"2024-11-08T16:40:55","date_gmt":"2024-11-08T16:40:55","guid":{"rendered":"https:\/\/mo-mo.gr\/product\/kimono-haori-in-black-burgundy\/"},"modified":"2025-03-05T11:25:49","modified_gmt":"2025-03-05T09:25:49","slug":"kimono-haori-en-negro-burdeos-2","status":"publish","type":"product","link":"https:\/\/mo-mo.gr\/es\/\u03c0\u03c1\u03bf\u03ca\u03cc\u03bd\u03c4\u03b1\/kimono-haori-in-black-burgundy\/","title":{"rendered":"Kimono Haori en negro y burdeos"},"content":{"rendered":"","protected":false},"excerpt":{"rendered":"<p>Este kimono haori \u00fanico es un producto de aut\u00e9ntica artesan\u00eda japonesa, confeccionado a partir de kimonos yukata reconstruidos en un llamativo negro y burdeos intenso. Cada elemento y detalle de este haori se ha conservado y actualizado cuidadosamente para ofrecer el encanto de una prenda tradicional con un dise\u00f1o fresco y elegante, perfecto para looks contempor\u00e1neos. El rico burdeos a\u00f1ade una sensaci\u00f3n de lujo y profundidad, mientras que el atemporal negro equilibra la composici\u00f3n con elegancia.<\/p>\n<p>Su creaci\u00f3n se bas\u00f3 en el yukata tradicional, cosido y dise\u00f1ado \u00edntegramente en Jap\u00f3n por expertos artesanos, siguiendo los estrictos principios de calidad y autenticidad que caracterizan a las prendas japonesas. MOMO KIDOHO se encarg\u00f3 cuidadosamente de la conservaci\u00f3n y reconstrucci\u00f3n del tejido, utilizando m\u00e9todos respetuosos con el medio ambiente que garantizan su durabilidad y autenticidad. El haori conserva elementos de su yukata original, adaptados para resaltar la conexi\u00f3n con la cultura japonesa.<\/p>\n<p>Este haori negro y burdeos es perfecto para los amantes de la ropa japonesa que buscan una conexi\u00f3n con la tradici\u00f3n a trav\u00e9s de una pieza atemporal y sostenible. Una prenda que puede llevarse en cualquier ocasi\u00f3n, aportando car\u00e1cter y un estilo distintivo a cualquier look, al tiempo que rinde homenaje a la tradici\u00f3n y los valores de la moda japonesa.<\/p>","protected":false},"featured_media":12515,"comment_status":"open","ping_status":"closed","template":"","meta":{"_gspb_post_css":""},"product_brand":[],"product_cat":[114,66],"product_tag":[25,41,56],"class_list":{"0":"post-11340","1":"product","2":"type-product","3":"status-publish","4":"has-post-thumbnail","6":"product_cat-haori","7":"product_cat-66","8":"product_tag-haori","9":"product_tag-mens-kimonos","10":"product_tag-womans-kimonos","11":"pa_-large","12":"pa_-85","14":"first","15":"outofstock","16":"taxable","17":"shipping-taxable","18":"purchasable","19":"product-type-variable"},"_links":{"self":[{"href":"https:\/\/mo-mo.gr\/es\/wp-json\/wp\/v2\/product\/11340","targetHints":{"allow":["GET"]}}],"collection":[{"href":"https:\/\/mo-mo.gr\/es\/wp-json\/wp\/v2\/product"}],"about":[{"href":"https:\/\/mo-mo.gr\/es\/wp-json\/wp\/v2\/types\/product"}],"replies":[{"embeddable":true,"href":"https:\/\/mo-mo.gr\/es\/wp-json\/wp\/v2\/comments?post=11340"}],"wp:featuredmedia":[{"embeddable":true,"href":"https:\/\/mo-mo.gr\/es\/wp-json\/wp\/v2\/media\/12515"}],"wp:attachment":[{"href":"https:\/\/mo-mo.gr\/es\/wp-json\/wp\/v2\/media?parent=11340"}],"wp:term":[{"taxonomy":"product_brand","embeddable":true,"href":"https:\/\/mo-mo.gr\/es\/wp-json\/wp\/v2\/product_brand?post=11340"},{"taxonomy":"product_cat","embeddable":true,"href":"https:\/\/mo-mo.gr\/es\/wp-json\/wp\/v2\/product_cat?post=11340"},{"taxonomy":"product_tag","embeddable":true,"href":"https:\/\/mo-mo.gr\/es\/wp-json\/wp\/v2\/product_tag?post=11340"}],"curies":[{"name":"wp","href":"https:\/\/api.w.org\/{rel}","templated":true}]}}