{"id":11335,"date":"2024-11-08T10:47:56","date_gmt":"2024-11-08T10:47:56","guid":{"rendered":"https:\/\/mo-mo.gr\/product\/tote-bag-yume-no-hana\/"},"modified":"2025-03-05T11:35:56","modified_gmt":"2025-03-05T09:35:56","slug":"bolso-de-mano-yume-no-hana","status":"publish","type":"product","link":"https:\/\/mo-mo.gr\/es\/\u03c0\u03c1\u03bf\u03ca\u03cc\u03bd\u03c4\u03b1\/tote-bag-yume-no-hana\/","title":{"rendered":"Bolso Yume no Hana"},"content":{"rendered":"","protected":false},"excerpt":{"rendered":"<p>Bolso Yume no Hana<\/p>\n<p>El bolso de mano Yume no Hana (Flores de los Sue\u00f1os) combina la elegancia del dise\u00f1o con la funcionalidad del uso diario. Con unas medidas de 28 cm de alto y 36 cm de ancho, este bolso hecho a mano ofrece el tama\u00f1o perfecto para sus necesidades cotidianas, mientras que el asa de 24 cm de altura ofrece comodidad al hombro. La parte delantera es de lona tejida de calidad en tono dorado, decorada con motivos japoneses de peque\u00f1as flores y paraguas que evocan escenas tradicionales japonesas.<\/p>\n<p>En la parte trasera, la lona negra a\u00f1ade una est\u00e9tica elegante y minimalista, mientras que el cierre de cremallera garantiza la seguridad de tus pertenencias. El interior est\u00e1 forrado de lona y tiene mucho espacio, perfecto para todo lo que necesites. La \"Yume no Hana\" es el accesorio perfecto para quienes buscan algo \u00fanico y atemporal.<\/p>\n<p>\"Yume no Hana\" no es s\u00f3lo un bolso, sino un homenaje a la artesan\u00eda y la est\u00e9tica japonesas. El vibrante motivo dorado de flores y paraguas muestra tradici\u00f3n y elegancia, mientras que el sutil brillo del tejido aporta un aire de lujo a tus looks cotidianos. Cada detalle ha sido cuidadosamente elegido para ofrecer un accesorio que sea a la vez pr\u00e1ctico y \u00fanico, lo que hace que \"Yume no Hana\" sea perfecto para quienes aprecian el arte y la calidad en cada elecci\u00f3n.<\/p>","protected":false},"featured_media":12511,"comment_status":"open","ping_status":"closed","template":"","meta":{"_gspb_post_css":""},"product_brand":[],"product_cat":[65],"product_tag":[],"class_list":{"0":"post-11335","1":"product","2":"type-product","3":"status-publish","4":"has-post-thumbnail","6":"product_cat-65","8":"first","9":"instock","10":"taxable","11":"shipping-taxable","12":"purchasable","13":"product-type-simple"},"_links":{"self":[{"href":"https:\/\/mo-mo.gr\/es\/wp-json\/wp\/v2\/product\/11335","targetHints":{"allow":["GET"]}}],"collection":[{"href":"https:\/\/mo-mo.gr\/es\/wp-json\/wp\/v2\/product"}],"about":[{"href":"https:\/\/mo-mo.gr\/es\/wp-json\/wp\/v2\/types\/product"}],"replies":[{"embeddable":true,"href":"https:\/\/mo-mo.gr\/es\/wp-json\/wp\/v2\/comments?post=11335"}],"wp:featuredmedia":[{"embeddable":true,"href":"https:\/\/mo-mo.gr\/es\/wp-json\/wp\/v2\/media\/12511"}],"wp:attachment":[{"href":"https:\/\/mo-mo.gr\/es\/wp-json\/wp\/v2\/media?parent=11335"}],"wp:term":[{"taxonomy":"product_brand","embeddable":true,"href":"https:\/\/mo-mo.gr\/es\/wp-json\/wp\/v2\/product_brand?post=11335"},{"taxonomy":"product_cat","embeddable":true,"href":"https:\/\/mo-mo.gr\/es\/wp-json\/wp\/v2\/product_cat?post=11335"},{"taxonomy":"product_tag","embeddable":true,"href":"https:\/\/mo-mo.gr\/es\/wp-json\/wp\/v2\/product_tag?post=11335"}],"curies":[{"name":"wp","href":"https:\/\/api.w.org\/{rel}","templated":true}]}}