{"id":11331,"date":"2024-11-06T09:28:55","date_gmt":"2024-11-06T09:28:55","guid":{"rendered":"https:\/\/mo-mo.gr\/product\/tote-bag-hatsumomo\/"},"modified":"2025-03-05T11:35:49","modified_gmt":"2025-03-05T09:35:49","slug":"bolso-de-mano-hatsumomo-2","status":"publish","type":"product","link":"https:\/\/mo-mo.gr\/es\/\u03c0\u03c1\u03bf\u03ca\u03cc\u03bd\u03c4\u03b1\/tote-bag-hatsumomo\/","title":{"rendered":"Bolso Hatsumomo"},"content":{"rendered":"","protected":false},"excerpt":{"rendered":"<p>Bolso Hatsumomo<\/p>\n<p>El bolso de mano Hatsumomo est\u00e1 confeccionado en lujoso lienzo negro e irradia una atm\u00f3sfera de arte tradicional japon\u00e9s. La parte frontal presenta intrincados dise\u00f1os de figuras de geishas, enriquecidos con atrevidos elementos dorados que a\u00f1aden profundidad y viveza a las representaciones. La bolsa se cierra con cremallera para proteger sus efectos personales, mientras que el forro interior de lona garantiza su durabilidad y calidad de fabricaci\u00f3n. Un pr\u00e1ctico bolsillo interior facilita la organizaci\u00f3n de los objetos m\u00e1s peque\u00f1os, por lo que resulta ideal para el uso diario y los looks elegantes con car\u00e1cter japon\u00e9s.<\/p>\n<p>El bolso tote Hatsumomo se inspira en la est\u00e9tica tradicional de Jap\u00f3n y combina la funcionalidad con la expresi\u00f3n art\u00edstica. El fondo de lona negra acent\u00faa los detalles de los dise\u00f1os, resaltando las figuras de geishas y los ricos elementos dorados que evocan el lujo de la tradici\u00f3n japonesa. Las figuras destilan elegancia y gracia, mientras que el color dorado a\u00f1ade una sensaci\u00f3n de brillo y luminosidad, haciendo que el bolso destaque.<\/p>\n<p>El bolso ofrece comodidad y practicidad para el uso diario, con una cremallera para mantener el contenido seguro y organizado. Gracias a su amplio interior y al bolsillo interno incorporado, **Hatsumomo** es la elecci\u00f3n perfecta para las mujeres que buscan estilo y autenticidad. Combina la practicidad con la tradici\u00f3n, permitiendo a las mujeres llevar consigo un pedazo de la cultura japonesa, dando a sus conjuntos un aire especial y sofisticado.<\/p>\n<p>Dimensiones de la bolsa 32x44 y altura de la correa 37<\/p>","protected":false},"featured_media":12508,"comment_status":"open","ping_status":"closed","template":"","meta":{"_gspb_post_css":""},"product_brand":[],"product_cat":[65],"product_tag":[],"class_list":{"0":"post-11331","1":"product","2":"type-product","3":"status-publish","4":"has-post-thumbnail","6":"product_cat-65","8":"first","9":"instock","10":"taxable","11":"shipping-taxable","12":"purchasable","13":"product-type-simple"},"_links":{"self":[{"href":"https:\/\/mo-mo.gr\/es\/wp-json\/wp\/v2\/product\/11331","targetHints":{"allow":["GET"]}}],"collection":[{"href":"https:\/\/mo-mo.gr\/es\/wp-json\/wp\/v2\/product"}],"about":[{"href":"https:\/\/mo-mo.gr\/es\/wp-json\/wp\/v2\/types\/product"}],"replies":[{"embeddable":true,"href":"https:\/\/mo-mo.gr\/es\/wp-json\/wp\/v2\/comments?post=11331"}],"wp:featuredmedia":[{"embeddable":true,"href":"https:\/\/mo-mo.gr\/es\/wp-json\/wp\/v2\/media\/12508"}],"wp:attachment":[{"href":"https:\/\/mo-mo.gr\/es\/wp-json\/wp\/v2\/media?parent=11331"}],"wp:term":[{"taxonomy":"product_brand","embeddable":true,"href":"https:\/\/mo-mo.gr\/es\/wp-json\/wp\/v2\/product_brand?post=11331"},{"taxonomy":"product_cat","embeddable":true,"href":"https:\/\/mo-mo.gr\/es\/wp-json\/wp\/v2\/product_cat?post=11331"},{"taxonomy":"product_tag","embeddable":true,"href":"https:\/\/mo-mo.gr\/es\/wp-json\/wp\/v2\/product_tag?post=11331"}],"curies":[{"name":"wp","href":"https:\/\/api.w.org\/{rel}","templated":true}]}}