{"id":11304,"date":"2024-11-04T09:02:32","date_gmt":"2024-11-04T09:02:32","guid":{"rendered":"https:\/\/mo-mo.gr\/product\/sweatshirt-black-heaven\/"},"modified":"2025-03-05T11:35:15","modified_gmt":"2025-03-05T09:35:15","slug":"sudadera-black-heaven","status":"publish","type":"product","link":"https:\/\/mo-mo.gr\/es\/\u03c0\u03c1\u03bf\u03ca\u03cc\u03bd\u03c4\u03b1\/sweatshirt-black-heaven\/","title":{"rendered":"Sudadera Black Heaven"},"content":{"rendered":"","protected":false},"excerpt":{"rendered":"<p>Sudadera Black Heaven<\/p>\n<p>Esta elegante sudadera negra est\u00e1 decorada con la palabra japonesa \u767b\u7adc en la parte delantera, que transmite el esp\u00edritu de la lucha decidida por el \u00e9xito y la evoluci\u00f3n. Con una composici\u00f3n que ofrece comodidad y durabilidad atemporal, es la pieza perfecta para los amantes de los s\u00edmbolos orientales atemporales y las l\u00edneas sencillas.<\/p>\n<p>Los suaves tonos celestes y azules de las flores y las hojas decoran el dise\u00f1o, aportando una sensaci\u00f3n de calma y equilibrio. Perfecta para destacar y expresar tu personalidad, esta sudadera encarna la sencillez y la elegancia del minimalismo japon\u00e9s.<\/p>\n<p>La sudadera negra con la palabra japonesa \u767b\u7adc y los detalles suavemente coloreados en azul claro y celeste desprende un armonioso equilibrio entre el dinamismo del drag\u00f3n y la calma de las flores. Hecha para mezclar la est\u00e9tica moderna con las influencias tradicionales, esta pieza atrae a quienes buscan un estilo \u00fanico con un significado m\u00e1s profundo. La sudadera se convierte instant\u00e1neamente en la elecci\u00f3n perfecta para momentos informales o looks de noche, ofreciendo comodidad y una expresi\u00f3n art\u00edstica distintiva.<\/p>","protected":false},"featured_media":12496,"comment_status":"open","ping_status":"closed","template":"","meta":{"_gspb_post_css":""},"product_brand":[],"product_cat":[111],"product_tag":[],"class_list":{"0":"post-11304","1":"product","2":"type-product","3":"status-publish","4":"has-post-thumbnail","6":"product_cat-111","7":"pa_-large","8":"pa_-medium","9":"pa_-small","10":"pa_-xtra-large","11":"pa_-xtra-small","12":"pa_-xxl","14":"first","15":"instock","16":"taxable","17":"shipping-taxable","18":"purchasable","19":"product-type-variable"},"_links":{"self":[{"href":"https:\/\/mo-mo.gr\/es\/wp-json\/wp\/v2\/product\/11304","targetHints":{"allow":["GET"]}}],"collection":[{"href":"https:\/\/mo-mo.gr\/es\/wp-json\/wp\/v2\/product"}],"about":[{"href":"https:\/\/mo-mo.gr\/es\/wp-json\/wp\/v2\/types\/product"}],"replies":[{"embeddable":true,"href":"https:\/\/mo-mo.gr\/es\/wp-json\/wp\/v2\/comments?post=11304"}],"wp:featuredmedia":[{"embeddable":true,"href":"https:\/\/mo-mo.gr\/es\/wp-json\/wp\/v2\/media\/12496"}],"wp:attachment":[{"href":"https:\/\/mo-mo.gr\/es\/wp-json\/wp\/v2\/media?parent=11304"}],"wp:term":[{"taxonomy":"product_brand","embeddable":true,"href":"https:\/\/mo-mo.gr\/es\/wp-json\/wp\/v2\/product_brand?post=11304"},{"taxonomy":"product_cat","embeddable":true,"href":"https:\/\/mo-mo.gr\/es\/wp-json\/wp\/v2\/product_cat?post=11304"},{"taxonomy":"product_tag","embeddable":true,"href":"https:\/\/mo-mo.gr\/es\/wp-json\/wp\/v2\/product_tag?post=11304"}],"curies":[{"name":"wp","href":"https:\/\/api.w.org\/{rel}","templated":true}]}}