{"id":11291,"date":"2024-11-04T08:47:11","date_gmt":"2024-11-04T08:47:11","guid":{"rendered":"https:\/\/mo-mo.gr\/product\/japanese-sweatshirt-yugen\/"},"modified":"2025-03-05T11:35:09","modified_gmt":"2025-03-05T09:35:09","slug":"sudadera-japonesa-yugen-2","status":"publish","type":"product","link":"https:\/\/mo-mo.gr\/es\/\u03c0\u03c1\u03bf\u03ca\u03cc\u03bd\u03c4\u03b1\/japanese-sweatshirt-yugen\/","title":{"rendered":"Sudadera japonesa Yugen"},"content":{"rendered":"","protected":false},"excerpt":{"rendered":"<p>Esta sudadera negra lleva la palabra japonesa \u5e7d\u7384 (y\u016bgen), que representa la idea de \"belleza profunda y enigm\u00e1tica\". Con una delicada y suave flor rosa rojiza en la parte delantera, la composici\u00f3n desprende un aire sutil pero espiritual adecuado para los amantes de la est\u00e9tica y la filosof\u00eda japonesas.<\/p>\n<p>Sudadera japonesa Yugen<\/p>\n<p>Su suave textura y su cuidado dise\u00f1o la hacen perfecta para cualquier ocasi\u00f3n, a\u00f1adiendo una sensaci\u00f3n de calma y sencillez que encarna el esp\u00edritu y\u016bgen. Perfecta para los amantes del arte y la elegancia de la tradici\u00f3n japonesa, esta sudadera es m\u00e1s que una prenda: es toda una declaraci\u00f3n.<\/p>\n<p>Esta sudadera no es s\u00f3lo una prenda, sino un reflejo de la profundidad oculta y la tranquila elegancia que simboliza la palabra \u5e7d\u7384. Con su flor de color rosa rojizo p\u00e1lido, aporta una sensaci\u00f3n de equilibrio y encanto atemporal que combina a la perfecci\u00f3n con el color negro. Ideal para llevar a diario, a\u00fana la sencillez y la belleza m\u00edstica de la cultura japonesa, invitando a quien lo lleva a descubrir la serenidad a trav\u00e9s de la est\u00e9tica.<\/p>","protected":false},"featured_media":12490,"comment_status":"open","ping_status":"closed","template":"","meta":{"_gspb_post_css":""},"product_brand":[],"product_cat":[111],"product_tag":[],"class_list":{"0":"post-11291","1":"product","2":"type-product","3":"status-publish","4":"has-post-thumbnail","6":"product_cat-111","7":"pa_-large","8":"pa_-medium","9":"pa_-small","10":"pa_-xtra-large","11":"pa_-xtra-small","12":"pa_-xxl","14":"first","15":"instock","16":"taxable","17":"shipping-taxable","18":"purchasable","19":"product-type-variable"},"_links":{"self":[{"href":"https:\/\/mo-mo.gr\/es\/wp-json\/wp\/v2\/product\/11291","targetHints":{"allow":["GET"]}}],"collection":[{"href":"https:\/\/mo-mo.gr\/es\/wp-json\/wp\/v2\/product"}],"about":[{"href":"https:\/\/mo-mo.gr\/es\/wp-json\/wp\/v2\/types\/product"}],"replies":[{"embeddable":true,"href":"https:\/\/mo-mo.gr\/es\/wp-json\/wp\/v2\/comments?post=11291"}],"wp:featuredmedia":[{"embeddable":true,"href":"https:\/\/mo-mo.gr\/es\/wp-json\/wp\/v2\/media\/12490"}],"wp:attachment":[{"href":"https:\/\/mo-mo.gr\/es\/wp-json\/wp\/v2\/media?parent=11291"}],"wp:term":[{"taxonomy":"product_brand","embeddable":true,"href":"https:\/\/mo-mo.gr\/es\/wp-json\/wp\/v2\/product_brand?post=11291"},{"taxonomy":"product_cat","embeddable":true,"href":"https:\/\/mo-mo.gr\/es\/wp-json\/wp\/v2\/product_cat?post=11291"},{"taxonomy":"product_tag","embeddable":true,"href":"https:\/\/mo-mo.gr\/es\/wp-json\/wp\/v2\/product_tag?post=11291"}],"curies":[{"name":"wp","href":"https:\/\/api.w.org\/{rel}","templated":true}]}}