{"id":11263,"date":"2024-11-03T13:21:09","date_gmt":"2024-11-03T13:21:09","guid":{"rendered":"https:\/\/mo-mo.gr\/product\/fuchsia-short-haori-with-yukata-sleeves\/"},"modified":"2026-04-09T16:39:39","modified_gmt":"2026-04-09T13:39:39","slug":"haori-corto-fucsia-con-mangas-yukata","status":"publish","type":"product","link":"https:\/\/mo-mo.gr\/es\/\u03c0\u03c1\u03bf\u03ca\u03cc\u03bd\u03c4\u03b1\/fuchsia-short-haori-with-yukata-sleeves\/","title":{"rendered":"Haori corto fucsia con mangas yukata"},"content":{"rendered":"","protected":false},"excerpt":{"rendered":"<p>El Haori Corto Fucsia con Mangas Yukata es una pieza \u00fanica confeccionada en algod\u00f3n org\u00e1nico que incorpora la artesan\u00eda tradicional japonesa y la est\u00e9tica moderna. Su base fucsia, combinada con sutiles detalles esmeralda en la parte delantera, a\u00f1ade un toque distintivo a tu atuendo, acentuando la elegancia y el estilo.<\/p>\n<p>Confeccionado a mano con atenci\u00f3n a cada detalle, este haori tiene mangas yukata que ofrecen comodidad y movimiento, por lo que es perfecto para todas las ocasiones. Su algod\u00f3n org\u00e1nico le confiere suavidad y durabilidad, mientras que el vibrante color fucsia crea una sensaci\u00f3n de renovaci\u00f3n y vitalidad en cada look.<\/p>\n<p>La longitud del **Haori corto fucsia con mangas yukata** se inspira en el tradicional *hanbok* coreano, a\u00f1adiendo un toque sofisticado que combina elementos culturales de Jap\u00f3n y Corea. Esta opci\u00f3n de longitud \u00fanica confiere al haori un car\u00e1cter contempor\u00e1neo, por lo que resulta ideal para combinar con diferentes atuendos, ofreciendo libertad de movimiento y un estilo multidimensional que hace honor a la tradici\u00f3n est\u00e9tica de Asia.<\/p>\n<p>El haori se cose en talla \u00fanica.<\/p>","protected":false},"featured_media":12472,"comment_status":"open","ping_status":"closed","template":"","meta":{"_gspb_post_css":""},"product_brand":[],"product_cat":[114,66],"product_tag":[25,56],"class_list":{"0":"post-11263","1":"product","2":"type-product","3":"status-publish","4":"has-post-thumbnail","6":"product_cat-haori","7":"product_cat-66","8":"product_tag-haori","9":"product_tag-womans-kimonos","10":"pa_-one-size","11":"pa_-100","13":"first","14":"instock","15":"taxable","16":"shipping-taxable","17":"purchasable","18":"product-type-variable"},"_links":{"self":[{"href":"https:\/\/mo-mo.gr\/es\/wp-json\/wp\/v2\/product\/11263","targetHints":{"allow":["GET"]}}],"collection":[{"href":"https:\/\/mo-mo.gr\/es\/wp-json\/wp\/v2\/product"}],"about":[{"href":"https:\/\/mo-mo.gr\/es\/wp-json\/wp\/v2\/types\/product"}],"replies":[{"embeddable":true,"href":"https:\/\/mo-mo.gr\/es\/wp-json\/wp\/v2\/comments?post=11263"}],"wp:featuredmedia":[{"embeddable":true,"href":"https:\/\/mo-mo.gr\/es\/wp-json\/wp\/v2\/media\/12472"}],"wp:attachment":[{"href":"https:\/\/mo-mo.gr\/es\/wp-json\/wp\/v2\/media?parent=11263"}],"wp:term":[{"taxonomy":"product_brand","embeddable":true,"href":"https:\/\/mo-mo.gr\/es\/wp-json\/wp\/v2\/product_brand?post=11263"},{"taxonomy":"product_cat","embeddable":true,"href":"https:\/\/mo-mo.gr\/es\/wp-json\/wp\/v2\/product_cat?post=11263"},{"taxonomy":"product_tag","embeddable":true,"href":"https:\/\/mo-mo.gr\/es\/wp-json\/wp\/v2\/product_tag?post=11263"}],"curies":[{"name":"wp","href":"https:\/\/api.w.org\/{rel}","templated":true}]}}