{"id":11256,"date":"2024-11-02T14:31:16","date_gmt":"2024-11-02T14:31:16","guid":{"rendered":"https:\/\/mo-mo.gr\/product\/traditional-japanese-haori-in-khaki-beige\/"},"modified":"2025-03-05T11:34:41","modified_gmt":"2025-03-05T09:34:41","slug":"haori-tradicional-japones-en-beige-caqui-2","status":"publish","type":"product","link":"https:\/\/mo-mo.gr\/es\/\u03c0\u03c1\u03bf\u03ca\u03cc\u03bd\u03c4\u03b1\/traditional-japanese-haori-in-khaki-beige\/","title":{"rendered":"Haori tradicional japon\u00e9s en beige caqui"},"content":{"rendered":"","protected":false},"excerpt":{"rendered":"<p>El tradicional *haori* en tono caqui-beige est\u00e1 confeccionado con una mezcla de ray\u00f3n y algod\u00f3n de alta calidad, que garantiza su comodidad y tacto natural. Cosido en Jap\u00f3n, aporta un toque aut\u00e9ntico de cultura y elegancia asi\u00e1ticas, al tiempo que MOMO KIDOHO lo mantiene y limpia cuidadosamente con m\u00e9todos org\u00e1nicos, conserv\u00e1ndolo en perfectas condiciones.<\/p>\n<p>Ideal para realzar su look diario o para a\u00f1adir un aire de tradici\u00f3n y elegancia a sus salidas, este *haori* es una pieza de coleccionista para quienes buscan la autenticidad de la tradici\u00f3n japonesa con un cuidado moderno.<\/p>\n<p>La talla es \u00fanica.<\/p>\n<p>El haori es una prenda tradicional japonesa que destaca por su discreta elegancia y su valor cultural. Llevado originalmente como abrigo ligero por los samur\u00e1is para protegerse de las inclemencias del tiempo, evolucion\u00f3 m\u00e1s tarde hasta convertirse en una prenda que combinaba utilidad y alta est\u00e9tica. Durante el siglo XX, el haori adquiri\u00f3 un uso generalizado, llevado por hombres y mujeres en ocasiones formales y en la vida cotidiana, normalmente sobre el kimono. Hoy en d\u00eda, el haori se conserva como s\u00edmbolo de la tradici\u00f3n y se lleva como abrigo en ocasiones especiales o incorporado a la moda moderna, llevando un aura de aut\u00e9ntica cultura japonesa en cada look.<\/p>","protected":false},"featured_media":12466,"comment_status":"open","ping_status":"closed","template":"","meta":{"_gspb_post_css":""},"product_brand":[],"product_cat":[114,66],"product_tag":[25,41,56],"class_list":{"0":"post-11256","1":"product","2":"type-product","3":"status-publish","4":"has-post-thumbnail","6":"product_cat-haori","7":"product_cat-66","8":"product_tag-haori","9":"product_tag-mens-kimonos","10":"product_tag-womans-kimonos","11":"pa_-large-xlarge","12":"pa_-81","14":"first","15":"outofstock","16":"taxable","17":"shipping-taxable","18":"purchasable","19":"product-type-simple"},"_links":{"self":[{"href":"https:\/\/mo-mo.gr\/es\/wp-json\/wp\/v2\/product\/11256","targetHints":{"allow":["GET"]}}],"collection":[{"href":"https:\/\/mo-mo.gr\/es\/wp-json\/wp\/v2\/product"}],"about":[{"href":"https:\/\/mo-mo.gr\/es\/wp-json\/wp\/v2\/types\/product"}],"replies":[{"embeddable":true,"href":"https:\/\/mo-mo.gr\/es\/wp-json\/wp\/v2\/comments?post=11256"}],"wp:featuredmedia":[{"embeddable":true,"href":"https:\/\/mo-mo.gr\/es\/wp-json\/wp\/v2\/media\/12466"}],"wp:attachment":[{"href":"https:\/\/mo-mo.gr\/es\/wp-json\/wp\/v2\/media?parent=11256"}],"wp:term":[{"taxonomy":"product_brand","embeddable":true,"href":"https:\/\/mo-mo.gr\/es\/wp-json\/wp\/v2\/product_brand?post=11256"},{"taxonomy":"product_cat","embeddable":true,"href":"https:\/\/mo-mo.gr\/es\/wp-json\/wp\/v2\/product_cat?post=11256"},{"taxonomy":"product_tag","embeddable":true,"href":"https:\/\/mo-mo.gr\/es\/wp-json\/wp\/v2\/product_tag?post=11256"}],"curies":[{"name":"wp","href":"https:\/\/api.w.org\/{rel}","templated":true}]}}