{"id":11143,"date":"2024-10-14T10:43:55","date_gmt":"2024-10-14T10:43:55","guid":{"rendered":"https:\/\/mo-mo.gr\/product\/japanese-hoodie-heaven-in-navy-color\/"},"modified":"2025-03-05T11:33:03","modified_gmt":"2025-03-05T09:33:03","slug":"sudadera-japonesa-cielo-en-color-marino","status":"publish","type":"product","link":"https:\/\/mo-mo.gr\/es\/\u03c0\u03c1\u03bf\u03ca\u03cc\u03bd\u03c4\u03b1\/japanese-hoodie-heaven-in-navy-color\/","title":{"rendered":"Sudadera japonesa con capucha Heaven en color azul marino"},"content":{"rendered":"","protected":false},"excerpt":{"rendered":"<p>Sudadera japonesa con capucha Heaven<\/p>\n<p>Esta sudadera con capucha en un elegante color French Navy combina la comodidad con el arte y la tradici\u00f3n de Jap\u00f3n. Est\u00e1 confeccionada con materiales de alta calidad, con una mezcla de algod\u00f3n org\u00e1nico 80% y poli\u00e9ster reciclado 20%, que ofrece una suavidad y durabilidad excepcionales. En el reverso, la palabra \"Paradise\" aparece en escritura Katakana (\u30d1\u30e9\u30c0\u30a4\u30b9), a\u00f1adiendo una est\u00e9tica \u00fanica al look. El dise\u00f1o se complementa con flores tradicionales japonesas que florecen alrededor de una figura de geisha, creando un equilibrio entre la elegancia y el poder de la cultura japonesa. Perfecta para los amantes del estilo japon\u00e9s, esta sudadera con capucha te acerca el \"Para\u00edso\".<\/p>\n<p>Esta sudadera con capucha se ha dise\u00f1ado pensando en la comodidad y la est\u00e9tica, por lo que resulta ideal para looks cotidianos o para ocasiones m\u00e1s especiales. El intenso color French Navy le confiere una sutil elegancia, mientras que la detallada representaci\u00f3n de geishas y flores japonesas a\u00f1ade un toque distintivo y art\u00edstico que sin duda llamar\u00e1 la atenci\u00f3n. La suavidad del algod\u00f3n org\u00e1nico se combina con la durabilidad del poli\u00e9ster reciclado, ofreciendo un producto ecol\u00f3gico que no compromete la calidad. Tanto si la llevas con ropa informal como si la combinas con algo m\u00e1s elegante, esta sudadera con capucha se convertir\u00e1 en tu pieza favorita para cualquier ocasi\u00f3n.<\/p>","protected":false},"featured_media":12423,"comment_status":"open","ping_status":"closed","template":"","meta":{"_gspb_post_css":""},"product_brand":[],"product_cat":[74,111],"product_tag":[],"class_list":{"0":"post-11143","1":"product","2":"type-product","3":"status-publish","4":"has-post-thumbnail","6":"product_cat-new","7":"product_cat-111","8":"pa_-large","9":"pa_-medium","10":"pa_-small","11":"pa_-xtra-large","12":"pa_-xtra-small","13":"pa_-xxl","15":"first","16":"instock","17":"taxable","18":"shipping-taxable","19":"purchasable","20":"product-type-variable"},"_links":{"self":[{"href":"https:\/\/mo-mo.gr\/es\/wp-json\/wp\/v2\/product\/11143","targetHints":{"allow":["GET"]}}],"collection":[{"href":"https:\/\/mo-mo.gr\/es\/wp-json\/wp\/v2\/product"}],"about":[{"href":"https:\/\/mo-mo.gr\/es\/wp-json\/wp\/v2\/types\/product"}],"replies":[{"embeddable":true,"href":"https:\/\/mo-mo.gr\/es\/wp-json\/wp\/v2\/comments?post=11143"}],"wp:featuredmedia":[{"embeddable":true,"href":"https:\/\/mo-mo.gr\/es\/wp-json\/wp\/v2\/media\/12423"}],"wp:attachment":[{"href":"https:\/\/mo-mo.gr\/es\/wp-json\/wp\/v2\/media?parent=11143"}],"wp:term":[{"taxonomy":"product_brand","embeddable":true,"href":"https:\/\/mo-mo.gr\/es\/wp-json\/wp\/v2\/product_brand?post=11143"},{"taxonomy":"product_cat","embeddable":true,"href":"https:\/\/mo-mo.gr\/es\/wp-json\/wp\/v2\/product_cat?post=11143"},{"taxonomy":"product_tag","embeddable":true,"href":"https:\/\/mo-mo.gr\/es\/wp-json\/wp\/v2\/product_tag?post=11143"}],"curies":[{"name":"wp","href":"https:\/\/api.w.org\/{rel}","templated":true}]}}