{"id":11120,"date":"2024-09-18T14:56:32","date_gmt":"2024-09-18T14:56:32","guid":{"rendered":"https:\/\/mo-mo.gr\/product\/korean-sweatshirt-cats-choose-us\/"},"modified":"2025-03-01T00:00:03","modified_gmt":"2025-02-28T22:00:03","slug":"los-gatos-coreanos-de-las-sudaderas-nos-eligen","status":"publish","type":"product","link":"https:\/\/mo-mo.gr\/es\/\u03c0\u03c1\u03bf\u03ca\u03cc\u03bd\u03c4\u03b1\/korean-sweatshirt-cats-choose-us\/","title":{"rendered":"Sudadera coreana Los gatos nos eligen"},"content":{"rendered":"","protected":false},"excerpt":{"rendered":"<p>Los gatos de las sudaderas coreanas nos eligen, no somos sus due\u00f1os.<\/p>\n<p>La sudadera blanca con las palabras \"\uace0\uc591\uc774\ub294 \uc6b0\ub9ac\ub97c \uc120\ud0dd\ud558\uc9c0, \uc6b0\ub9ac\uac00 \uace0\uc591\uc774\ub97c \uc18c\uc720\ud558\ub294 \uac83\uc774 \uc544\ub2c8\uc5d0\uc694.\" es la elecci\u00f3n definitiva para los amantes de los gatos que quieren expresar su amor con estilo. En la parte delantera, esta frase, que se traduce como \"Los gatos nos eligen, no somos sus due\u00f1os\", est\u00e1 escrita en letra negra, creando un bonito contraste con el tejido blanco de la sudadera.<\/p>\n<p>La sudadera est\u00e1 confeccionada en tejido de algod\u00f3n de alta calidad que ofrece un tacto suave sobre la piel y una comodidad duradera. Su corte cl\u00e1sico y su ajuste relajado la hacen ideal para llevarla a diario, mientras que su suave forro garantiza el calor en los d\u00edas fr\u00edos. La sudadera est\u00e1 dise\u00f1ada con atenci\u00f3n al detalle, incluyendo costuras reforzadas y un excelente ajuste que no perder\u00e1 su forma incluso despu\u00e9s de m\u00faltiples lavados.<\/p>\n<p>Esta sudadera combina funcionalidad con expresi\u00f3n personal, por lo que es ideal para cualquier amante de los gatos que quiera mostrar su amor por sus queridos amigos de cuatro patas. Tanto si te la pones para dar un paseo como para pasar un d\u00eda relajado en casa, esta sudadera te har\u00e1 compa\u00f1\u00eda con comodidad y estilo.<\/p>","protected":false},"featured_media":12414,"comment_status":"open","ping_status":"open","template":"","meta":{"_gspb_post_css":""},"product_brand":[],"product_cat":[74,111],"product_tag":[],"class_list":{"0":"post-11120","1":"product","2":"type-product","3":"status-publish","4":"has-post-thumbnail","6":"product_cat-new","7":"product_cat-111","8":"pa_-large","9":"pa_-medium","10":"pa_-small","11":"pa_-xtra-large","12":"pa_-xtra-small","13":"pa_-xxl","15":"first","16":"instock","17":"taxable","18":"shipping-taxable","19":"purchasable","20":"product-type-variable"},"_links":{"self":[{"href":"https:\/\/mo-mo.gr\/es\/wp-json\/wp\/v2\/product\/11120","targetHints":{"allow":["GET"]}}],"collection":[{"href":"https:\/\/mo-mo.gr\/es\/wp-json\/wp\/v2\/product"}],"about":[{"href":"https:\/\/mo-mo.gr\/es\/wp-json\/wp\/v2\/types\/product"}],"replies":[{"embeddable":true,"href":"https:\/\/mo-mo.gr\/es\/wp-json\/wp\/v2\/comments?post=11120"}],"wp:featuredmedia":[{"embeddable":true,"href":"https:\/\/mo-mo.gr\/es\/wp-json\/wp\/v2\/media\/12414"}],"wp:attachment":[{"href":"https:\/\/mo-mo.gr\/es\/wp-json\/wp\/v2\/media?parent=11120"}],"wp:term":[{"taxonomy":"product_brand","embeddable":true,"href":"https:\/\/mo-mo.gr\/es\/wp-json\/wp\/v2\/product_brand?post=11120"},{"taxonomy":"product_cat","embeddable":true,"href":"https:\/\/mo-mo.gr\/es\/wp-json\/wp\/v2\/product_cat?post=11120"},{"taxonomy":"product_tag","embeddable":true,"href":"https:\/\/mo-mo.gr\/es\/wp-json\/wp\/v2\/product_tag?post=11120"}],"curies":[{"name":"wp","href":"https:\/\/api.w.org\/{rel}","templated":true}]}}