{"id":11077,"date":"2024-09-06T17:51:21","date_gmt":"2024-09-06T17:51:21","guid":{"rendered":"https:\/\/mo-mo.gr\/product\/japanese-t-shirt-neko-warrior-with-katana\/"},"modified":"2024-12-12T14:49:00","modified_gmt":"2024-12-12T14:49:00","slug":"camiseta-japonesa-neko-guerrero-con-katana-2","status":"publish","type":"product","link":"https:\/\/mo-mo.gr\/es\/\u03c0\u03c1\u03bf\u03ca\u03cc\u03bd\u03c4\u03b1\/japanese-t-shirt-neko-warrior-with-katana\/","title":{"rendered":"Camiseta japonesa Neko Guerrera con Katana"},"content":{"rendered":"","protected":false},"excerpt":{"rendered":"<p>Camiseta japonesa Neko Warrior with Katana es una impresionante camiseta de algod\u00f3n en color negro que representa a una misteriosa mujer con una m\u00e1scara de gato japonesa (Neko) sosteniendo una katana, s\u00edmbolo de poder y artes marciales. Las flores rojas que rodean la figura a\u00f1aden un sentido de tradici\u00f3n y pasi\u00f3n, creando un llamativo contraste con el fondo negro. El dise\u00f1o combina la cultura tradicional japonesa con una est\u00e9tica contempor\u00e1nea, ideal para quienes buscan un estilo \u00fanico y din\u00e1mico con profundidad y significado.<\/p>\n<p>La \"Camiseta japonesa Guerrera Neko con Katana\" no es s\u00f3lo una prenda de vestir, sino un homenaje a la cultura y la tradici\u00f3n marcial japonesas. La mujer con la m\u00e1scara de gata Neko representa la combinaci\u00f3n de misticismo y poder, mientras que la katana, la tradicional espada samur\u00e1i, a\u00f1ade un toque de irresistible determinaci\u00f3n. Las flores rojas, a menudo asociadas con la pasi\u00f3n y la energ\u00eda, realzan la profundidad art\u00edstica del dise\u00f1o, creando un armonioso equilibrio entre poder y belleza. Este top es perfecto para quienes desean incorporar el estilo japon\u00e9s a su look moderno.<\/p>","protected":false},"featured_media":12399,"comment_status":"open","ping_status":"open","template":"","meta":{"_gspb_post_css":""},"product_brand":[],"product_cat":[74,96],"product_tag":[],"class_list":{"0":"post-11077","1":"product","2":"type-product","3":"status-publish","4":"has-post-thumbnail","6":"product_cat-new","7":"product_cat-t-shirts","8":"pa_-large","9":"pa_-medium","10":"pa_-small","11":"pa_-xtra-large","12":"pa_-xtra-small","13":"pa_-xxl","14":"pa_-100-","15":"pa_-jersey-190g-m2","16":"pa_-85","18":"first","19":"instock","20":"taxable","21":"shipping-taxable","22":"purchasable","23":"product-type-variable"},"_links":{"self":[{"href":"https:\/\/mo-mo.gr\/es\/wp-json\/wp\/v2\/product\/11077","targetHints":{"allow":["GET"]}}],"collection":[{"href":"https:\/\/mo-mo.gr\/es\/wp-json\/wp\/v2\/product"}],"about":[{"href":"https:\/\/mo-mo.gr\/es\/wp-json\/wp\/v2\/types\/product"}],"replies":[{"embeddable":true,"href":"https:\/\/mo-mo.gr\/es\/wp-json\/wp\/v2\/comments?post=11077"}],"wp:featuredmedia":[{"embeddable":true,"href":"https:\/\/mo-mo.gr\/es\/wp-json\/wp\/v2\/media\/12399"}],"wp:attachment":[{"href":"https:\/\/mo-mo.gr\/es\/wp-json\/wp\/v2\/media?parent=11077"}],"wp:term":[{"taxonomy":"product_brand","embeddable":true,"href":"https:\/\/mo-mo.gr\/es\/wp-json\/wp\/v2\/product_brand?post=11077"},{"taxonomy":"product_cat","embeddable":true,"href":"https:\/\/mo-mo.gr\/es\/wp-json\/wp\/v2\/product_cat?post=11077"},{"taxonomy":"product_tag","embeddable":true,"href":"https:\/\/mo-mo.gr\/es\/wp-json\/wp\/v2\/product_tag?post=11077"}],"curies":[{"name":"wp","href":"https:\/\/api.w.org\/{rel}","templated":true}]}}