{"id":10947,"date":"2024-07-05T19:30:18","date_gmt":"2024-07-05T19:30:18","guid":{"rendered":"https:\/\/mo-mo.gr\/product\/japanese-tote-bag-geisha-okoi-mini\/"},"modified":"2025-03-05T11:37:38","modified_gmt":"2025-03-05T09:37:38","slug":"bolso-tote-japones-geisha-okoi-mini","status":"publish","type":"product","link":"https:\/\/mo-mo.gr\/es\/\u03c0\u03c1\u03bf\u03ca\u03cc\u03bd\u03c4\u03b1\/japanese-tote-bag-geisha-okoi-mini\/","title":{"rendered":"BOLSO TOTE JAPON\u00c9S GEISHA OKOI MINI"},"content":{"rendered":"","protected":false},"excerpt":{"rendered":"<p>Descubra la elegancia y el legado con el **Bolso Tote Japon\u00e9s Geisha OkoI**. Este sofisticado bolso est\u00e1 confeccionado con tejido japon\u00e9s importado de Kioto, lo que garantiza la m\u00e1xima calidad y est\u00e9tica. Su resistente lona negra ofrece una durabilidad notable, mientras que el forro interior de tela morada brillante con un sutil brillo a\u00f1ade un toque de lujo y singularidad.<\/p>\n<p>El bolso se cierra con un broche magn\u00e9tico, garantizando la seguridad de tus objetos, y cuenta con un bolsillo interior para organizar tus objetos personales. Dise\u00f1ada para el d\u00eda a d\u00eda y para ocasiones especiales, esta bolsa es la combinaci\u00f3n perfecta de practicidad y estilo.<\/p>\n<p>El **Japanese Tote Bag Geisha OkoI** est\u00e1 dedicado a la geisha Okoi, figura que simboliza el arte y la belleza de la tradici\u00f3n japonesa. El bolso se fabrica en un n\u00famero limitado de piezas, lo que lo convierte en una pieza de coleccionista para los amantes de la cultura y la moda japonesas. Cons\u00edguelo ahora y a\u00f1ade un toque de sofisticado estilo japon\u00e9s a tu colecci\u00f3n.<\/p>\n<p>Dimensiones 24*17 y altura del asa 15<\/p>","protected":false},"featured_media":12361,"comment_status":"open","ping_status":"closed","template":"","meta":{"_gspb_post_css":""},"product_brand":[],"product_cat":[74,65],"product_tag":[],"class_list":{"0":"post-10947","1":"product","2":"type-product","3":"status-publish","4":"has-post-thumbnail","6":"product_cat-new","7":"product_cat-65","9":"first","10":"instock","11":"taxable","12":"shipping-taxable","13":"purchasable","14":"product-type-simple"},"_links":{"self":[{"href":"https:\/\/mo-mo.gr\/es\/wp-json\/wp\/v2\/product\/10947","targetHints":{"allow":["GET"]}}],"collection":[{"href":"https:\/\/mo-mo.gr\/es\/wp-json\/wp\/v2\/product"}],"about":[{"href":"https:\/\/mo-mo.gr\/es\/wp-json\/wp\/v2\/types\/product"}],"replies":[{"embeddable":true,"href":"https:\/\/mo-mo.gr\/es\/wp-json\/wp\/v2\/comments?post=10947"}],"wp:featuredmedia":[{"embeddable":true,"href":"https:\/\/mo-mo.gr\/es\/wp-json\/wp\/v2\/media\/12361"}],"wp:attachment":[{"href":"https:\/\/mo-mo.gr\/es\/wp-json\/wp\/v2\/media?parent=10947"}],"wp:term":[{"taxonomy":"product_brand","embeddable":true,"href":"https:\/\/mo-mo.gr\/es\/wp-json\/wp\/v2\/product_brand?post=10947"},{"taxonomy":"product_cat","embeddable":true,"href":"https:\/\/mo-mo.gr\/es\/wp-json\/wp\/v2\/product_cat?post=10947"},{"taxonomy":"product_tag","embeddable":true,"href":"https:\/\/mo-mo.gr\/es\/wp-json\/wp\/v2\/product_tag?post=10947"}],"curies":[{"name":"wp","href":"https:\/\/api.w.org\/{rel}","templated":true}]}}