{"id":10929,"date":"2024-06-24T13:58:47","date_gmt":"2024-06-24T13:58:47","guid":{"rendered":"https:\/\/mo-mo.gr\/product\/kimono-haori-in-beige-organic-cotton\/"},"modified":"2026-04-09T16:59:54","modified_gmt":"2026-04-09T13:59:54","slug":"kimono-haori-de-algodon-organico-beige","status":"publish","type":"product","link":"https:\/\/mo-mo.gr\/es\/\u03c0\u03c1\u03bf\u03ca\u03cc\u03bd\u03c4\u03b1\/kimono-haori-in-beige-organic-cotton\/","title":{"rendered":"Kimono Haori de algod\u00f3n org\u00e1nico beige"},"content":{"rendered":"","protected":false},"excerpt":{"rendered":"<p>Haori de hombre hecho a mano con algod\u00f3n org\u00e1nico<\/p>\n<p>Descubre la elegancia y la comodidad con el Haori de hombre hecho a mano en algod\u00f3n org\u00e1nico. Una pieza \u00fanica que incorpora el arte tradicional japon\u00e9s con una est\u00e9tica contempor\u00e1nea, perfecta para el verano y el oto\u00f1o.<\/p>\n<p>Caracter\u00edsticas<\/p>\n<p>Material: algod\u00f3n org\u00e1nico 100%, suave y duradero, ofrece comodidad y frescor en los d\u00edas calurosos, al tiempo que mantiene la temperatura a niveles normales en las noches frescas de oto\u00f1o.<br \/>\nConstrucci\u00f3n: Hecho a mano con atenci\u00f3n al detalle, asegurando alta calidad y singularidad en cada pieza.<br \/>\nPlano: L\u00ednea cl\u00e1sica con toques modernos, adecuada para cualquier ocasi\u00f3n. Su sencillez permite llevarlo tanto en apariciones formales como informales.<br \/>\nComodidad: un corte relajado que ofrece facilidad de movimiento y comodidad sin comprometer el estilo.<br \/>\nEstacionalidad: Perfecto para el verano y el oto\u00f1o, este Haori puede llevarse como panoplia, ofreciendo protecci\u00f3n contra el sol y frescor.<\/p>\n<p>Lleve la autenticidad y el esp\u00edritu de Jap\u00f3n a su vestuario con este exquisito Haori, una verdadera expresi\u00f3n de arte y practicidad.<\/p>\n<p>Los kimonos se cosen por encargo y el plazo de fabricaci\u00f3n habitual es de 3 a 5 d\u00edas.<\/p>","protected":false},"featured_media":12351,"comment_status":"open","ping_status":"closed","template":"","meta":{"_gspb_post_css":""},"product_brand":[],"product_cat":[114,66],"product_tag":[25,41,56],"class_list":{"0":"post-10929","1":"product","2":"type-product","3":"status-publish","4":"has-post-thumbnail","6":"product_cat-haori","7":"product_cat-66","8":"product_tag-haori","9":"product_tag-mens-kimonos","10":"product_tag-womans-kimonos","11":"pa_-large","12":"pa_-medium","13":"pa_-small","14":"pa_-xtra-large","15":"pa_-xtra-small","16":"pa_-xxl","17":"pa_-81","19":"first","20":"instock","21":"taxable","22":"shipping-taxable","23":"purchasable","24":"product-type-variable"},"_links":{"self":[{"href":"https:\/\/mo-mo.gr\/es\/wp-json\/wp\/v2\/product\/10929","targetHints":{"allow":["GET"]}}],"collection":[{"href":"https:\/\/mo-mo.gr\/es\/wp-json\/wp\/v2\/product"}],"about":[{"href":"https:\/\/mo-mo.gr\/es\/wp-json\/wp\/v2\/types\/product"}],"replies":[{"embeddable":true,"href":"https:\/\/mo-mo.gr\/es\/wp-json\/wp\/v2\/comments?post=10929"}],"wp:featuredmedia":[{"embeddable":true,"href":"https:\/\/mo-mo.gr\/es\/wp-json\/wp\/v2\/media\/12351"}],"wp:attachment":[{"href":"https:\/\/mo-mo.gr\/es\/wp-json\/wp\/v2\/media?parent=10929"}],"wp:term":[{"taxonomy":"product_brand","embeddable":true,"href":"https:\/\/mo-mo.gr\/es\/wp-json\/wp\/v2\/product_brand?post=10929"},{"taxonomy":"product_cat","embeddable":true,"href":"https:\/\/mo-mo.gr\/es\/wp-json\/wp\/v2\/product_cat?post=10929"},{"taxonomy":"product_tag","embeddable":true,"href":"https:\/\/mo-mo.gr\/es\/wp-json\/wp\/v2\/product_tag?post=10929"}],"curies":[{"name":"wp","href":"https:\/\/api.w.org\/{rel}","templated":true}]}}