{"id":10914,"date":"2024-06-19T21:42:50","date_gmt":"2024-06-19T21:42:50","guid":{"rendered":"https:\/\/mo-mo.gr\/product\/chinese-fan-birdsong-elegance\/"},"modified":"2025-03-05T11:37:12","modified_gmt":"2025-03-05T09:37:12","slug":"abanico-chino-canto-de-los-pajaros-elegancia","status":"publish","type":"product","link":"https:\/\/mo-mo.gr\/es\/\u03c0\u03c1\u03bf\u03ca\u03cc\u03bd\u03c4\u03b1\/chinese-fan-birdsong-elegance\/","title":{"rendered":"Abanico chino Birdsong Elegance"},"content":{"rendered":"","protected":false},"excerpt":{"rendered":"<p>Abanico chino Birdsong Elegance<\/p>\n<p>El abanico chino Birdsong Elegance est\u00e1 fabricado con materiales de alta calidad. Mide aproximadamente 21 cm de alto y tiene un excelente detalle en la representaci\u00f3n de los p\u00e1jaros que se ven sobre el fondo de \u00e1rboles en la naturaleza china. La otra cara del abanico est\u00e1 decorada con ideogramas que resaltan la escritura y la est\u00e9tica chinas. Cada pieza destila elegancia y tradici\u00f3n, demostrando el rico patrimonio cultural chino.<\/p>","protected":false},"featured_media":12345,"comment_status":"open","ping_status":"closed","template":"","meta":{"_gspb_post_css":""},"product_brand":[],"product_cat":[71],"product_tag":[],"class_list":{"0":"post-10914","1":"product","2":"type-product","3":"status-publish","4":"has-post-thumbnail","6":"product_cat-71","7":"pa_-92","9":"first","10":"outofstock","11":"taxable","12":"shipping-taxable","13":"purchasable","14":"product-type-simple"},"_links":{"self":[{"href":"https:\/\/mo-mo.gr\/es\/wp-json\/wp\/v2\/product\/10914","targetHints":{"allow":["GET"]}}],"collection":[{"href":"https:\/\/mo-mo.gr\/es\/wp-json\/wp\/v2\/product"}],"about":[{"href":"https:\/\/mo-mo.gr\/es\/wp-json\/wp\/v2\/types\/product"}],"replies":[{"embeddable":true,"href":"https:\/\/mo-mo.gr\/es\/wp-json\/wp\/v2\/comments?post=10914"}],"wp:featuredmedia":[{"embeddable":true,"href":"https:\/\/mo-mo.gr\/es\/wp-json\/wp\/v2\/media\/12345"}],"wp:attachment":[{"href":"https:\/\/mo-mo.gr\/es\/wp-json\/wp\/v2\/media?parent=10914"}],"wp:term":[{"taxonomy":"product_brand","embeddable":true,"href":"https:\/\/mo-mo.gr\/es\/wp-json\/wp\/v2\/product_brand?post=10914"},{"taxonomy":"product_cat","embeddable":true,"href":"https:\/\/mo-mo.gr\/es\/wp-json\/wp\/v2\/product_cat?post=10914"},{"taxonomy":"product_tag","embeddable":true,"href":"https:\/\/mo-mo.gr\/es\/wp-json\/wp\/v2\/product_tag?post=10914"}],"curies":[{"name":"wp","href":"https:\/\/api.w.org\/{rel}","templated":true}]}}