{"id":10910,"date":"2024-06-19T21:28:05","date_gmt":"2024-06-19T21:28:05","guid":{"rendered":"https:\/\/mo-mo.gr\/product\/chinese-fan-whispering-bamboo\/"},"modified":"2024-12-12T14:48:10","modified_gmt":"2024-12-12T14:48:10","slug":"abanico-chino-susurro-de-bambu","status":"publish","type":"product","link":"https:\/\/mo-mo.gr\/es\/\u03c0\u03c1\u03bf\u03ca\u03cc\u03bd\u03c4\u03b1\/chinese-fan-whispering-bamboo\/","title":{"rendered":"Abanico chino Bamb\u00fa susurrante"},"content":{"rendered":"","protected":false},"excerpt":{"rendered":"<p>*Abanico chino Bamb\u00fa susurrante*<\/p>\n<p>El abanico chino Whispering Bamboo es una exquisita pieza de arte que combina la est\u00e9tica con la practicidad. En un lado del abanico se representan plantas muy conocidas de la naturaleza china, que captan el encanto y la magia del paisaje natural. En la otra cara, los ideogramas chinos a\u00f1aden un toque de caligraf\u00eda tradicional, realzando la autenticidad y el valor art\u00edstico del abanico.<\/p>\n<p>Con un radio de 32 cm, Whispering Bamboo es ideal tanto como abanico de mano como objeto decorativo. Su duradera construcci\u00f3n permite un uso diario para refrescarte en los d\u00edas calurosos, mientras que su elegante dise\u00f1o lo convierte en el objeto perfecto para decorar tu espacio. Este abanico es ligero y f\u00e1cil de transportar, perfecto para cualquier ocasi\u00f3n.<\/p>\n<p>Saca a relucir tu lado m\u00e1s sofisticado con el abanico chino Bamb\u00fa Susurrante, un accesorio que desprende tranquilidad y elegancia, y que lleva la belleza de la naturaleza y la cultura chinas a tu vida cotidiana.<\/p>","protected":false},"featured_media":12342,"comment_status":"open","ping_status":"open","template":"","meta":{"_gspb_post_css":""},"product_brand":[],"product_cat":[71],"product_tag":[],"class_list":{"0":"post-10910","1":"product","2":"type-product","3":"status-publish","4":"has-post-thumbnail","6":"product_cat-71","7":"pa_-92","9":"first","10":"outofstock","11":"taxable","12":"shipping-taxable","13":"purchasable","14":"product-type-simple"},"_links":{"self":[{"href":"https:\/\/mo-mo.gr\/es\/wp-json\/wp\/v2\/product\/10910","targetHints":{"allow":["GET"]}}],"collection":[{"href":"https:\/\/mo-mo.gr\/es\/wp-json\/wp\/v2\/product"}],"about":[{"href":"https:\/\/mo-mo.gr\/es\/wp-json\/wp\/v2\/types\/product"}],"replies":[{"embeddable":true,"href":"https:\/\/mo-mo.gr\/es\/wp-json\/wp\/v2\/comments?post=10910"}],"wp:featuredmedia":[{"embeddable":true,"href":"https:\/\/mo-mo.gr\/es\/wp-json\/wp\/v2\/media\/12342"}],"wp:attachment":[{"href":"https:\/\/mo-mo.gr\/es\/wp-json\/wp\/v2\/media?parent=10910"}],"wp:term":[{"taxonomy":"product_brand","embeddable":true,"href":"https:\/\/mo-mo.gr\/es\/wp-json\/wp\/v2\/product_brand?post=10910"},{"taxonomy":"product_cat","embeddable":true,"href":"https:\/\/mo-mo.gr\/es\/wp-json\/wp\/v2\/product_cat?post=10910"},{"taxonomy":"product_tag","embeddable":true,"href":"https:\/\/mo-mo.gr\/es\/wp-json\/wp\/v2\/product_tag?post=10910"}],"curies":[{"name":"wp","href":"https:\/\/api.w.org\/{rel}","templated":true}]}}