{"id":10906,"date":"2024-06-19T21:13:38","date_gmt":"2024-06-19T21:13:38","guid":{"rendered":"https:\/\/mo-mo.gr\/product\/chinese-fan-of-serenity\/"},"modified":"2024-12-12T14:48:09","modified_gmt":"2024-12-12T14:48:09","slug":"abanico-chino-de-la-serenidad","status":"publish","type":"product","link":"https:\/\/mo-mo.gr\/es\/\u03c0\u03c1\u03bf\u03ca\u03cc\u03bd\u03c4\u03b1\/chinese-fan-of-serenity\/","title":{"rendered":"Abanico chino de la serenidad"},"content":{"rendered":"","protected":false},"excerpt":{"rendered":"<p>Abanico chino de la serenidad<\/p>\n<p>El Abanico Chino de la Serenidad es un abanico de excelente calidad, fabricado en tejido satinado de gran durabilidad. Una cara del abanico representa encantadoras im\u00e1genes de la vida china en el campo, ofreciendo una visi\u00f3n de la vida cotidiana y la belleza natural de la China tradicional. En la otra cara, elegantes ideogramas chinos a\u00f1aden un toque extra de autenticidad y valor cultural. El marco del abanico es de bamb\u00fa duradero, lo que garantiza una larga vida \u00fatil y comodidad de uso. Este abanico no es s\u00f3lo un art\u00edculo pr\u00e1ctico para los d\u00edas c\u00e1lidos, sino tambi\u00e9n un elegante accesorio que refleja el rico patrimonio cultural chino.<\/p>\n<p>La longitud del radio de este abanico es de 21 cm.<\/p>","protected":false},"featured_media":12339,"comment_status":"open","ping_status":"open","template":"","meta":{"_gspb_post_css":""},"product_brand":[],"product_cat":[71],"product_tag":[],"class_list":{"0":"post-10906","1":"product","2":"type-product","3":"status-publish","4":"has-post-thumbnail","6":"product_cat-71","7":"pa_-92","9":"first","10":"outofstock","11":"taxable","12":"shipping-taxable","13":"purchasable","14":"product-type-simple"},"_links":{"self":[{"href":"https:\/\/mo-mo.gr\/es\/wp-json\/wp\/v2\/product\/10906","targetHints":{"allow":["GET"]}}],"collection":[{"href":"https:\/\/mo-mo.gr\/es\/wp-json\/wp\/v2\/product"}],"about":[{"href":"https:\/\/mo-mo.gr\/es\/wp-json\/wp\/v2\/types\/product"}],"replies":[{"embeddable":true,"href":"https:\/\/mo-mo.gr\/es\/wp-json\/wp\/v2\/comments?post=10906"}],"wp:featuredmedia":[{"embeddable":true,"href":"https:\/\/mo-mo.gr\/es\/wp-json\/wp\/v2\/media\/12339"}],"wp:attachment":[{"href":"https:\/\/mo-mo.gr\/es\/wp-json\/wp\/v2\/media?parent=10906"}],"wp:term":[{"taxonomy":"product_brand","embeddable":true,"href":"https:\/\/mo-mo.gr\/es\/wp-json\/wp\/v2\/product_brand?post=10906"},{"taxonomy":"product_cat","embeddable":true,"href":"https:\/\/mo-mo.gr\/es\/wp-json\/wp\/v2\/product_cat?post=10906"},{"taxonomy":"product_tag","embeddable":true,"href":"https:\/\/mo-mo.gr\/es\/wp-json\/wp\/v2\/product_tag?post=10906"}],"curies":[{"name":"wp","href":"https:\/\/api.w.org\/{rel}","templated":true}]}}