{"id":10902,"date":"2024-06-17T21:04:32","date_gmt":"2024-06-17T21:04:32","guid":{"rendered":"https:\/\/mo-mo.gr\/product\/japanese-tote-bag-kokeshi-handmade\/"},"modified":"2025-01-08T14:03:15","modified_gmt":"2025-01-08T12:03:15","slug":"bolso-japones-kokeshi-hecho-a-mano","status":"publish","type":"product","link":"https:\/\/mo-mo.gr\/es\/\u03c0\u03c1\u03bf\u03ca\u03cc\u03bd\u03c4\u03b1\/japanese-tote-bag-kokeshi-handmade\/","title":{"rendered":"Bolso japon\u00e9s Kokeshi hecho a mano"},"content":{"rendered":"","protected":false},"excerpt":{"rendered":"<p>La **Japanese Tote Bag Kokeshi est\u00e1 hecha a mano con lona de algod\u00f3n de alta calidad, lo que garantiza una gran resistencia y durabilidad. El forro interior tambi\u00e9n es de lona, lo que ofrece una mayor protecci\u00f3n y durabilidad para sus efectos personales. La bolsa cuenta con un bolsillo interior con cremallera para guardar los objetos m\u00e1s peque\u00f1os y un cierre de cremallera para mayor seguridad. El color de la bolsa es un crudo natural terroso, que combina con cualquier estilo y look.<\/p>\n<p>En un lado de la bolsa aparecen tres mu\u00f1ecas Kokeshi, mu\u00f1ecas tradicionales japonesas con una profunda historia y simbolismo. Las mu\u00f1ecas Kokeshi aparecieron por primera vez en el norte de Jap\u00f3n durante el periodo Edo (1603-1868). Al principio se fabricaban como juguetes para los hijos de los granjeros, pero con el tiempo adquirieron un significado simb\u00f3lico m\u00e1s amplio. Estas mu\u00f1ecas son de madera, con un sencillo cuerpo cil\u00edndrico y una gran cabeza, decoradas con colores vivos y motivos tradicionales. En la actualidad, las mu\u00f1ecas Kokeshi se consideran un s\u00edmbolo de la cultura japonesa y se ofrecen como regalo para atraer la buena suerte y la prosperidad.<\/p>\n<p>Esta bolsa no es s\u00f3lo pr\u00e1ctica, sino tambi\u00e9n una pieza de arte que trae consigo la historia y la cultura de Jap\u00f3n. Perfecta para el uso diario o como regalo especial, la **Japanese Tote Bag Kokeshi** a\u00f1adir\u00e1 un toque de tradici\u00f3n y elegancia a su vida cotidiana. Los detalles del producto incluyen lona de algod\u00f3n resistente, forro de lona, bolsillo interior con cremallera, cierre de cremallera y un dise\u00f1o con tres mu\u00f1ecas Kokeshi.<\/p>","protected":false},"featured_media":12336,"comment_status":"open","ping_status":"closed","template":"","meta":{"_gspb_post_css":""},"product_brand":[],"product_cat":[74,76],"product_tag":[],"class_list":{"0":"post-10902","1":"product","2":"type-product","3":"status-publish","4":"has-post-thumbnail","6":"product_cat-new","7":"product_cat-totes","8":"pa_-100-","9":"pa_-81","11":"first","12":"instock","13":"taxable","14":"shipping-taxable","15":"purchasable","16":"product-type-simple"},"_links":{"self":[{"href":"https:\/\/mo-mo.gr\/es\/wp-json\/wp\/v2\/product\/10902","targetHints":{"allow":["GET"]}}],"collection":[{"href":"https:\/\/mo-mo.gr\/es\/wp-json\/wp\/v2\/product"}],"about":[{"href":"https:\/\/mo-mo.gr\/es\/wp-json\/wp\/v2\/types\/product"}],"replies":[{"embeddable":true,"href":"https:\/\/mo-mo.gr\/es\/wp-json\/wp\/v2\/comments?post=10902"}],"wp:featuredmedia":[{"embeddable":true,"href":"https:\/\/mo-mo.gr\/es\/wp-json\/wp\/v2\/media\/12336"}],"wp:attachment":[{"href":"https:\/\/mo-mo.gr\/es\/wp-json\/wp\/v2\/media?parent=10902"}],"wp:term":[{"taxonomy":"product_brand","embeddable":true,"href":"https:\/\/mo-mo.gr\/es\/wp-json\/wp\/v2\/product_brand?post=10902"},{"taxonomy":"product_cat","embeddable":true,"href":"https:\/\/mo-mo.gr\/es\/wp-json\/wp\/v2\/product_cat?post=10902"},{"taxonomy":"product_tag","embeddable":true,"href":"https:\/\/mo-mo.gr\/es\/wp-json\/wp\/v2\/product_tag?post=10902"}],"curies":[{"name":"wp","href":"https:\/\/api.w.org\/{rel}","templated":true}]}}