{"id":10897,"date":"2024-06-15T15:37:49","date_gmt":"2024-06-15T15:37:49","guid":{"rendered":"https:\/\/mo-mo.gr\/product\/japanese-knot-bag-black-denim-and-gingo-canva\/"},"modified":"2026-04-02T18:06:21","modified_gmt":"2026-04-02T15:06:21","slug":"bolso-nudo-japones-denim-negro-y-gingo-canva","status":"publish","type":"product","link":"https:\/\/mo-mo.gr\/es\/\u03c0\u03c1\u03bf\u03ca\u03cc\u03bd\u03c4\u03b1\/japanese-knot-bag-black-denim-and-gingo-canva\/","title":{"rendered":"Bolsa nudo japon\u00e9s Denim negro y Gingo Canva"},"content":{"rendered":"","protected":false},"excerpt":{"rendered":"<p>Bolso nudo japon\u00e9s Denim negro y ginkgos<\/p>\n<p>Descubra la perfecta armon\u00eda del arte tradicional japon\u00e9s y el dise\u00f1o moderno con el Bolso Nudo Japon\u00e9s en Denim Negro y Lona con Ginkgo. Este elegante bolso combina la durabilidad y practicidad del tejido vaquero con la belleza natural de la lona decorada con motivos de hojas de ginkgo.<\/p>\n<p>El inconfundible dise\u00f1o de la bolsa para nudos proporciona un transporte c\u00f3modo y seguro, mientras que su sencillez y elegancia crean un aspecto discreto pero con estilo. La bolsa es ideal para el uso diario, ya que ofrece un amplio espacio para tus objetos esenciales.<\/p>\n<p>Los suaves tonos de ginkgo de la tela complementan la base negra de los vaqueros, creando un contraste de color equilibrado y agradable. Este bolso no es solo un accesorio pr\u00e1ctico, sino tambi\u00e9n una pieza de arte que porta el esp\u00edritu de la cultura y la tradici\u00f3n japonesas.<\/p>\n<p>Elija el Bolso Nudo Japon\u00e9s en Denim Negro y Lona con Ginkgo para mostrar su est\u00e9tica \u00fanica y a\u00f1adir un toque de autenticidad y elegancia a su vida cotidiana.<\/p>","protected":false},"featured_media":12332,"comment_status":"open","ping_status":"closed","template":"","meta":{"_gspb_post_css":""},"product_brand":[],"product_cat":[74,65],"product_tag":[],"class_list":{"0":"post-10897","1":"product","2":"type-product","3":"status-publish","4":"has-post-thumbnail","6":"product_cat-new","7":"product_cat-65","9":"first","10":"outofstock","11":"taxable","12":"shipping-taxable","13":"purchasable","14":"product-type-simple"},"_links":{"self":[{"href":"https:\/\/mo-mo.gr\/es\/wp-json\/wp\/v2\/product\/10897","targetHints":{"allow":["GET"]}}],"collection":[{"href":"https:\/\/mo-mo.gr\/es\/wp-json\/wp\/v2\/product"}],"about":[{"href":"https:\/\/mo-mo.gr\/es\/wp-json\/wp\/v2\/types\/product"}],"replies":[{"embeddable":true,"href":"https:\/\/mo-mo.gr\/es\/wp-json\/wp\/v2\/comments?post=10897"}],"wp:featuredmedia":[{"embeddable":true,"href":"https:\/\/mo-mo.gr\/es\/wp-json\/wp\/v2\/media\/12332"}],"wp:attachment":[{"href":"https:\/\/mo-mo.gr\/es\/wp-json\/wp\/v2\/media?parent=10897"}],"wp:term":[{"taxonomy":"product_brand","embeddable":true,"href":"https:\/\/mo-mo.gr\/es\/wp-json\/wp\/v2\/product_brand?post=10897"},{"taxonomy":"product_cat","embeddable":true,"href":"https:\/\/mo-mo.gr\/es\/wp-json\/wp\/v2\/product_cat?post=10897"},{"taxonomy":"product_tag","embeddable":true,"href":"https:\/\/mo-mo.gr\/es\/wp-json\/wp\/v2\/product_tag?post=10897"}],"curies":[{"name":"wp","href":"https:\/\/api.w.org\/{rel}","templated":true}]}}