{"id":10880,"date":"2024-06-13T20:29:39","date_gmt":"2024-06-13T20:29:39","guid":{"rendered":"https:\/\/mo-mo.gr\/product\/japanese-book-sleeve-and-purse-combo\/"},"modified":"2025-12-09T15:39:30","modified_gmt":"2025-12-09T13:39:30","slug":"combo-de-funda-de-libro-y-monedero-japones","status":"publish","type":"product","link":"https:\/\/mo-mo.gr\/es\/\u03c0\u03c1\u03bf\u03ca\u03cc\u03bd\u03c4\u03b1\/japanese-book-sleeve-and-purse-combo\/","title":{"rendered":"Combo de funda de libro y monedero japon\u00e9s"},"content":{"rendered":"","protected":false},"excerpt":{"rendered":"<p>Descubra la elegancia y funcionalidad del **Combo japon\u00e9s de funda para libros y monedero**. Este conjunto se compone de dos magn\u00edficas piezas: una funda de libro para transportar y guardar libros o cuadernos de trabajo, y una bolsa monedero para guardar de forma segura tus objetos personales. Fabricado a mano por MOMO KIDOHO, este conjunto est\u00e1 creado con tejidos japoneses de alta calidad que desprenden alegr\u00eda y una est\u00e9tica \u00fanica.<\/p>\n<p>La bolsa de transporte y almacenamiento de libros est\u00e1 dise\u00f1ada para proteger sus libros favoritos o sus trabajos manuales, al tiempo que mantiene el contenido en perfecto estado. El interior ofrece mucho espacio y seguridad para tus objetos, mientras que su resistente construcci\u00f3n garantiza un uso duradero.<\/p>\n<p>El monedero, ideal para organizar sus efectos personales, es a la vez pr\u00e1ctico y elegante. Tanto para el d\u00eda a d\u00eda como para ocasiones especiales, este monedero se convertir\u00e1 en parte integrante de su estilo.<\/p>\n<p>Con un \u00e9nfasis en el detalle y la est\u00e9tica tradicional japonesa, el **Combo japon\u00e9s de funda de libro y monedero** combina la practicidad con el arte, ofreciendo un conjunto \u00fanico que le encantar\u00e1. Incorporando la autenticidad y calidad de la artesan\u00eda japonesa, este conjunto es el regalo perfecto para usted o sus seres queridos.<\/p>","protected":false},"featured_media":12321,"comment_status":"open","ping_status":"closed","template":"","meta":{"_gspb_post_css":""},"product_brand":[],"product_cat":[68,65],"product_tag":[],"class_list":{"0":"post-10880","1":"product","2":"type-product","3":"status-publish","4":"has-post-thumbnail","6":"product_cat-68","7":"product_cat-65","9":"first","10":"outofstock","11":"sale","12":"taxable","13":"shipping-taxable","14":"purchasable","15":"product-type-simple"},"_links":{"self":[{"href":"https:\/\/mo-mo.gr\/es\/wp-json\/wp\/v2\/product\/10880","targetHints":{"allow":["GET"]}}],"collection":[{"href":"https:\/\/mo-mo.gr\/es\/wp-json\/wp\/v2\/product"}],"about":[{"href":"https:\/\/mo-mo.gr\/es\/wp-json\/wp\/v2\/types\/product"}],"replies":[{"embeddable":true,"href":"https:\/\/mo-mo.gr\/es\/wp-json\/wp\/v2\/comments?post=10880"}],"wp:featuredmedia":[{"embeddable":true,"href":"https:\/\/mo-mo.gr\/es\/wp-json\/wp\/v2\/media\/12321"}],"wp:attachment":[{"href":"https:\/\/mo-mo.gr\/es\/wp-json\/wp\/v2\/media?parent=10880"}],"wp:term":[{"taxonomy":"product_brand","embeddable":true,"href":"https:\/\/mo-mo.gr\/es\/wp-json\/wp\/v2\/product_brand?post=10880"},{"taxonomy":"product_cat","embeddable":true,"href":"https:\/\/mo-mo.gr\/es\/wp-json\/wp\/v2\/product_cat?post=10880"},{"taxonomy":"product_tag","embeddable":true,"href":"https:\/\/mo-mo.gr\/es\/wp-json\/wp\/v2\/product_tag?post=10880"}],"curies":[{"name":"wp","href":"https:\/\/api.w.org\/{rel}","templated":true}]}}