{"id":10876,"date":"2024-06-13T20:19:44","date_gmt":"2024-06-13T20:19:44","guid":{"rendered":"https:\/\/mo-mo.gr\/product\/japanese-fan-black-with-crane\/"},"modified":"2024-12-12T14:47:58","modified_gmt":"2024-12-12T14:47:58","slug":"abanico-japones-negro-con-grulla","status":"publish","type":"product","link":"https:\/\/mo-mo.gr\/es\/\u03c0\u03c1\u03bf\u03ca\u03cc\u03bd\u03c4\u03b1\/japanese-fan-black-with-crane\/","title":{"rendered":"Abanico Japon\u00e9s Negro con Grulla"},"content":{"rendered":"","protected":false},"excerpt":{"rendered":"<p>Abanico Japon\u00e9s Negro con Grulla Descubra la refinada elegancia del abanico japon\u00e9s, una pieza de arte \u00fanica que destila la tradici\u00f3n y la est\u00e9tica de Jap\u00f3n. Este abanico negro est\u00e1 cuidadosamente elaborado y representa una grulla, s\u00edmbolo de longevidad, paz y buena fortuna.<\/p>\n<p>El abanico tiene un significado especial en la cultura japonesa, pues se utiliza tanto en la vida cotidiana como en diversos rituales y manifestaciones art\u00edsticas. Desde las danzas y representaciones teatrales del kabuki tradicional hasta las ceremonias del t\u00e9, el abanico es parte integrante de la cultura japonesa. Adem\u00e1s de su funcionalidad como medio de refrigeraci\u00f3n, los abanicos son un s\u00edmbolo de buena fortuna y estatus social. En Jap\u00f3n, el intercambio de abanicos como regalo se considera un acto de respeto y aprecio.<\/p>\n<p>El abanico japon\u00e9s Grulla Negra** es ideal tanto para uso pr\u00e1ctico como pieza decorativa que puede adornar su espacio, a\u00f1adiendo un sentido de herencia cultural y estilo sofisticado. Fabricado con atenci\u00f3n al detalle y respetando las tradiciones, este abanico irradia la autenticidad y elegancia caracter\u00edsticas de la cultura japonesa.<\/p>","protected":false},"featured_media":12318,"comment_status":"open","ping_status":"open","template":"","meta":{"_gspb_post_css":""},"product_brand":[],"product_cat":[68,71],"product_tag":[],"class_list":{"0":"post-10876","1":"product","2":"type-product","3":"status-publish","4":"has-post-thumbnail","6":"product_cat-68","7":"product_cat-71","8":"pa_-85","10":"first","11":"outofstock","12":"taxable","13":"shipping-taxable","14":"purchasable","15":"product-type-simple"},"_links":{"self":[{"href":"https:\/\/mo-mo.gr\/es\/wp-json\/wp\/v2\/product\/10876","targetHints":{"allow":["GET"]}}],"collection":[{"href":"https:\/\/mo-mo.gr\/es\/wp-json\/wp\/v2\/product"}],"about":[{"href":"https:\/\/mo-mo.gr\/es\/wp-json\/wp\/v2\/types\/product"}],"replies":[{"embeddable":true,"href":"https:\/\/mo-mo.gr\/es\/wp-json\/wp\/v2\/comments?post=10876"}],"wp:featuredmedia":[{"embeddable":true,"href":"https:\/\/mo-mo.gr\/es\/wp-json\/wp\/v2\/media\/12318"}],"wp:attachment":[{"href":"https:\/\/mo-mo.gr\/es\/wp-json\/wp\/v2\/media?parent=10876"}],"wp:term":[{"taxonomy":"product_brand","embeddable":true,"href":"https:\/\/mo-mo.gr\/es\/wp-json\/wp\/v2\/product_brand?post=10876"},{"taxonomy":"product_cat","embeddable":true,"href":"https:\/\/mo-mo.gr\/es\/wp-json\/wp\/v2\/product_cat?post=10876"},{"taxonomy":"product_tag","embeddable":true,"href":"https:\/\/mo-mo.gr\/es\/wp-json\/wp\/v2\/product_tag?post=10876"}],"curies":[{"name":"wp","href":"https:\/\/api.w.org\/{rel}","templated":true}]}}