{"id":10858,"date":"2024-06-13T19:55:43","date_gmt":"2024-06-13T19:55:43","guid":{"rendered":"https:\/\/mo-mo.gr\/product\/japanese-purse-kiku-harmony\/"},"modified":"2025-12-09T15:39:51","modified_gmt":"2025-12-09T13:39:51","slug":"monedero-japones-kiku-harmony","status":"publish","type":"product","link":"https:\/\/mo-mo.gr\/es\/\u03c0\u03c1\u03bf\u03ca\u03cc\u03bd\u03c4\u03b1\/japanese-purse-kiku-harmony\/","title":{"rendered":"Monedero japon\u00e9s Kiku Harmony"},"content":{"rendered":"","protected":false},"excerpt":{"rendered":"<p>El **Monedero Japon\u00e9s Kiku Harmony** es un monedero extremadamente elegante y funcional que rezuma est\u00e9tica tradicional japonesa. Fabricado en tejido de algod\u00f3n japon\u00e9s de alta calidad, ofrece durabilidad y un estilo sofisticado. El forro interior de lona garantiza la durabilidad y la protecci\u00f3n de sus objetos personales.<\/p>\n<p>Perfecto para llevar cosm\u00e9ticos, accesorios esenciales u objetos peque\u00f1os, el monedero japon\u00e9s Kiku Harmony es ideal para llevar de excursi\u00f3n o para guardar sus objetos personales a buen recaudo dentro del bolso. Su dise\u00f1o, con motivos tradicionales japoneses, evoca el encanto de Kioto y aporta una sensaci\u00f3n de elegancia y herencia.<\/p>\n<p>Con el monedero japon\u00e9s Kiku Harmony, dispondr\u00e1 de un accesorio pr\u00e1ctico y elegante que complementar\u00e1 todos sus looks y a\u00f1adir\u00e1 un toque de encanto japon\u00e9s a su vida cotidiana.<\/p>\n<p>El Monedero Japon\u00e9s Kiku Harmony, est\u00e1 hecho a mano, dise\u00f1ado y fabricado con amor y respeto a la cultura y est\u00e9tica japonesas.<\/p>","protected":false},"featured_media":12303,"comment_status":"open","ping_status":"closed","template":"","meta":{"_gspb_post_css":""},"product_brand":[],"product_cat":[68,65],"product_tag":[],"class_list":{"0":"post-10858","1":"product","2":"type-product","3":"status-publish","4":"has-post-thumbnail","6":"product_cat-68","7":"product_cat-65","9":"first","10":"outofstock","11":"sale","12":"taxable","13":"shipping-taxable","14":"purchasable","15":"product-type-simple"},"_links":{"self":[{"href":"https:\/\/mo-mo.gr\/es\/wp-json\/wp\/v2\/product\/10858","targetHints":{"allow":["GET"]}}],"collection":[{"href":"https:\/\/mo-mo.gr\/es\/wp-json\/wp\/v2\/product"}],"about":[{"href":"https:\/\/mo-mo.gr\/es\/wp-json\/wp\/v2\/types\/product"}],"replies":[{"embeddable":true,"href":"https:\/\/mo-mo.gr\/es\/wp-json\/wp\/v2\/comments?post=10858"}],"wp:featuredmedia":[{"embeddable":true,"href":"https:\/\/mo-mo.gr\/es\/wp-json\/wp\/v2\/media\/12303"}],"wp:attachment":[{"href":"https:\/\/mo-mo.gr\/es\/wp-json\/wp\/v2\/media?parent=10858"}],"wp:term":[{"taxonomy":"product_brand","embeddable":true,"href":"https:\/\/mo-mo.gr\/es\/wp-json\/wp\/v2\/product_brand?post=10858"},{"taxonomy":"product_cat","embeddable":true,"href":"https:\/\/mo-mo.gr\/es\/wp-json\/wp\/v2\/product_cat?post=10858"},{"taxonomy":"product_tag","embeddable":true,"href":"https:\/\/mo-mo.gr\/es\/wp-json\/wp\/v2\/product_tag?post=10858"}],"curies":[{"name":"wp","href":"https:\/\/api.w.org\/{rel}","templated":true}]}}