{"id":10828,"date":"2024-06-12T23:03:49","date_gmt":"2024-06-12T23:03:49","guid":{"rendered":"https:\/\/mo-mo.gr\/product\/japanese-t-shirt-tanto-chokunyu\/"},"modified":"2024-12-12T14:47:45","modified_gmt":"2024-12-12T14:47:45","slug":"camiseta-japonesa-tanto-chokunyu","status":"publish","type":"product","link":"https:\/\/mo-mo.gr\/es\/\u03c0\u03c1\u03bf\u03ca\u03cc\u03bd\u03c4\u03b1\/japanese-t-shirt-tanto-chokunyu\/","title":{"rendered":"Camiseta japonesa Tanto Chokunyu"},"content":{"rendered":"","protected":false},"excerpt":{"rendered":"<p>CAMISETA JAPONESA TANTO CHOKUNYU \u5358\u5200\u76f4\u5165<\/p>\n<p>La frase \"\u5358\u5200\u76f4\u5165\" (TANTO CHOKUNYU) es una expresi\u00f3n en japon\u00e9s que se traduce como \"directa y claramente\" en griego. Se utiliza para describir un enfoque directo y decisivo de algo, sin vacilaciones ni procedimientos innecesarios. Esta camiseta japonesa con esta frase puede interpretarse como un indicador de confianza y determinaci\u00f3n para su portador.<\/p>\n<p>La elecci\u00f3n del tejido de algod\u00f3n garantiza no s\u00f3lo comodidad, sino tambi\u00e9n durabilidad durante el uso. Los ideogramas, representados en la parte posterior de la camisa, a\u00f1aden un car\u00e1cter est\u00e9tico y espiritual a la pieza, convirti\u00e9ndola en una pieza llamativa para todos los d\u00edas.<\/p>\n<p>Este top es ideal para quienes desean destacar con una pieza que demuestre determinaci\u00f3n y est\u00e9tica, al tiempo que ofrece comodidad y practicidad en su d\u00eda a d\u00eda.<\/p>","protected":false},"featured_media":12288,"comment_status":"open","ping_status":"open","template":"","meta":{"_gspb_post_css":""},"product_brand":[],"product_cat":[74,96],"product_tag":[],"class_list":{"0":"post-10828","1":"product","2":"type-product","3":"status-publish","4":"has-post-thumbnail","6":"product_cat-new","7":"product_cat-t-shirts","8":"pa_-101","9":"pa_-102","10":"pa_-103","11":"pa_-104","12":"pa_-large","13":"pa_-medium","14":"pa_-small","15":"pa_-xtra-large","16":"pa_-xtra-small","17":"pa_-xxl","18":"pa_-100-","19":"pa_-jersey-190g-m2","20":"pa_-97","22":"first","23":"instock","24":"taxable","25":"shipping-taxable","26":"purchasable","27":"product-type-variable"},"_links":{"self":[{"href":"https:\/\/mo-mo.gr\/es\/wp-json\/wp\/v2\/product\/10828","targetHints":{"allow":["GET"]}}],"collection":[{"href":"https:\/\/mo-mo.gr\/es\/wp-json\/wp\/v2\/product"}],"about":[{"href":"https:\/\/mo-mo.gr\/es\/wp-json\/wp\/v2\/types\/product"}],"replies":[{"embeddable":true,"href":"https:\/\/mo-mo.gr\/es\/wp-json\/wp\/v2\/comments?post=10828"}],"wp:featuredmedia":[{"embeddable":true,"href":"https:\/\/mo-mo.gr\/es\/wp-json\/wp\/v2\/media\/12288"}],"wp:attachment":[{"href":"https:\/\/mo-mo.gr\/es\/wp-json\/wp\/v2\/media?parent=10828"}],"wp:term":[{"taxonomy":"product_brand","embeddable":true,"href":"https:\/\/mo-mo.gr\/es\/wp-json\/wp\/v2\/product_brand?post=10828"},{"taxonomy":"product_cat","embeddable":true,"href":"https:\/\/mo-mo.gr\/es\/wp-json\/wp\/v2\/product_cat?post=10828"},{"taxonomy":"product_tag","embeddable":true,"href":"https:\/\/mo-mo.gr\/es\/wp-json\/wp\/v2\/product_tag?post=10828"}],"curies":[{"name":"wp","href":"https:\/\/api.w.org\/{rel}","templated":true}]}}