{"id":10734,"date":"2024-06-12T22:03:05","date_gmt":"2024-06-12T22:03:05","guid":{"rendered":"https:\/\/mo-mo.gr\/product\/japanese-t-shirt-japan-cotton\/"},"modified":"2024-12-12T14:47:24","modified_gmt":"2024-12-12T14:47:24","slug":"camiseta-japonesa-algodon-japon-2","status":"publish","type":"product","link":"https:\/\/mo-mo.gr\/es\/\u03c0\u03c1\u03bf\u03ca\u03cc\u03bd\u03c4\u03b1\/japanese-t-shirt-japan-cotton\/","title":{"rendered":"Camiseta japonesa Jap\u00f3n Algod\u00f3n"},"content":{"rendered":"","protected":false},"excerpt":{"rendered":"<p>La camiseta japonesa \"Japan in Black\" es la m\u00e1xima expresi\u00f3n de la moda y la calidad japonesas. Confeccionada en algod\u00f3n 100% de alta calidad, ofrece una excelente sensaci\u00f3n de ajuste y comodidad. Su dise\u00f1o \u00fanico presenta la palabra \"Japan\" escrita en diferentes motivos japoneses, ofreciendo una llamativa combinaci\u00f3n entre la est\u00e9tica moderna y la tradici\u00f3n japonesa. Perfecta para quienes buscan incorporar el esp\u00edritu de la cultura japonesa a su estilo con estilo y encanto sofisticado.<\/p>","protected":false},"featured_media":12255,"comment_status":"open","ping_status":"open","template":"","meta":{"_gspb_post_css":""},"product_brand":[],"product_cat":[96],"product_tag":[],"class_list":{"0":"post-10734","1":"product","2":"type-product","3":"status-publish","4":"has-post-thumbnail","6":"product_cat-t-shirts","7":"pa_-101","8":"pa_-102","9":"pa_-103","10":"pa_-104","11":"pa_-large","12":"pa_-medium","13":"pa_-small","14":"pa_-xtra-large","15":"pa_-xtra-small","16":"pa_-xxl","17":"pa_-100-","18":"pa_-jersey-190g-m2","19":"pa_-85","21":"first","22":"instock","23":"taxable","24":"shipping-taxable","25":"purchasable","26":"product-type-variable"},"_links":{"self":[{"href":"https:\/\/mo-mo.gr\/es\/wp-json\/wp\/v2\/product\/10734","targetHints":{"allow":["GET"]}}],"collection":[{"href":"https:\/\/mo-mo.gr\/es\/wp-json\/wp\/v2\/product"}],"about":[{"href":"https:\/\/mo-mo.gr\/es\/wp-json\/wp\/v2\/types\/product"}],"replies":[{"embeddable":true,"href":"https:\/\/mo-mo.gr\/es\/wp-json\/wp\/v2\/comments?post=10734"}],"wp:featuredmedia":[{"embeddable":true,"href":"https:\/\/mo-mo.gr\/es\/wp-json\/wp\/v2\/media\/12255"}],"wp:attachment":[{"href":"https:\/\/mo-mo.gr\/es\/wp-json\/wp\/v2\/media?parent=10734"}],"wp:term":[{"taxonomy":"product_brand","embeddable":true,"href":"https:\/\/mo-mo.gr\/es\/wp-json\/wp\/v2\/product_brand?post=10734"},{"taxonomy":"product_cat","embeddable":true,"href":"https:\/\/mo-mo.gr\/es\/wp-json\/wp\/v2\/product_cat?post=10734"},{"taxonomy":"product_tag","embeddable":true,"href":"https:\/\/mo-mo.gr\/es\/wp-json\/wp\/v2\/product_tag?post=10734"}],"curies":[{"name":"wp","href":"https:\/\/api.w.org\/{rel}","templated":true}]}}