{"id":10642,"date":"2024-04-30T20:50:35","date_gmt":"2024-04-30T20:50:35","guid":{"rendered":"https:\/\/mo-mo.gr\/product\/kimono-furishode-blue-100-viscose\/"},"modified":"2025-12-11T15:27:47","modified_gmt":"2025-12-11T13:27:47","slug":"kimono-furishode-azul-100-viscosa","status":"publish","type":"product","link":"https:\/\/mo-mo.gr\/es\/\u03c0\u03c1\u03bf\u03ca\u03cc\u03bd\u03c4\u03b1\/kimono-furishode-blue-100-viscose\/","title":{"rendered":"Kimono Furishode AZUL 100% VISCOSE"},"content":{"rendered":"","protected":false},"excerpt":{"rendered":"<p>El kimono Furishode de viscosa azul cobalto es una pieza hecha a mano que expresa de forma \u00fanica la est\u00e9tica de la cultura japonesa. La distintiva manga a\u00f1ade un tono sofisticado, mientras que la viscosa ofrece comodidad y elasticidad al llevarlo. Perfecta para cualquier temporada, es una elecci\u00f3n segura para los amantes de la moda tradicional japonesa.<\/p>","protected":false},"featured_media":12212,"comment_status":"open","ping_status":"closed","template":"","meta":{"_gspb_post_css":""},"product_brand":[],"product_cat":[66],"product_tag":[56],"class_list":{"0":"post-10642","1":"product","2":"type-product","3":"status-publish","4":"has-post-thumbnail","6":"product_cat-66","7":"product_tag-womans-kimonos","8":"pa_-large-xlarge","9":"pa_-small-medium","10":"pa_-multiple-colors","11":"pa_-79","13":"first","14":"outofstock","15":"taxable","16":"shipping-taxable","17":"purchasable","18":"product-type-variable"},"_links":{"self":[{"href":"https:\/\/mo-mo.gr\/es\/wp-json\/wp\/v2\/product\/10642","targetHints":{"allow":["GET"]}}],"collection":[{"href":"https:\/\/mo-mo.gr\/es\/wp-json\/wp\/v2\/product"}],"about":[{"href":"https:\/\/mo-mo.gr\/es\/wp-json\/wp\/v2\/types\/product"}],"replies":[{"embeddable":true,"href":"https:\/\/mo-mo.gr\/es\/wp-json\/wp\/v2\/comments?post=10642"}],"wp:featuredmedia":[{"embeddable":true,"href":"https:\/\/mo-mo.gr\/es\/wp-json\/wp\/v2\/media\/12212"}],"wp:attachment":[{"href":"https:\/\/mo-mo.gr\/es\/wp-json\/wp\/v2\/media?parent=10642"}],"wp:term":[{"taxonomy":"product_brand","embeddable":true,"href":"https:\/\/mo-mo.gr\/es\/wp-json\/wp\/v2\/product_brand?post=10642"},{"taxonomy":"product_cat","embeddable":true,"href":"https:\/\/mo-mo.gr\/es\/wp-json\/wp\/v2\/product_cat?post=10642"},{"taxonomy":"product_tag","embeddable":true,"href":"https:\/\/mo-mo.gr\/es\/wp-json\/wp\/v2\/product_tag?post=10642"}],"curies":[{"name":"wp","href":"https:\/\/api.w.org\/{rel}","templated":true}]}}