{"id":10637,"date":"2024-04-25T16:45:07","date_gmt":"2024-04-25T16:45:07","guid":{"rendered":"https:\/\/mo-mo.gr\/product\/blue-navy-viscose-yukata-kimono\/"},"modified":"2025-12-11T15:27:59","modified_gmt":"2025-12-11T13:27:59","slug":"kimono-yukata-azul-marino-de-viscosa","status":"publish","type":"product","link":"https:\/\/mo-mo.gr\/es\/\u03c0\u03c1\u03bf\u03ca\u03cc\u03bd\u03c4\u03b1\/blue-navy-viscose-yukata-kimono\/","title":{"rendered":"Kimono Yucata Azul Marino"},"content":{"rendered":"<p>Kimono Yukata Hecho a mano y ligero de viscosa 100%, con manga yukata tradicional. Una excelente elecci\u00f3n para los amantes de la tradici\u00f3n y la est\u00e9tica japonesas.<\/p>","protected":false},"excerpt":{"rendered":"<p>Kimono Yukata Hecho a mano y ligero de viscosa 100%, con manga yukata tradicional. Una excelente elecci\u00f3n para los amantes de la tradici\u00f3n y la est\u00e9tica japonesas.<\/p>","protected":false},"featured_media":12208,"comment_status":"open","ping_status":"closed","template":"","meta":{"_gspb_post_css":""},"product_brand":[],"product_cat":[115,66],"product_tag":[56],"class_list":{"0":"post-10637","1":"product","2":"type-product","3":"status-publish","4":"has-post-thumbnail","6":"product_cat-yukata","7":"product_cat-66","8":"product_tag-womans-kimonos","9":"pa_-large","10":"pa_-medium","11":"pa_-small","12":"pa_-xtra-large","13":"pa_-79","15":"first","16":"outofstock","17":"taxable","18":"shipping-taxable","19":"purchasable","20":"product-type-variable"},"_links":{"self":[{"href":"https:\/\/mo-mo.gr\/es\/wp-json\/wp\/v2\/product\/10637","targetHints":{"allow":["GET"]}}],"collection":[{"href":"https:\/\/mo-mo.gr\/es\/wp-json\/wp\/v2\/product"}],"about":[{"href":"https:\/\/mo-mo.gr\/es\/wp-json\/wp\/v2\/types\/product"}],"replies":[{"embeddable":true,"href":"https:\/\/mo-mo.gr\/es\/wp-json\/wp\/v2\/comments?post=10637"}],"wp:featuredmedia":[{"embeddable":true,"href":"https:\/\/mo-mo.gr\/es\/wp-json\/wp\/v2\/media\/12208"}],"wp:attachment":[{"href":"https:\/\/mo-mo.gr\/es\/wp-json\/wp\/v2\/media?parent=10637"}],"wp:term":[{"taxonomy":"product_brand","embeddable":true,"href":"https:\/\/mo-mo.gr\/es\/wp-json\/wp\/v2\/product_brand?post=10637"},{"taxonomy":"product_cat","embeddable":true,"href":"https:\/\/mo-mo.gr\/es\/wp-json\/wp\/v2\/product_cat?post=10637"},{"taxonomy":"product_tag","embeddable":true,"href":"https:\/\/mo-mo.gr\/es\/wp-json\/wp\/v2\/product_tag?post=10637"}],"curies":[{"name":"wp","href":"https:\/\/api.w.org\/{rel}","templated":true}]}}