{"id":10629,"date":"2024-04-25T16:33:11","date_gmt":"2024-04-25T16:33:11","guid":{"rendered":"https:\/\/mo-mo.gr\/product\/linen-viscose-kimono-with-yukata-sleeves\/"},"modified":"2025-01-08T13:03:58","modified_gmt":"2025-01-08T11:03:58","slug":"kimono-de-lino-y-viscosa-con-mangas-yukata","status":"publish","type":"product","link":"https:\/\/mo-mo.gr\/es\/\u03c0\u03c1\u03bf\u03ca\u03cc\u03bd\u03c4\u03b1\/linen-viscose-kimono-with-yukata-sleeves\/","title":{"rendered":"Kimono de lino y viscosa con mangas yukata"},"content":{"rendered":"","protected":false},"excerpt":{"rendered":"<p>El kimono yukata de lino ligero es una obra maestra, cosida a mano con gran atenci\u00f3n al detalle. Incorpora la caracter\u00edstica manga yukata, que a\u00f1ade elegancia y funcionalidad. El tejido de lino ofrece comodidad y frescor, por lo que es ideal para los calurosos d\u00edas de verano. Este yukata hecho a mano combina la est\u00e9tica tradicional japonesa con la practicidad moderna, ofreciendo una experiencia \u00fanica a la hora de vestir.<\/p>","protected":false},"featured_media":12203,"comment_status":"open","ping_status":"closed","template":"","meta":{"_gspb_post_css":""},"product_brand":[],"product_cat":[115,66],"product_tag":[56],"class_list":{"0":"post-10629","1":"product","2":"type-product","3":"status-publish","4":"has-post-thumbnail","6":"product_cat-yukata","7":"product_cat-66","8":"product_tag-womans-kimonos","9":"pa_-large-xlarge","10":"pa_-small-medium","11":"pa_-multiple-colors","12":"pa_-85","14":"first","15":"outofstock","16":"taxable","17":"shipping-taxable","18":"purchasable","19":"product-type-variable"},"_links":{"self":[{"href":"https:\/\/mo-mo.gr\/es\/wp-json\/wp\/v2\/product\/10629","targetHints":{"allow":["GET"]}}],"collection":[{"href":"https:\/\/mo-mo.gr\/es\/wp-json\/wp\/v2\/product"}],"about":[{"href":"https:\/\/mo-mo.gr\/es\/wp-json\/wp\/v2\/types\/product"}],"replies":[{"embeddable":true,"href":"https:\/\/mo-mo.gr\/es\/wp-json\/wp\/v2\/comments?post=10629"}],"wp:featuredmedia":[{"embeddable":true,"href":"https:\/\/mo-mo.gr\/es\/wp-json\/wp\/v2\/media\/12203"}],"wp:attachment":[{"href":"https:\/\/mo-mo.gr\/es\/wp-json\/wp\/v2\/media?parent=10629"}],"wp:term":[{"taxonomy":"product_brand","embeddable":true,"href":"https:\/\/mo-mo.gr\/es\/wp-json\/wp\/v2\/product_brand?post=10629"},{"taxonomy":"product_cat","embeddable":true,"href":"https:\/\/mo-mo.gr\/es\/wp-json\/wp\/v2\/product_cat?post=10629"},{"taxonomy":"product_tag","embeddable":true,"href":"https:\/\/mo-mo.gr\/es\/wp-json\/wp\/v2\/product_tag?post=10629"}],"curies":[{"name":"wp","href":"https:\/\/api.w.org\/{rel}","templated":true}]}}