{"id":10553,"date":"2024-03-17T18:39:33","date_gmt":"2024-03-17T18:39:33","guid":{"rendered":"https:\/\/mo-mo.gr\/product\/japanese-tote-geisha-with-katana\/"},"modified":"2024-12-12T14:46:04","modified_gmt":"2024-12-12T14:46:04","slug":"tote-japones-geisha-con-katana","status":"publish","type":"product","link":"https:\/\/mo-mo.gr\/es\/\u03c0\u03c1\u03bf\u03ca\u03cc\u03bd\u03c4\u03b1\/japanese-tote-geisha-with-katana\/","title":{"rendered":"Tote japon\u00e9s Geisha con Katana"},"content":{"rendered":"","protected":false},"excerpt":{"rendered":"<p>El bolso de mano japon\u00e9s Geisha con Katana desprende un aura de sensualidad y elegancia, resaltando la belleza y la est\u00e9tica de la tradici\u00f3n japonesa. Cada bolso es \u00fanico y est\u00e1 hecho a mano, con esmero y amor por el arte de la costura y la artesan\u00eda.<\/p>\n<p>La imagen de la geisha Katana combinada con las rosas crea una combinaci\u00f3n \u00fanica entre encanto m\u00edstico y sofisticaci\u00f3n.<\/p>\n<p>El bolso de mano japon\u00e9s es el compa\u00f1ero ideal para cualquier salida, ya que no s\u00f3lo ofrece funcionalidad, sino tambi\u00e9n estilo. Con su construcci\u00f3n japonesa y su aspecto \u00fanico, este bolso acaparar\u00e1 todas las miradas y realzar\u00e1 tu atuendo en cualquier ocasi\u00f3n.<\/p>\n<p>-Lona de algod\u00f3n impermeable \/ OEKO TEX STANDARD 100<\/p>\n<ul>\n<li>Dimensiones: Altura 50 Anchura 45 y profundidad 10.<\/li>\n<li>No espec\u00edfico de g\u00e9nero<\/li>\n<li>Bolsillo interior<\/li>\n<li>La bolsa se cierra con una cremallera para mayor seguridad<\/li>\n<\/ul>","protected":false},"featured_media":12182,"comment_status":"open","ping_status":"open","template":"","meta":{"_gspb_post_css":""},"product_brand":[],"product_cat":[76],"product_tag":[],"class_list":{"0":"post-10553","1":"product","2":"type-product","3":"status-publish","4":"has-post-thumbnail","6":"product_cat-totes","7":"pa_-85","9":"first","10":"instock","11":"taxable","12":"shipping-taxable","13":"purchasable","14":"product-type-simple"},"_links":{"self":[{"href":"https:\/\/mo-mo.gr\/es\/wp-json\/wp\/v2\/product\/10553","targetHints":{"allow":["GET"]}}],"collection":[{"href":"https:\/\/mo-mo.gr\/es\/wp-json\/wp\/v2\/product"}],"about":[{"href":"https:\/\/mo-mo.gr\/es\/wp-json\/wp\/v2\/types\/product"}],"replies":[{"embeddable":true,"href":"https:\/\/mo-mo.gr\/es\/wp-json\/wp\/v2\/comments?post=10553"}],"wp:featuredmedia":[{"embeddable":true,"href":"https:\/\/mo-mo.gr\/es\/wp-json\/wp\/v2\/media\/12182"}],"wp:attachment":[{"href":"https:\/\/mo-mo.gr\/es\/wp-json\/wp\/v2\/media?parent=10553"}],"wp:term":[{"taxonomy":"product_brand","embeddable":true,"href":"https:\/\/mo-mo.gr\/es\/wp-json\/wp\/v2\/product_brand?post=10553"},{"taxonomy":"product_cat","embeddable":true,"href":"https:\/\/mo-mo.gr\/es\/wp-json\/wp\/v2\/product_cat?post=10553"},{"taxonomy":"product_tag","embeddable":true,"href":"https:\/\/mo-mo.gr\/es\/wp-json\/wp\/v2\/product_tag?post=10553"}],"curies":[{"name":"wp","href":"https:\/\/api.w.org\/{rel}","templated":true}]}}