{"id":10550,"date":"2024-03-17T18:29:00","date_gmt":"2024-03-17T18:29:00","guid":{"rendered":"https:\/\/mo-mo.gr\/product\/korean-tote-bag-plant-a-tree\/"},"modified":"2026-04-02T19:56:17","modified_gmt":"2026-04-02T16:56:17","slug":"bolso-coreano-plantar-un-arbol","status":"publish","type":"product","link":"https:\/\/mo-mo.gr\/es\/\u03c0\u03c1\u03bf\u03ca\u03cc\u03bd\u03c4\u03b1\/korean-tote-bag-plant-a-tree\/","title":{"rendered":"Bolsa coreana Plant A Tree"},"content":{"rendered":"","protected":false},"excerpt":{"rendered":"<p>El Tote Bag coreano con el dise\u00f1o \u00fanico y sofisticado \"\ub098\ubb34\ub97c \uc2ec\ub294\ub370 \uac00\uc7a5 \uc88b\uc558\ub358 \ub54c\ub294 20\ub144 \uc804\uc774\uc5c8\ub2e4. \ub450 \ubc88\uc9f8\ub85c \uc88b\uc740 \ub54c\ub294 \uc9c0\uae08\uc774\ub2e4.\" es una impresionante representaci\u00f3n de la cultura coreana y de la dulce nostalgia. La frase representada en la bolsa hace referencia a la importancia de la naturaleza y el cambio, destacando la importancia de apreciar el presente.<\/p>\n<p>Fabricada con un tejido duradero y de alta calidad, la Korean Tote Bag ofrece durabilidad y estilo en cada uso. Con un llamativo texto coreano decorando su superficie, esta bolsa muestra la sofisticada est\u00e9tica y espiritualidad de la tradici\u00f3n coreana.<\/p>\n<p>Ideal para el d\u00eda a d\u00eda o para a\u00f1adir un toque de autenticidad a su estilo, el Korean Tote Bag es un accesorio que acaparar\u00e1 todas las miradas y realzar\u00e1 su look con su singularidad.<\/p>","protected":false},"featured_media":12180,"comment_status":"open","ping_status":"closed","template":"","meta":{"_gspb_post_css":""},"product_brand":[],"product_cat":[76],"product_tag":[],"class_list":{"0":"post-10550","1":"product","2":"type-product","3":"status-publish","4":"has-post-thumbnail","6":"product_cat-totes","7":"pa_-85","9":"first","10":"instock","11":"taxable","12":"shipping-taxable","13":"purchasable","14":"product-type-simple"},"_links":{"self":[{"href":"https:\/\/mo-mo.gr\/es\/wp-json\/wp\/v2\/product\/10550","targetHints":{"allow":["GET"]}}],"collection":[{"href":"https:\/\/mo-mo.gr\/es\/wp-json\/wp\/v2\/product"}],"about":[{"href":"https:\/\/mo-mo.gr\/es\/wp-json\/wp\/v2\/types\/product"}],"replies":[{"embeddable":true,"href":"https:\/\/mo-mo.gr\/es\/wp-json\/wp\/v2\/comments?post=10550"}],"wp:featuredmedia":[{"embeddable":true,"href":"https:\/\/mo-mo.gr\/es\/wp-json\/wp\/v2\/media\/12180"}],"wp:attachment":[{"href":"https:\/\/mo-mo.gr\/es\/wp-json\/wp\/v2\/media?parent=10550"}],"wp:term":[{"taxonomy":"product_brand","embeddable":true,"href":"https:\/\/mo-mo.gr\/es\/wp-json\/wp\/v2\/product_brand?post=10550"},{"taxonomy":"product_cat","embeddable":true,"href":"https:\/\/mo-mo.gr\/es\/wp-json\/wp\/v2\/product_cat?post=10550"},{"taxonomy":"product_tag","embeddable":true,"href":"https:\/\/mo-mo.gr\/es\/wp-json\/wp\/v2\/product_tag?post=10550"}],"curies":[{"name":"wp","href":"https:\/\/api.w.org\/{rel}","templated":true}]}}