{"id":10547,"date":"2024-03-17T18:20:00","date_gmt":"2024-03-17T18:20:00","guid":{"rendered":"https:\/\/mo-mo.gr\/product\/korean-tote-bag-come-on\/"},"modified":"2026-04-02T19:57:31","modified_gmt":"2026-04-02T16:57:31","slug":"tote-bag-coreano-vamos","status":"publish","type":"product","link":"https:\/\/mo-mo.gr\/es\/\u03c0\u03c1\u03bf\u03ca\u03cc\u03bd\u03c4\u03b1\/korean-tote-bag-come-on\/","title":{"rendered":"Tote Bag coreano Vamos"},"content":{"rendered":"","protected":false},"excerpt":{"rendered":"<p>Bolsa coreana Come on, Let's Go \"\uc544\uc790 \uc544\uc790 \ud30c\uc774\ud305\" es una bolsa coleccionable que refleja el esp\u00edritu vibrante y alentador de la cultura coreana. El texto \"\uc544\uc790 \uc544\uc790 \ud30c\uc774\ud305\" es un lema popular utilizado para animar y activar el esp\u00edritu positivo y la determinaci\u00f3n.<\/p>\n<p>Esta bolsa est\u00e1 fabricada con materiales de alta calidad y tiene un gran espacio de almacenamiento, por lo que es ideal para el uso diario, para ir de compras o incluso para un d\u00eda en la playa. Se ha dise\u00f1ado pensando en la comodidad y la practicidad, al tiempo que ofrece una visi\u00f3n moderna del estilo cl\u00e1sico de la moda coreana.<\/p>\n<p>Con el bolso de mano coreano \"\uc544\uc790 \uc544\uc790 \ud30c\uc774\ud305\", podr\u00e1s llevar contigo cada vez que salgas un trozo de la alentadora atm\u00f3sfera de Corea, inspir\u00e1ndote y animando a ti mismo y a los que te rodean.<\/p>","protected":false},"featured_media":12178,"comment_status":"open","ping_status":"closed","template":"","meta":{"_gspb_post_css":""},"product_brand":[],"product_cat":[76],"product_tag":[],"class_list":{"0":"post-10547","1":"product","2":"type-product","3":"status-publish","4":"has-post-thumbnail","6":"product_cat-totes","7":"pa_-85","9":"first","10":"instock","11":"taxable","12":"shipping-taxable","13":"purchasable","14":"product-type-simple"},"_links":{"self":[{"href":"https:\/\/mo-mo.gr\/es\/wp-json\/wp\/v2\/product\/10547","targetHints":{"allow":["GET"]}}],"collection":[{"href":"https:\/\/mo-mo.gr\/es\/wp-json\/wp\/v2\/product"}],"about":[{"href":"https:\/\/mo-mo.gr\/es\/wp-json\/wp\/v2\/types\/product"}],"replies":[{"embeddable":true,"href":"https:\/\/mo-mo.gr\/es\/wp-json\/wp\/v2\/comments?post=10547"}],"wp:featuredmedia":[{"embeddable":true,"href":"https:\/\/mo-mo.gr\/es\/wp-json\/wp\/v2\/media\/12178"}],"wp:attachment":[{"href":"https:\/\/mo-mo.gr\/es\/wp-json\/wp\/v2\/media?parent=10547"}],"wp:term":[{"taxonomy":"product_brand","embeddable":true,"href":"https:\/\/mo-mo.gr\/es\/wp-json\/wp\/v2\/product_brand?post=10547"},{"taxonomy":"product_cat","embeddable":true,"href":"https:\/\/mo-mo.gr\/es\/wp-json\/wp\/v2\/product_cat?post=10547"},{"taxonomy":"product_tag","embeddable":true,"href":"https:\/\/mo-mo.gr\/es\/wp-json\/wp\/v2\/product_tag?post=10547"}],"curies":[{"name":"wp","href":"https:\/\/api.w.org\/{rel}","templated":true}]}}