{"id":10530,"date":"2024-03-17T00:09:43","date_gmt":"2024-03-17T00:09:43","guid":{"rendered":"https:\/\/mo-mo.gr\/product\/japanese-t-shirt-tokyo\/"},"modified":"2024-12-12T14:46:12","modified_gmt":"2024-12-12T14:46:12","slug":"camiseta-japonesa-tokio","status":"publish","type":"product","link":"https:\/\/mo-mo.gr\/es\/\u03c0\u03c1\u03bf\u03ca\u03cc\u03bd\u03c4\u03b1\/japanese-t-shirt-tokyo\/","title":{"rendered":"Camiseta japonesa Tokio"},"content":{"rendered":"","protected":false},"excerpt":{"rendered":"<p>Camiseta japonesa TOKIO. Descubre la ciudad de la moda y el estilo con la camiseta de algod\u00f3n Tokio. Confeccionada en tejido de algod\u00f3n de alta calidad, esta camiseta ofrece comodidad y estilo en cada look. Con el nombre de la singular ciudad de Tokio en la parte delantera, esta camiseta refleja el esp\u00edritu y la cultura de la metr\u00f3poli japonesa. Perfecta para looks cotidianos o para mostrar tu amor por la ciudad de Tokio, esta camiseta de algod\u00f3n es una pieza esencial para cualquier fan de Jap\u00f3n.<\/p>","protected":false},"featured_media":12164,"comment_status":"open","ping_status":"open","template":"","meta":{"_gspb_post_css":""},"product_brand":[],"product_cat":[96],"product_tag":[],"class_list":{"0":"post-10530","1":"product","2":"type-product","3":"status-publish","4":"has-post-thumbnail","6":"product_cat-t-shirts","7":"pa_-large","8":"pa_-medium","9":"pa_-small","10":"pa_-xtra-large","11":"pa_-xtra-small","12":"pa_-xxl","13":"pa_-85","15":"first","16":"instock","17":"taxable","18":"shipping-taxable","19":"purchasable","20":"product-type-variable"},"_links":{"self":[{"href":"https:\/\/mo-mo.gr\/es\/wp-json\/wp\/v2\/product\/10530","targetHints":{"allow":["GET"]}}],"collection":[{"href":"https:\/\/mo-mo.gr\/es\/wp-json\/wp\/v2\/product"}],"about":[{"href":"https:\/\/mo-mo.gr\/es\/wp-json\/wp\/v2\/types\/product"}],"replies":[{"embeddable":true,"href":"https:\/\/mo-mo.gr\/es\/wp-json\/wp\/v2\/comments?post=10530"}],"wp:featuredmedia":[{"embeddable":true,"href":"https:\/\/mo-mo.gr\/es\/wp-json\/wp\/v2\/media\/12164"}],"wp:attachment":[{"href":"https:\/\/mo-mo.gr\/es\/wp-json\/wp\/v2\/media?parent=10530"}],"wp:term":[{"taxonomy":"product_brand","embeddable":true,"href":"https:\/\/mo-mo.gr\/es\/wp-json\/wp\/v2\/product_brand?post=10530"},{"taxonomy":"product_cat","embeddable":true,"href":"https:\/\/mo-mo.gr\/es\/wp-json\/wp\/v2\/product_cat?post=10530"},{"taxonomy":"product_tag","embeddable":true,"href":"https:\/\/mo-mo.gr\/es\/wp-json\/wp\/v2\/product_tag?post=10530"}],"curies":[{"name":"wp","href":"https:\/\/api.w.org\/{rel}","templated":true}]}}