{"id":10521,"date":"2024-03-16T15:46:10","date_gmt":"2024-03-16T15:46:10","guid":{"rendered":"https:\/\/mo-mo.gr\/product\/%ce%b9%ce%b1%cf%80%cf%89%ce%bd%ce%b9%ce%ba%ce%ae-%cf%84%cf%83%ce%ac%ce%bd%cf%84%ce%b1-tote-worth-place\/"},"modified":"2026-04-02T19:59:09","modified_gmt":"2026-04-02T16:59:09","slug":"%ce%b9%ce%b1%cf%80%cf%89%ce%bd%ce%b9%ce%ba%ce%ae-%cf%84%cf%83%ce%ac%ce%bd%cf%84%ce%b1-tote-worth-place","status":"publish","type":"product","link":"https:\/\/mo-mo.gr\/es\/\u03c0\u03c1\u03bf\u03ca\u03cc\u03bd\u03c4\u03b1\/%ce%b9%ce%b1%cf%80%cf%89%ce%bd%ce%b9%ce%ba%ce%ae-%cf%84%cf%83%ce%ac%ce%bd%cf%84%ce%b1-tote-worth-place\/","title":{"rendered":"Bolsa de viaje japonesa Worth Place"},"content":{"rendered":"","protected":false},"excerpt":{"rendered":"<p>Una bolsa Tote japonesa, elegante y contempor\u00e1nea, hecha de resistente lona negra, que es una opci\u00f3n ideal para el uso diario. En la parte delantera de la bolsa est\u00e1 escrita en japon\u00e9s la frase \"No hay atajos para ning\u00fan lugar al que merezca la pena ir\". La fuente verde contrasta con el fondo negro, creando una est\u00e9tica moderna y atemporal. La bolsa tiene un interior espacioso y correas resistentes, por lo que es ideal para llevar tus objetos cotidianos con estilo y significado. Este bolso tote es una combinaci\u00f3n de practicidad e inspiraci\u00f3n, adecuado para cualquier ocasi\u00f3n.<\/p>","protected":false},"featured_media":12157,"comment_status":"open","ping_status":"closed","template":"","meta":{"_gspb_post_css":""},"product_brand":[],"product_cat":[76],"product_tag":[],"class_list":{"0":"post-10521","1":"product","2":"type-product","3":"status-publish","4":"has-post-thumbnail","6":"product_cat-totes","7":"pa_-85","9":"first","10":"instock","11":"taxable","12":"shipping-taxable","13":"purchasable","14":"product-type-simple"},"_links":{"self":[{"href":"https:\/\/mo-mo.gr\/es\/wp-json\/wp\/v2\/product\/10521","targetHints":{"allow":["GET"]}}],"collection":[{"href":"https:\/\/mo-mo.gr\/es\/wp-json\/wp\/v2\/product"}],"about":[{"href":"https:\/\/mo-mo.gr\/es\/wp-json\/wp\/v2\/types\/product"}],"replies":[{"embeddable":true,"href":"https:\/\/mo-mo.gr\/es\/wp-json\/wp\/v2\/comments?post=10521"}],"wp:featuredmedia":[{"embeddable":true,"href":"https:\/\/mo-mo.gr\/es\/wp-json\/wp\/v2\/media\/12157"}],"wp:attachment":[{"href":"https:\/\/mo-mo.gr\/es\/wp-json\/wp\/v2\/media?parent=10521"}],"wp:term":[{"taxonomy":"product_brand","embeddable":true,"href":"https:\/\/mo-mo.gr\/es\/wp-json\/wp\/v2\/product_brand?post=10521"},{"taxonomy":"product_cat","embeddable":true,"href":"https:\/\/mo-mo.gr\/es\/wp-json\/wp\/v2\/product_cat?post=10521"},{"taxonomy":"product_tag","embeddable":true,"href":"https:\/\/mo-mo.gr\/es\/wp-json\/wp\/v2\/product_tag?post=10521"}],"curies":[{"name":"wp","href":"https:\/\/api.w.org\/{rel}","templated":true}]}}