{"id":10505,"date":"2024-03-16T10:31:58","date_gmt":"2024-03-16T10:31:58","guid":{"rendered":"https:\/\/mo-mo.gr\/product\/japanese-apron-koi-fish-white\/"},"modified":"2024-12-12T14:45:47","modified_gmt":"2024-12-12T14:45:47","slug":"delantal-japones-pez-koi-blanco-2","status":"publish","type":"product","link":"https:\/\/mo-mo.gr\/es\/\u03c0\u03c1\u03bf\u03ca\u03cc\u03bd\u03c4\u03b1\/japanese-apron-koi-fish-white\/","title":{"rendered":"DELANTAL JAPON\u00c9S PEZ KOI BLANCO"},"content":{"rendered":"","protected":false},"excerpt":{"rendered":"<p>DELANTAL JAPON\u00c9S KOI PEZ BLANCO: El delantal japon\u00e9s hecho a mano que representa un koi blanco emana una sensaci\u00f3n de serenidad y belleza, reflejando la est\u00e9tica y la espiritualidad de la cultura japonesa. Cada delantal es \u00fanico y est\u00e1 creado con atenci\u00f3n al detalle, capturando de forma \u00fanica la belleza del koi.<\/p>\n<p>El koi blanco simboliza la pureza y la libertad, mientras que su imagen transmite una sensaci\u00f3n de calma y armon\u00eda. Este delantal es una forma maravillosa de llevar un trozo de naturaleza japonesa a tu vida cotidiana, al tiempo que ofrece protecci\u00f3n y practicidad durante tus actividades diarias.<\/p>\n<p>Fabricado con tejido de alta calidad y cuidadosamente estampado a mano, este delantal ofrece una experiencia \u00fanica a quien lo lleva. Tanto si lo utiliza en la cocina como durante sus actividades artesanales, este delantal se convertir\u00e1 en su compa\u00f1ero favorito gracias a su estilo y calidad \u00fanicos.<\/p>","protected":false},"featured_media":12144,"comment_status":"open","ping_status":"open","template":"","meta":{"_gspb_post_css":""},"product_brand":[],"product_cat":[78],"product_tag":[],"class_list":{"0":"post-10505","1":"product","2":"type-product","3":"status-publish","4":"has-post-thumbnail","6":"product_cat-78","8":"first","9":"instock","10":"taxable","11":"shipping-taxable","12":"purchasable","13":"product-type-simple"},"_links":{"self":[{"href":"https:\/\/mo-mo.gr\/es\/wp-json\/wp\/v2\/product\/10505","targetHints":{"allow":["GET"]}}],"collection":[{"href":"https:\/\/mo-mo.gr\/es\/wp-json\/wp\/v2\/product"}],"about":[{"href":"https:\/\/mo-mo.gr\/es\/wp-json\/wp\/v2\/types\/product"}],"replies":[{"embeddable":true,"href":"https:\/\/mo-mo.gr\/es\/wp-json\/wp\/v2\/comments?post=10505"}],"wp:featuredmedia":[{"embeddable":true,"href":"https:\/\/mo-mo.gr\/es\/wp-json\/wp\/v2\/media\/12144"}],"wp:attachment":[{"href":"https:\/\/mo-mo.gr\/es\/wp-json\/wp\/v2\/media?parent=10505"}],"wp:term":[{"taxonomy":"product_brand","embeddable":true,"href":"https:\/\/mo-mo.gr\/es\/wp-json\/wp\/v2\/product_brand?post=10505"},{"taxonomy":"product_cat","embeddable":true,"href":"https:\/\/mo-mo.gr\/es\/wp-json\/wp\/v2\/product_cat?post=10505"},{"taxonomy":"product_tag","embeddable":true,"href":"https:\/\/mo-mo.gr\/es\/wp-json\/wp\/v2\/product_tag?post=10505"}],"curies":[{"name":"wp","href":"https:\/\/api.w.org\/{rel}","templated":true}]}}