{"id":10494,"date":"2024-03-16T10:29:43","date_gmt":"2024-03-16T10:29:43","guid":{"rendered":"https:\/\/mo-mo.gr\/product\/japanese-apron-koi-fish-blue\/"},"modified":"2024-12-12T14:45:43","modified_gmt":"2024-12-12T14:45:43","slug":"delantal-japones-pez-koi-azul","status":"publish","type":"product","link":"https:\/\/mo-mo.gr\/es\/\u03c0\u03c1\u03bf\u03ca\u03cc\u03bd\u03c4\u03b1\/japanese-apron-koi-fish-blue\/","title":{"rendered":"DELANTAL JAPON\u00c9S PEZ KOI AZUL"},"content":{"rendered":"","protected":false},"excerpt":{"rendered":"<p>Delantal Japon\u00e9s Koi Azul.<\/p>\n<p>El delantal japon\u00e9s hecho a mano con un koi azul desprende un aura de autenticidad y elegancia. Elaborado con esmero y atenci\u00f3n al detalle, este delantal es una obra de arte \u00fanica que muestra la belleza y la rica tradici\u00f3n de la cultura japonesa.<\/p>\n<p>El koi azul, s\u00edmbolo de armon\u00eda y felicidad en la tradici\u00f3n japonesa, emerge con colores vibrantes y l\u00edneas detalladas en la superficie del delantal. La est\u00e9tica del azul koi se combina con la suavidad y durabilidad del tejido, creando una pieza duradera y pr\u00e1ctica que puede utilizarse a diario.<\/p>\n<p>El delantal japon\u00e9s tiene tirantes regulables para un ajuste c\u00f3modo y adaptado a cualquier tipo de cuerpo. Es ideal para proteger su ropa mientras cocina, trabaja en el jard\u00edn o incluso para su uso en un entorno profesional.<\/p>\n<p>En conjunto, el delantal japon\u00e9s azul koi hecho a mano es una sofisticada combinaci\u00f3n de tradici\u00f3n y funcionalidad, que ofrece estilo y practicidad en cada uso.<\/p>","protected":false},"featured_media":12135,"comment_status":"open","ping_status":"open","template":"","meta":{"_gspb_post_css":""},"product_brand":[],"product_cat":[78],"product_tag":[],"class_list":{"0":"post-10494","1":"product","2":"type-product","3":"status-publish","4":"has-post-thumbnail","6":"product_cat-78","8":"first","9":"instock","10":"taxable","11":"shipping-taxable","12":"purchasable","13":"product-type-simple"},"_links":{"self":[{"href":"https:\/\/mo-mo.gr\/es\/wp-json\/wp\/v2\/product\/10494","targetHints":{"allow":["GET"]}}],"collection":[{"href":"https:\/\/mo-mo.gr\/es\/wp-json\/wp\/v2\/product"}],"about":[{"href":"https:\/\/mo-mo.gr\/es\/wp-json\/wp\/v2\/types\/product"}],"replies":[{"embeddable":true,"href":"https:\/\/mo-mo.gr\/es\/wp-json\/wp\/v2\/comments?post=10494"}],"wp:featuredmedia":[{"embeddable":true,"href":"https:\/\/mo-mo.gr\/es\/wp-json\/wp\/v2\/media\/12135"}],"wp:attachment":[{"href":"https:\/\/mo-mo.gr\/es\/wp-json\/wp\/v2\/media?parent=10494"}],"wp:term":[{"taxonomy":"product_brand","embeddable":true,"href":"https:\/\/mo-mo.gr\/es\/wp-json\/wp\/v2\/product_brand?post=10494"},{"taxonomy":"product_cat","embeddable":true,"href":"https:\/\/mo-mo.gr\/es\/wp-json\/wp\/v2\/product_cat?post=10494"},{"taxonomy":"product_tag","embeddable":true,"href":"https:\/\/mo-mo.gr\/es\/wp-json\/wp\/v2\/product_tag?post=10494"}],"curies":[{"name":"wp","href":"https:\/\/api.w.org\/{rel}","templated":true}]}}