{"id":10489,"date":"2024-03-16T10:27:33","date_gmt":"2024-03-16T10:27:33","guid":{"rendered":"https:\/\/mo-mo.gr\/product\/japanese-apron-koi-fish-pink\/"},"modified":"2024-12-12T14:45:41","modified_gmt":"2024-12-12T14:45:41","slug":"delantal-japones-pez-koi-rosa","status":"publish","type":"product","link":"https:\/\/mo-mo.gr\/es\/\u03c0\u03c1\u03bf\u03ca\u03cc\u03bd\u03c4\u03b1\/japanese-apron-koi-fish-pink\/","title":{"rendered":"DELANTAL JAPON\u00c9S PEZ KOI ROSA"},"content":{"rendered":"","protected":false},"excerpt":{"rendered":"<p>DELANTAL JAPON\u00c9S KOI PEZ ROSA: El delantal japon\u00e9s hecho a mano con la imagen de un koi rosa es una pieza impresionante que resalta la belleza y la est\u00e9tica de la tradici\u00f3n japonesa. Elaborado con esmero y atenci\u00f3n al detalle, este delantal representa la est\u00e9tica y el amor por la naturaleza de Jap\u00f3n.<\/p>\n<p>El koi rosa, s\u00edmbolo de felicidad, emerge de las aguas con una sensaci\u00f3n de paz y tranquilidad. La imagen del koi en el delantal es un n\u00edtido recordatorio de la ligereza y la belleza que ofrece la naturaleza.<\/p>\n<p>El delantal no s\u00f3lo protege de l\u00edquidos y manchas, sino que tambi\u00e9n transmite la cultura y la tradici\u00f3n japonesas. Cada vez que te lo pones, sientes que est\u00e1s conectado con la belleza de Jap\u00f3n y la armon\u00eda de la naturaleza.<\/p>\n<p>En definitiva, el delantal japon\u00e9s rosa koi es un accesorio sofisticado y \u00fanico que ofrece no s\u00f3lo practicidad, sino tambi\u00e9n una dosis de belleza y cultura a cada look.<\/p>","protected":false},"featured_media":12131,"comment_status":"open","ping_status":"open","template":"","meta":{"_gspb_post_css":""},"product_brand":[],"product_cat":[78],"product_tag":[],"class_list":{"0":"post-10489","1":"product","2":"type-product","3":"status-publish","4":"has-post-thumbnail","6":"product_cat-78","8":"first","9":"instock","10":"taxable","11":"shipping-taxable","12":"purchasable","13":"product-type-simple"},"_links":{"self":[{"href":"https:\/\/mo-mo.gr\/es\/wp-json\/wp\/v2\/product\/10489","targetHints":{"allow":["GET"]}}],"collection":[{"href":"https:\/\/mo-mo.gr\/es\/wp-json\/wp\/v2\/product"}],"about":[{"href":"https:\/\/mo-mo.gr\/es\/wp-json\/wp\/v2\/types\/product"}],"replies":[{"embeddable":true,"href":"https:\/\/mo-mo.gr\/es\/wp-json\/wp\/v2\/comments?post=10489"}],"wp:featuredmedia":[{"embeddable":true,"href":"https:\/\/mo-mo.gr\/es\/wp-json\/wp\/v2\/media\/12131"}],"wp:attachment":[{"href":"https:\/\/mo-mo.gr\/es\/wp-json\/wp\/v2\/media?parent=10489"}],"wp:term":[{"taxonomy":"product_brand","embeddable":true,"href":"https:\/\/mo-mo.gr\/es\/wp-json\/wp\/v2\/product_brand?post=10489"},{"taxonomy":"product_cat","embeddable":true,"href":"https:\/\/mo-mo.gr\/es\/wp-json\/wp\/v2\/product_cat?post=10489"},{"taxonomy":"product_tag","embeddable":true,"href":"https:\/\/mo-mo.gr\/es\/wp-json\/wp\/v2\/product_tag?post=10489"}],"curies":[{"name":"wp","href":"https:\/\/api.w.org\/{rel}","templated":true}]}}