{"id":10484,"date":"2024-03-16T10:26:14","date_gmt":"2024-03-16T10:26:14","guid":{"rendered":"https:\/\/mo-mo.gr\/product\/japanese-apron-koi-fish-green\/"},"modified":"2024-12-12T14:45:40","modified_gmt":"2024-12-12T14:45:40","slug":"delantal-japones-pez-koi-verde","status":"publish","type":"product","link":"https:\/\/mo-mo.gr\/es\/\u03c0\u03c1\u03bf\u03ca\u03cc\u03bd\u03c4\u03b1\/japanese-apron-koi-fish-green\/","title":{"rendered":"DELANTAL JAPON\u00c9S PEZ KOI VERDE"},"content":{"rendered":"","protected":false},"excerpt":{"rendered":"<p>DELANTAL JAPON\u00c9S KOI PEZ VERDE: El delantal japon\u00e9s hecho a mano que representa un koi verde es un accesorio elegante y funcional que muestra la belleza y la est\u00e9tica de la tradici\u00f3n japonesa. Cada delantal est\u00e1 hecho a mano y decorado con un koi verde lineal.<\/p>\n<p>El roble verde representa la resistencia, el resurgimiento y la perseverancia en la cultura japonesa, ya que es un pez que simboliza el \u00e9xito y la prosperidad. La vibrante presencia del roble confiere un aire de frescura y vitalidad al delantal, mientras que el tono verde resalta la energ\u00eda y la paz de la naturaleza.<\/p>\n<p>El uso de este delantal es vers\u00e1til y pr\u00e1ctico, ya que ofrece protecci\u00f3n contra la lluvia y la suciedad durante las actividades diarias. Es ideal para utilizarlo en la cocina, el jard\u00edn, el taller o cualquier otro entorno en el que la protecci\u00f3n sea esencial y la est\u00e9tica sea importante.<\/p>","protected":false},"featured_media":12127,"comment_status":"open","ping_status":"open","template":"","meta":{"_gspb_post_css":""},"product_brand":[],"product_cat":[78],"product_tag":[],"class_list":{"0":"post-10484","1":"product","2":"type-product","3":"status-publish","4":"has-post-thumbnail","6":"product_cat-78","8":"first","9":"instock","10":"taxable","11":"shipping-taxable","12":"purchasable","13":"product-type-simple"},"_links":{"self":[{"href":"https:\/\/mo-mo.gr\/es\/wp-json\/wp\/v2\/product\/10484","targetHints":{"allow":["GET"]}}],"collection":[{"href":"https:\/\/mo-mo.gr\/es\/wp-json\/wp\/v2\/product"}],"about":[{"href":"https:\/\/mo-mo.gr\/es\/wp-json\/wp\/v2\/types\/product"}],"replies":[{"embeddable":true,"href":"https:\/\/mo-mo.gr\/es\/wp-json\/wp\/v2\/comments?post=10484"}],"wp:featuredmedia":[{"embeddable":true,"href":"https:\/\/mo-mo.gr\/es\/wp-json\/wp\/v2\/media\/12127"}],"wp:attachment":[{"href":"https:\/\/mo-mo.gr\/es\/wp-json\/wp\/v2\/media?parent=10484"}],"wp:term":[{"taxonomy":"product_brand","embeddable":true,"href":"https:\/\/mo-mo.gr\/es\/wp-json\/wp\/v2\/product_brand?post=10484"},{"taxonomy":"product_cat","embeddable":true,"href":"https:\/\/mo-mo.gr\/es\/wp-json\/wp\/v2\/product_cat?post=10484"},{"taxonomy":"product_tag","embeddable":true,"href":"https:\/\/mo-mo.gr\/es\/wp-json\/wp\/v2\/product_tag?post=10484"}],"curies":[{"name":"wp","href":"https:\/\/api.w.org\/{rel}","templated":true}]}}