{"id":10478,"date":"2024-03-16T10:25:01","date_gmt":"2024-03-16T10:25:01","guid":{"rendered":"https:\/\/mo-mo.gr\/product\/japanese-apron-koi-fish-in-red-round\/"},"modified":"2024-12-12T14:45:37","modified_gmt":"2024-12-12T14:45:37","slug":"delantal-japones-pez-koi-en-rojo-redondo-2","status":"publish","type":"product","link":"https:\/\/mo-mo.gr\/es\/\u03c0\u03c1\u03bf\u03ca\u03cc\u03bd\u03c4\u03b1\/japanese-apron-koi-fish-in-red-round\/","title":{"rendered":"DELANTAL JAPON\u00c9S PEZ KOI EN ROJO REDONDO"},"content":{"rendered":"","protected":false},"excerpt":{"rendered":"<p>DELANTAL JAPON\u00c9S PEZ KOI EN C\u00cdRCULO ROJO: El delantal japon\u00e9s hecho a mano con la imagen de dos peces koi en un c\u00edrculo rojo es una pieza \u00fanica que resalta la belleza y la tradici\u00f3n del arte japon\u00e9s. Confeccionado con esmero y cuidado a partir de tejido de alta calidad, este delantal presenta un c\u00edrculo rojo que constituye la base de las im\u00e1genes de los dos koi.<\/p>\n<p>Los dos koi son una imagen simb\u00f3lica de la tradici\u00f3n japonesa, que representa la armon\u00eda y la unidad. Sus detalladas l\u00edneas y vivos colores dan un aire de vitalidad y movimiento al delantal.<\/p>\n<p>Este delantal no es s\u00f3lo un accesorio muy funcional para la cocina o el taller, sino tambi\u00e9n un art\u00edculo elegante que puede utilizarse para a\u00f1adir un toque de tradici\u00f3n y est\u00e9tica a cualquier espacio. Con su excepcional calidad y aspecto \u00fanico, este delantal japon\u00e9s hecho a mano es parte integrante de la tradici\u00f3n y el arte japoneses.<\/p>","protected":false},"featured_media":12122,"comment_status":"open","ping_status":"open","template":"","meta":{"_gspb_post_css":""},"product_brand":[],"product_cat":[78],"product_tag":[],"class_list":{"0":"post-10478","1":"product","2":"type-product","3":"status-publish","4":"has-post-thumbnail","6":"product_cat-78","8":"first","9":"instock","10":"taxable","11":"shipping-taxable","12":"purchasable","13":"product-type-simple"},"_links":{"self":[{"href":"https:\/\/mo-mo.gr\/es\/wp-json\/wp\/v2\/product\/10478","targetHints":{"allow":["GET"]}}],"collection":[{"href":"https:\/\/mo-mo.gr\/es\/wp-json\/wp\/v2\/product"}],"about":[{"href":"https:\/\/mo-mo.gr\/es\/wp-json\/wp\/v2\/types\/product"}],"replies":[{"embeddable":true,"href":"https:\/\/mo-mo.gr\/es\/wp-json\/wp\/v2\/comments?post=10478"}],"wp:featuredmedia":[{"embeddable":true,"href":"https:\/\/mo-mo.gr\/es\/wp-json\/wp\/v2\/media\/12122"}],"wp:attachment":[{"href":"https:\/\/mo-mo.gr\/es\/wp-json\/wp\/v2\/media?parent=10478"}],"wp:term":[{"taxonomy":"product_brand","embeddable":true,"href":"https:\/\/mo-mo.gr\/es\/wp-json\/wp\/v2\/product_brand?post=10478"},{"taxonomy":"product_cat","embeddable":true,"href":"https:\/\/mo-mo.gr\/es\/wp-json\/wp\/v2\/product_cat?post=10478"},{"taxonomy":"product_tag","embeddable":true,"href":"https:\/\/mo-mo.gr\/es\/wp-json\/wp\/v2\/product_tag?post=10478"}],"curies":[{"name":"wp","href":"https:\/\/api.w.org\/{rel}","templated":true}]}}