{"id":10465,"date":"2024-03-15T11:33:39","date_gmt":"2024-03-15T11:33:39","guid":{"rendered":"https:\/\/mo-mo.gr\/product\/hairpin-%ce%b1%cf%80%cf%8c-%ce%be%cf%8d%ce%bb%ce%bf-%ce%bc%ce%b5-%ce%ba%cf%8c%ce%ba%ce%ba%ce%b9%ce%bd%ce%b1-%ce%bb%ce%bf%cf%85%ce%bb%ce%bf%cf%8d%ce%b4%ce%b9%ce%b1\/"},"modified":"2025-02-08T16:22:39","modified_gmt":"2025-02-08T14:22:39","slug":"hairpin-%ce%b1%cf%80%cf%8c-%ce%be%cf%8d%ce%bb%ce%bf-%ce%bc%ce%b5-%ce%ba%cf%8c%ce%ba%ce%ba%ce%b9%ce%bd%ce%b1-%ce%bb%ce%bf%cf%85%ce%bb%ce%bf%cf%8d%ce%b4%ce%b9%ce%b1","status":"publish","type":"product","link":"https:\/\/mo-mo.gr\/es\/\u03c0\u03c1\u03bf\u03ca\u03cc\u03bd\u03c4\u03b1\/hairpin-%ce%b1%cf%80%cf%8c-%ce%be%cf%8d%ce%bb%ce%bf-%ce%bc%ce%b5-%ce%ba%cf%8c%ce%ba%ce%ba%ce%b9%ce%bd%ce%b1-%ce%bb%ce%bf%cf%85%ce%bb%ce%bf%cf%8d%ce%b4%ce%b9%ce%b1\/","title":{"rendered":"Horquilla de madera con flores rojas"},"content":{"rendered":"","protected":false},"excerpt":{"rendered":"<p>Una especial **horquilla** (horquilla o pasador de pelo) japonesa de madera en la que prima el detalle, decorada con elegantes flores rojas que aportan una sensaci\u00f3n de elegancia y sofisticaci\u00f3n. La madera natural de la base ha sido cuidadosamente tratada, con suaves curvas y un acabado brillante para preservar su textura tradicional. Las flores de color rojo brillante, que simbolizan la belleza y la gracia, est\u00e1n cuidadosamente colocadas en la parte superior, mientras que detalles de hojas en tonos dorados asoman entre ellas. Esta horquilla puede llevarse tanto en looks cotidianos como en ocasiones m\u00e1s formales, a\u00f1adiendo un aire de tradici\u00f3n y encanto a su estilo.<\/p>","protected":false},"featured_media":12112,"comment_status":"open","ping_status":"open","template":"","meta":{"_gspb_post_css":""},"product_brand":[],"product_cat":[68],"product_tag":[],"class_list":{"0":"post-10465","1":"product","2":"type-product","3":"status-publish","4":"has-post-thumbnail","6":"product_cat-68","8":"first","9":"outofstock","10":"taxable","11":"shipping-taxable","12":"purchasable","13":"product-type-simple"},"_links":{"self":[{"href":"https:\/\/mo-mo.gr\/es\/wp-json\/wp\/v2\/product\/10465","targetHints":{"allow":["GET"]}}],"collection":[{"href":"https:\/\/mo-mo.gr\/es\/wp-json\/wp\/v2\/product"}],"about":[{"href":"https:\/\/mo-mo.gr\/es\/wp-json\/wp\/v2\/types\/product"}],"replies":[{"embeddable":true,"href":"https:\/\/mo-mo.gr\/es\/wp-json\/wp\/v2\/comments?post=10465"}],"wp:featuredmedia":[{"embeddable":true,"href":"https:\/\/mo-mo.gr\/es\/wp-json\/wp\/v2\/media\/12112"}],"wp:attachment":[{"href":"https:\/\/mo-mo.gr\/es\/wp-json\/wp\/v2\/media?parent=10465"}],"wp:term":[{"taxonomy":"product_brand","embeddable":true,"href":"https:\/\/mo-mo.gr\/es\/wp-json\/wp\/v2\/product_brand?post=10465"},{"taxonomy":"product_cat","embeddable":true,"href":"https:\/\/mo-mo.gr\/es\/wp-json\/wp\/v2\/product_cat?post=10465"},{"taxonomy":"product_tag","embeddable":true,"href":"https:\/\/mo-mo.gr\/es\/wp-json\/wp\/v2\/product_tag?post=10465"}],"curies":[{"name":"wp","href":"https:\/\/api.w.org\/{rel}","templated":true}]}}