{"id":10457,"date":"2024-03-12T13:11:20","date_gmt":"2024-03-12T13:11:20","guid":{"rendered":"https:\/\/mo-mo.gr\/product\/big-cosmetics-pouch-with-gingo-canva\/"},"modified":"2025-12-09T15:40:45","modified_gmt":"2025-12-09T13:40:45","slug":"neceser-grande-con-gingo-canva","status":"publish","type":"product","link":"https:\/\/mo-mo.gr\/es\/\u03c0\u03c1\u03bf\u03ca\u03cc\u03bd\u03c4\u03b1\/big-cosmetics-pouch-with-gingo-canva\/","title":{"rendered":"NECESER GRANDE CON GINGO CANVA"},"content":{"rendered":"","protected":false},"excerpt":{"rendered":"<p>La BOLSA PARA COSM\u00c9TICOS BIG es una excelente opci\u00f3n para guardar sus cosm\u00e9ticos con estilo y funcionalidad. Fabricado en lona japonesa de alta calidad, este estuche lleva bordadas representaciones de Gingo, lo que le confiere una est\u00e9tica \u00fanica que refleja la espiritualidad y la elegancia del arte japon\u00e9s. Mide 24\u00d716 cm y ofrece espacio suficiente para guardar todos sus art\u00edculos de belleza. Este pr\u00e1ctico accesorio es ideal para el d\u00eda a d\u00eda o para viajar, ya que te ofrece estilo y funcionalidad a cada paso.<\/p>","protected":false},"featured_media":12106,"comment_status":"open","ping_status":"closed","template":"","meta":{"_gspb_post_css":""},"product_brand":[],"product_cat":[68],"product_tag":[],"class_list":{"0":"post-10457","1":"product","2":"type-product","3":"status-publish","4":"has-post-thumbnail","6":"product_cat-68","8":"first","9":"outofstock","10":"taxable","11":"shipping-taxable","12":"purchasable","13":"product-type-simple"},"_links":{"self":[{"href":"https:\/\/mo-mo.gr\/es\/wp-json\/wp\/v2\/product\/10457","targetHints":{"allow":["GET"]}}],"collection":[{"href":"https:\/\/mo-mo.gr\/es\/wp-json\/wp\/v2\/product"}],"about":[{"href":"https:\/\/mo-mo.gr\/es\/wp-json\/wp\/v2\/types\/product"}],"replies":[{"embeddable":true,"href":"https:\/\/mo-mo.gr\/es\/wp-json\/wp\/v2\/comments?post=10457"}],"wp:featuredmedia":[{"embeddable":true,"href":"https:\/\/mo-mo.gr\/es\/wp-json\/wp\/v2\/media\/12106"}],"wp:attachment":[{"href":"https:\/\/mo-mo.gr\/es\/wp-json\/wp\/v2\/media?parent=10457"}],"wp:term":[{"taxonomy":"product_brand","embeddable":true,"href":"https:\/\/mo-mo.gr\/es\/wp-json\/wp\/v2\/product_brand?post=10457"},{"taxonomy":"product_cat","embeddable":true,"href":"https:\/\/mo-mo.gr\/es\/wp-json\/wp\/v2\/product_cat?post=10457"},{"taxonomy":"product_tag","embeddable":true,"href":"https:\/\/mo-mo.gr\/es\/wp-json\/wp\/v2\/product_tag?post=10457"}],"curies":[{"name":"wp","href":"https:\/\/api.w.org\/{rel}","templated":true}]}}