{"id":10427,"date":"2024-03-09T15:19:07","date_gmt":"2024-03-09T15:19:07","guid":{"rendered":"https:\/\/mo-mo.gr\/product\/shirokuro-yukata-japanese-kimono\/"},"modified":"2025-01-08T13:07:23","modified_gmt":"2025-01-08T11:07:23","slug":"shirokuro-yukata-kimono-japones","status":"publish","type":"product","link":"https:\/\/mo-mo.gr\/es\/\u03c0\u03c1\u03bf\u03ca\u03cc\u03bd\u03c4\u03b1\/shirokuro-yukata-japanese-kimono\/","title":{"rendered":"SHIROKURO YUKATA KIMONO JAPON\u00c9S"},"content":{"rendered":"","protected":false},"excerpt":{"rendered":"<p>Kimono YUKATA de algod\u00f3n con una ligera mezcla de viscosa, agradable de llevar de primavera a oto\u00f1o.<\/p>\n<p>Est\u00e1 hecho a mano y es f\u00e1cil de lavar y planchar.<\/p>","protected":false},"featured_media":12084,"comment_status":"open","ping_status":"closed","template":"","meta":{"_gspb_post_css":""},"product_brand":[],"product_cat":[115,66],"product_tag":[56],"class_list":{"0":"post-10427","1":"product","2":"type-product","3":"status-publish","4":"has-post-thumbnail","6":"product_cat-yukata","7":"product_cat-66","8":"product_tag-womans-kimonos","9":"pa_-large-xlarge","10":"pa_-small-medium","12":"first","13":"outofstock","14":"taxable","15":"shipping-taxable","16":"purchasable","17":"product-type-variable"},"_links":{"self":[{"href":"https:\/\/mo-mo.gr\/es\/wp-json\/wp\/v2\/product\/10427","targetHints":{"allow":["GET"]}}],"collection":[{"href":"https:\/\/mo-mo.gr\/es\/wp-json\/wp\/v2\/product"}],"about":[{"href":"https:\/\/mo-mo.gr\/es\/wp-json\/wp\/v2\/types\/product"}],"replies":[{"embeddable":true,"href":"https:\/\/mo-mo.gr\/es\/wp-json\/wp\/v2\/comments?post=10427"}],"wp:featuredmedia":[{"embeddable":true,"href":"https:\/\/mo-mo.gr\/es\/wp-json\/wp\/v2\/media\/12084"}],"wp:attachment":[{"href":"https:\/\/mo-mo.gr\/es\/wp-json\/wp\/v2\/media?parent=10427"}],"wp:term":[{"taxonomy":"product_brand","embeddable":true,"href":"https:\/\/mo-mo.gr\/es\/wp-json\/wp\/v2\/product_brand?post=10427"},{"taxonomy":"product_cat","embeddable":true,"href":"https:\/\/mo-mo.gr\/es\/wp-json\/wp\/v2\/product_cat?post=10427"},{"taxonomy":"product_tag","embeddable":true,"href":"https:\/\/mo-mo.gr\/es\/wp-json\/wp\/v2\/product_tag?post=10427"}],"curies":[{"name":"wp","href":"https:\/\/api.w.org\/{rel}","templated":true}]}}