{"id":10395,"date":"2024-03-07T21:43:30","date_gmt":"2024-03-07T21:43:30","guid":{"rendered":"https:\/\/mo-mo.gr\/product\/%cf%83%ce%ba%ce%bf%cf%85%ce%bb%ce%b1%cf%81%ce%af%ce%ba%ce%b9%ce%b1-%ce%b3%ce%b5%cf%81%ce%b1%ce%bd%cf%8c%cf%82-%ce%b2%ce%b5%ce%bd%cf%84%ce%ac%ce%bb%ce%b9%ce%b1\/"},"modified":"2025-01-17T11:46:55","modified_gmt":"2025-01-17T09:46:55","slug":"%cf%83%ce%ba%ce%bf%cf%85%ce%bb%ce%b1%cf%81%ce%af%ce%ba%ce%b9%ce%b1-%ce%b3%ce%b5%cf%81%ce%b1%ce%bd%cf%8c%cf%82-%ce%b2%ce%b5%ce%bd%cf%84%ce%ac%ce%bb%ce%b9%ce%b1","status":"publish","type":"product","link":"https:\/\/mo-mo.gr\/es\/\u03c0\u03c1\u03bf\u03ca\u03cc\u03bd\u03c4\u03b1\/%cf%83%ce%ba%ce%bf%cf%85%ce%bb%ce%b1%cf%81%ce%af%ce%ba%ce%b9%ce%b1-%ce%b3%ce%b5%cf%81%ce%b1%ce%bd%cf%8c%cf%82-%ce%b2%ce%b5%ce%bd%cf%84%ce%ac%ce%bb%ce%b9%ce%b1\/","title":{"rendered":"Pendientes abanico gr\u00faa"},"content":{"rendered":"","protected":false},"excerpt":{"rendered":"<p>Estos pendientes japoneses son una elecci\u00f3n \u00fanica para quienes buscan accesorios elegantes y \u00fanicos. Uno de los pendientes tiene forma de grulla, s\u00edmbolo de paz y buena suerte en la cultura japonesa, conocida por su belleza y gracia. El otro pendiente es un detallado abanico japon\u00e9s, un objeto asociado a la tradici\u00f3n, la feminidad y la expresi\u00f3n art\u00edstica.<\/p>\n<p>Los pendientes est\u00e1n fabricados con materiales de alta calidad y presentan cuidados detalles, que reflejan el equilibrio entre tradici\u00f3n y estilo moderno. Perfectos para a\u00f1adir un toque distintivo a cualquier look, son un homenaje a la cultura japonesa y a su est\u00e9tica.<\/p>","protected":false},"featured_media":12062,"comment_status":"open","ping_status":"open","template":"","meta":{"_gspb_post_css":""},"product_brand":[],"product_cat":[72],"product_tag":[],"class_list":{"0":"post-10395","1":"product","2":"type-product","3":"status-publish","4":"has-post-thumbnail","6":"product_cat-72","8":"first","9":"outofstock","10":"taxable","11":"shipping-taxable","12":"purchasable","13":"product-type-simple"},"_links":{"self":[{"href":"https:\/\/mo-mo.gr\/es\/wp-json\/wp\/v2\/product\/10395","targetHints":{"allow":["GET"]}}],"collection":[{"href":"https:\/\/mo-mo.gr\/es\/wp-json\/wp\/v2\/product"}],"about":[{"href":"https:\/\/mo-mo.gr\/es\/wp-json\/wp\/v2\/types\/product"}],"replies":[{"embeddable":true,"href":"https:\/\/mo-mo.gr\/es\/wp-json\/wp\/v2\/comments?post=10395"}],"wp:featuredmedia":[{"embeddable":true,"href":"https:\/\/mo-mo.gr\/es\/wp-json\/wp\/v2\/media\/12062"}],"wp:attachment":[{"href":"https:\/\/mo-mo.gr\/es\/wp-json\/wp\/v2\/media?parent=10395"}],"wp:term":[{"taxonomy":"product_brand","embeddable":true,"href":"https:\/\/mo-mo.gr\/es\/wp-json\/wp\/v2\/product_brand?post=10395"},{"taxonomy":"product_cat","embeddable":true,"href":"https:\/\/mo-mo.gr\/es\/wp-json\/wp\/v2\/product_cat?post=10395"},{"taxonomy":"product_tag","embeddable":true,"href":"https:\/\/mo-mo.gr\/es\/wp-json\/wp\/v2\/product_tag?post=10395"}],"curies":[{"name":"wp","href":"https:\/\/api.w.org\/{rel}","templated":true}]}}