{"id":10368,"date":"2024-03-04T18:55:12","date_gmt":"2024-03-04T18:55:12","guid":{"rendered":"https:\/\/mo-mo.gr\/product\/tsuru-to-kin-no-nami-%e9%b6%b4%e3%81%a8%e9%87%91%e3%81%ae%e6%b3%a2\/"},"modified":"2024-12-12T14:44:29","modified_gmt":"2024-12-12T14:44:29","slug":"tsuru-to-kin-no-nami-%e9%b6%b4%e3%81%a8%e9%87%91%e3%81%ae%e6%b3%a2","status":"publish","type":"product","link":"https:\/\/mo-mo.gr\/es\/\u03c0\u03c1\u03bf\u03ca\u03cc\u03bd\u03c4\u03b1\/tsuru-to-kin-no-nami-%e9%b6%b4%e3%81%a8%e9%87%91%e3%81%ae%e6%b3%a2\/","title":{"rendered":"Tsuru To Kin No Nami \u9db4\u3068\u91d1\u306e\u6ce2"},"content":{"rendered":"","protected":false},"excerpt":{"rendered":"<p>Adopte la est\u00e9tica del elegante estilo japon\u00e9s con este exquisito bolso hecho a mano. Confeccionado con tejido de calidad directamente desde Jap\u00f3n, este bolso \u00fanico combina la coloraci\u00f3n azul de fondo con grullas blancas y ondas doradas, creando un dise\u00f1o \u00fanico y elegante. Con unas medidas de 26 x 22 cm, este bolso es ideal para el uso diario, ya que ofrece tanto estilo como funcionalidad. Este bolso es \u00fanico y s\u00f3lo hay un ejemplar disponible, lo que da una sensaci\u00f3n de exclusividad a su propietario.<\/p>","protected":false},"featured_media":12039,"comment_status":"open","ping_status":"open","template":"","meta":{"_gspb_post_css":""},"product_brand":[],"product_cat":[67,65],"product_tag":[],"class_list":{"0":"post-10368","1":"product","2":"type-product","3":"status-publish","4":"has-post-thumbnail","6":"product_cat-special-prices","7":"product_cat-65","8":"pa_-79","10":"first","11":"instock","12":"sale","13":"taxable","14":"shipping-taxable","15":"purchasable","16":"product-type-simple"},"_links":{"self":[{"href":"https:\/\/mo-mo.gr\/es\/wp-json\/wp\/v2\/product\/10368","targetHints":{"allow":["GET"]}}],"collection":[{"href":"https:\/\/mo-mo.gr\/es\/wp-json\/wp\/v2\/product"}],"about":[{"href":"https:\/\/mo-mo.gr\/es\/wp-json\/wp\/v2\/types\/product"}],"replies":[{"embeddable":true,"href":"https:\/\/mo-mo.gr\/es\/wp-json\/wp\/v2\/comments?post=10368"}],"wp:featuredmedia":[{"embeddable":true,"href":"https:\/\/mo-mo.gr\/es\/wp-json\/wp\/v2\/media\/12039"}],"wp:attachment":[{"href":"https:\/\/mo-mo.gr\/es\/wp-json\/wp\/v2\/media?parent=10368"}],"wp:term":[{"taxonomy":"product_brand","embeddable":true,"href":"https:\/\/mo-mo.gr\/es\/wp-json\/wp\/v2\/product_brand?post=10368"},{"taxonomy":"product_cat","embeddable":true,"href":"https:\/\/mo-mo.gr\/es\/wp-json\/wp\/v2\/product_cat?post=10368"},{"taxonomy":"product_tag","embeddable":true,"href":"https:\/\/mo-mo.gr\/es\/wp-json\/wp\/v2\/product_tag?post=10368"}],"curies":[{"name":"wp","href":"https:\/\/api.w.org\/{rel}","templated":true}]}}