{"id":10217,"date":"2024-02-15T14:06:20","date_gmt":"2024-02-15T14:06:20","guid":{"rendered":"https:\/\/mo-mo.gr\/product\/kokuryu-no-kaban-%e9%bb%92%e9%be%8d%e3%81%ae%e3%81%8b%e3%81%b0%e3%82%93\/"},"modified":"2024-12-12T14:42:56","modified_gmt":"2024-12-12T14:42:56","slug":"kokuryu-no-kaban-%e9%bb%92%e9%be%8d%e3%81%ae%e3%81%8b%e3%81%b0%e3%82%93","status":"publish","type":"product","link":"https:\/\/mo-mo.gr\/es\/\u03c0\u03c1\u03bf\u03ca\u03cc\u03bd\u03c4\u03b1\/kokuryu-no-kaban-%e9%bb%92%e9%be%8d%e3%81%ae%e3%81%8b%e3%81%b0%e3%82%93\/","title":{"rendered":"KOKURYU NO KABAN \u9ed2\u9f8d\u306e\u304b\u3070\u3093"},"content":{"rendered":"<p>Presentamos \"KOKURYU NO KABAN \u9ed2\u9f8d\u306e\u304b\u3070\u3093\", una obra maestra del arte japon\u00e9s que incorpora elegancia y tradici\u00f3n. Este bolso japon\u00e9s artesanal est\u00e1 confeccionado con los mejores tejidos japoneses.<\/p>\n<p>Inspirado en el m\u00edtico drag\u00f3n (\"kokuryu\"), este bolso exhibe fuerza y elegancia. Cada puntada est\u00e1 cuidadosamente colocada, mostrando la artesan\u00eda y la dedicaci\u00f3n al arte japon\u00e9s. Desde los detalles hasta el lujoso tacto del tejido, cada aspecto de este bolso refleja la rica herencia de la artesan\u00eda japonesa.<\/p>\n<p>\"KOKURYU NO KABAN\" combina a la perfecci\u00f3n el dise\u00f1o moderno con la elegancia vintage. Tanto si paseas por las calles de Tokio como si asistes a un evento especial, este bolso japon\u00e9s acaparar\u00e1 todas las miradas y elevar\u00e1 tu estilo.<\/p>\n<p>Experimenta el encanto de la cultura japonesa con \"KOKURYU NO KABAN \u9ed2\u9f8d\u306e\u304b\u3070\u3093\", donde la tradici\u00f3n se une a la innovaci\u00f3n y la belleza a la funcionalidad.<\/p>","protected":false},"excerpt":{"rendered":"<p>Descubra la magia de la tradici\u00f3n japonesa con \"KOKURYU NO KABAN \u9ed2\u9f8d\u306e\u304b\u3070\u3093\", un bolso hecho a mano que recoge la aut\u00e9ntica belleza de los tejidos japoneses. Cada detalle del bolso rezuma la est\u00e9tica de Jap\u00f3n, mientras que la calidad y la cuidada construcci\u00f3n garantizan la durabilidad y resistencia del bolso a lo largo del tiempo.<\/p>\n<p>Dimensiones 24*24 con cierre y bolsillo interior con cremallera<\/p>","protected":false},"featured_media":11925,"comment_status":"open","ping_status":"open","template":"","meta":{"_gspb_post_css":""},"product_brand":[],"product_cat":[65],"product_tag":[],"class_list":{"0":"post-10217","1":"product","2":"type-product","3":"status-publish","4":"has-post-thumbnail","6":"product_cat-65","8":"first","9":"onbackorder","10":"featured","11":"taxable","12":"shipping-taxable","13":"purchasable","14":"product-type-simple"},"_links":{"self":[{"href":"https:\/\/mo-mo.gr\/es\/wp-json\/wp\/v2\/product\/10217","targetHints":{"allow":["GET"]}}],"collection":[{"href":"https:\/\/mo-mo.gr\/es\/wp-json\/wp\/v2\/product"}],"about":[{"href":"https:\/\/mo-mo.gr\/es\/wp-json\/wp\/v2\/types\/product"}],"replies":[{"embeddable":true,"href":"https:\/\/mo-mo.gr\/es\/wp-json\/wp\/v2\/comments?post=10217"}],"wp:featuredmedia":[{"embeddable":true,"href":"https:\/\/mo-mo.gr\/es\/wp-json\/wp\/v2\/media\/11925"}],"wp:attachment":[{"href":"https:\/\/mo-mo.gr\/es\/wp-json\/wp\/v2\/media?parent=10217"}],"wp:term":[{"taxonomy":"product_brand","embeddable":true,"href":"https:\/\/mo-mo.gr\/es\/wp-json\/wp\/v2\/product_brand?post=10217"},{"taxonomy":"product_cat","embeddable":true,"href":"https:\/\/mo-mo.gr\/es\/wp-json\/wp\/v2\/product_cat?post=10217"},{"taxonomy":"product_tag","embeddable":true,"href":"https:\/\/mo-mo.gr\/es\/wp-json\/wp\/v2\/product_tag?post=10217"}],"curies":[{"name":"wp","href":"https:\/\/api.w.org\/{rel}","templated":true}]}}