{"id":10211,"date":"2024-02-15T12:03:49","date_gmt":"2024-02-15T12:03:49","guid":{"rendered":"https:\/\/mo-mo.gr\/product\/tsuru-kinchaku-%e3%81%a4%e3%82%8b%e5%b7%be%e7%9d%80\/"},"modified":"2024-12-12T14:42:51","modified_gmt":"2024-12-12T14:42:51","slug":"tsuru-kinchaku-%e3%81%a4%e3%82%8b%e5%b7%be%e7%9d%80","status":"publish","type":"product","link":"https:\/\/mo-mo.gr\/es\/\u03c0\u03c1\u03bf\u03ca\u03cc\u03bd\u03c4\u03b1\/tsuru-kinchaku-%e3%81%a4%e3%82%8b%e5%b7%be%e7%9d%80\/","title":{"rendered":"TSURU KINCHAKU \u3064\u308b\u5dfe\u7740"},"content":{"rendered":"<p>Presume de la belleza y la elegancia de Jap\u00f3n con TSURU KINCHAKU \u3064\u308b\u5dfe\u7740. Este bolso sobre japon\u00e9s est\u00e1 inspirado en los tejidos tradicionales japoneses y decorado con la imagen de una grulla, el simbolismo de la felicidad y la longevidad en la cultura japonesa.<\/p>\n<p>Confeccionado con tejidos de alta calidad, TSURU KINCHAKU ofrece no s\u00f3lo funcionalidad, sino tambi\u00e9n estilo en cada look. Con su dise\u00f1o \u00fanico y su cuidada confecci\u00f3n, este bolso sobre es el accesorio perfecto para quienes buscan un elemento elegante y discreto para su estilo.<\/p>\n<p>Incorporando la riqueza de la cultura japonesa en cada detalle, TSURU KINCHAKU muestra la est\u00e9tica y la herencia de Jap\u00f3n con cada uso. Ya sea para el d\u00eda a d\u00eda o para ocasiones especiales, este bolso sobre te acompa\u00f1ar\u00e1 con estilo y elegancia en todo momento.<\/p>","protected":false},"excerpt":{"rendered":"<p>D\u00e9 la bienvenida a la cultura y la elegancia de Jap\u00f3n con TSURU KINCHAKU \u3064\u308b\u5dfe\u7740. Este bolso sobre japon\u00e9s est\u00e1 confeccionado con aut\u00e9nticas telas japonesas y decorado con la imagen de una grulla, s\u00edmbolo de felicidad y longevidad en la tradici\u00f3n nipona. TSURU KINCHAKU \u3064\u308b\u5dfe\u7740 combina la antig\u00fcedad con la elegancia moderna, ofreciendo una opci\u00f3n sofisticada para cualquier ocasi\u00f3n.<\/p>\n<p>sobre de sandalia con 30*21 cm, cremallera, asa y bolsillo interior.<\/p>","protected":false},"featured_media":11920,"comment_status":"open","ping_status":"open","template":"","meta":{"_gspb_post_css":""},"product_brand":[],"product_cat":[65],"product_tag":[],"class_list":{"0":"post-10211","1":"product","2":"type-product","3":"status-publish","4":"has-post-thumbnail","6":"product_cat-65","8":"first","9":"onbackorder","10":"taxable","11":"shipping-taxable","12":"purchasable","13":"product-type-simple"},"_links":{"self":[{"href":"https:\/\/mo-mo.gr\/es\/wp-json\/wp\/v2\/product\/10211","targetHints":{"allow":["GET"]}}],"collection":[{"href":"https:\/\/mo-mo.gr\/es\/wp-json\/wp\/v2\/product"}],"about":[{"href":"https:\/\/mo-mo.gr\/es\/wp-json\/wp\/v2\/types\/product"}],"replies":[{"embeddable":true,"href":"https:\/\/mo-mo.gr\/es\/wp-json\/wp\/v2\/comments?post=10211"}],"wp:featuredmedia":[{"embeddable":true,"href":"https:\/\/mo-mo.gr\/es\/wp-json\/wp\/v2\/media\/11920"}],"wp:attachment":[{"href":"https:\/\/mo-mo.gr\/es\/wp-json\/wp\/v2\/media?parent=10211"}],"wp:term":[{"taxonomy":"product_brand","embeddable":true,"href":"https:\/\/mo-mo.gr\/es\/wp-json\/wp\/v2\/product_brand?post=10211"},{"taxonomy":"product_cat","embeddable":true,"href":"https:\/\/mo-mo.gr\/es\/wp-json\/wp\/v2\/product_cat?post=10211"},{"taxonomy":"product_tag","embeddable":true,"href":"https:\/\/mo-mo.gr\/es\/wp-json\/wp\/v2\/product_tag?post=10211"}],"curies":[{"name":"wp","href":"https:\/\/api.w.org\/{rel}","templated":true}]}}